{"id":996,"date":"2019-01-13T19:04:29","date_gmt":"2019-01-13T18:04:29","guid":{"rendered":"https:\/\/www.aacmb.fr\/wordpress\/?page_id=996"},"modified":"2019-01-13T19:31:10","modified_gmt":"2019-01-13T18:31:10","slug":"le-caisson-v2","status":"publish","type":"page","link":"https:\/\/www.aacmb.fr\/wordpress\/le-caisson-v2\/","title":{"rendered":"Le caisson &#8211; V2"},"content":{"rendered":"<h4>Pourquoi modifier mon caisson?<\/h4>\n<p>Avec un seul extrudeur, j&rsquo;avais positionn\u00e9 un support de bobine sur la face arri\u00e8re, et j&rsquo;acc\u00e9dais relativement facilement par l&rsquo;int\u00e9rieur \u00e0 l&rsquo;extrudeur pour mettre en place le filament.<\/p>\n<p>Avec l&rsquo;arriv\u00e9e du pack bi-couleur et donc d&rsquo;un deuxi\u00e8me syst\u00e8me (extrudeur et tube) , les choses se complique ! Il devient difficile de positionner les deux bobines et difficile aussi d&rsquo;ins\u00e9rer les filaments.<\/p>\n<h4>La solution ?<\/h4>\n<p>Mon id\u00e9e de rendre la face arri\u00e8re de mon caisson mobile, sous la forme de 2 portes (une pour chaque extrudeur). Il deviendra donc plus facile de positionner la bobine, et d&rsquo;ins\u00e9rer le fil dans l&rsquo;extrudeur.<\/p>\n<p>Ceci va \u00eatre aussi pour moi l&rsquo;occasion de revenir sur FreeCAD afin d&rsquo;aborder l&rsquo;atelier <em>Assemblage <\/em>que je vais utiliser afin de v\u00e9rifier que tout est OK avant d&rsquo;apporter les modifications.<\/p>\n<p>L&rsquo;atelier Assemblage de FreeCad, c&rsquo;est par<a href=\"https:\/\/www.aacmb.fr\/wordpress\/freecad-assemblage\/\">\u00a0ici.<\/a><\/p>\n<p>Voici donc le r\u00e9sultat.<\/p>\n<p>Le caisson dans sa version initiale : la face arri\u00e8re est fixe. Le placement se fait par l&rsquo;avant du caisson, en passant la bobine \u00e0 travers les barres de l&rsquo;imprimante.<\/p>\n<p><img loading=\"lazy\" decoding=\"async\" class=\"alignnone size-full wp-image-952 aligncenter\" src=\"https:\/\/www.aacmb.fr\/wordpress\/wp-content\/uploads\/2018\/12\/caisson_old.jpg\" alt=\"\" width=\"500\" height=\"420\" srcset=\"https:\/\/www.aacmb.fr\/wordpress\/wp-content\/uploads\/2018\/12\/caisson_old.jpg 500w, https:\/\/www.aacmb.fr\/wordpress\/wp-content\/uploads\/2018\/12\/caisson_old-350x294.jpg 350w, https:\/\/www.aacmb.fr\/wordpress\/wp-content\/uploads\/2018\/12\/caisson_old-300x252.jpg 300w\" sizes=\"auto, (max-width: 500px) 100vw, 500px\" \/><\/p>\n<p>Et le caisson modifi\u00e9 :<\/p>\n<p><img loading=\"lazy\" decoding=\"async\" class=\"alignnone size-full wp-image-954 aligncenter\" src=\"https:\/\/www.aacmb.fr\/wordpress\/wp-content\/uploads\/2018\/12\/caisson_new.jpg\" alt=\"\" width=\"500\" height=\"487\" srcset=\"https:\/\/www.aacmb.fr\/wordpress\/wp-content\/uploads\/2018\/12\/caisson_new.jpg 500w, https:\/\/www.aacmb.fr\/wordpress\/wp-content\/uploads\/2018\/12\/caisson_new-350x341.jpg 350w, https:\/\/www.aacmb.fr\/wordpress\/wp-content\/uploads\/2018\/12\/caisson_new-300x292.jpg 300w\" sizes=\"auto, (max-width: 500px) 100vw, 500px\" \/><\/p>\n<p>En position ouvert, la mise en place des filaments devrait \u00eatre beaucoup plus simple.<\/p>\n<p><img loading=\"lazy\" decoding=\"async\" class=\"alignnone size-full wp-image-956 aligncenter\" src=\"https:\/\/www.aacmb.fr\/wordpress\/wp-content\/uploads\/2018\/12\/caisson_ouvert.jpg\" alt=\"\" width=\"500\" height=\"419\" srcset=\"https:\/\/www.aacmb.fr\/wordpress\/wp-content\/uploads\/2018\/12\/caisson_ouvert.jpg 500w, https:\/\/www.aacmb.fr\/wordpress\/wp-content\/uploads\/2018\/12\/caisson_ouvert-350x293.jpg 350w, https:\/\/www.aacmb.fr\/wordpress\/wp-content\/uploads\/2018\/12\/caisson_ouvert-300x251.jpg 300w\" sizes=\"auto, (max-width: 500px) 100vw, 500px\" \/><\/p>\n<p>&nbsp;<\/p>\n<p>C&rsquo;est parti ! Au programme aujourd&rsquo;hui :<\/p>\n<ul>\n<li>D\u00e9montage de la face arri\u00e8re et des supports de bobines,<\/li>\n<li>D\u00e9coupage de la plaque en 2 parties \u00e9gales,<\/li>\n<li>D\u00e9coupage des passages pour les charni\u00e8res,<\/li>\n<li>Taraudages pour les fixations,<\/li>\n<li>Fixation d&rsquo;un loquet de fermeture,<\/li>\n<li>Et remontage.<\/li>\n<\/ul>\n<p>Le r\u00e9sultat est parfaitement ce que j&rsquo;avais imagin\u00e9. La manipulation des bobines et des filaments est maintenant tr\u00e8s facile.<\/p>\n<p><img loading=\"lazy\" decoding=\"async\" class=\"alignnone size-full wp-image-1006\" src=\"https:\/\/www.aacmb.fr\/wordpress\/wp-content\/uploads\/2019\/01\/20190112_143844.jpg\" alt=\"\" width=\"250\" height=\"333\" srcset=\"https:\/\/www.aacmb.fr\/wordpress\/wp-content\/uploads\/2019\/01\/20190112_143844.jpg 250w, https:\/\/www.aacmb.fr\/wordpress\/wp-content\/uploads\/2019\/01\/20190112_143844-225x300.jpg 225w\" sizes=\"auto, (max-width: 250px) 100vw, 250px\" \/> <img loading=\"lazy\" decoding=\"async\" class=\"alignnone size-full wp-image-1007\" src=\"https:\/\/www.aacmb.fr\/wordpress\/wp-content\/uploads\/2019\/01\/20190112_143858.jpg\" alt=\"\" width=\"250\" height=\"333\" srcset=\"https:\/\/www.aacmb.fr\/wordpress\/wp-content\/uploads\/2019\/01\/20190112_143858.jpg 250w, https:\/\/www.aacmb.fr\/wordpress\/wp-content\/uploads\/2019\/01\/20190112_143858-225x300.jpg 225w\" sizes=\"auto, (max-width: 250px) 100vw, 250px\" \/><img loading=\"lazy\" decoding=\"async\" class=\"alignnone size-full wp-image-1008\" src=\"https:\/\/www.aacmb.fr\/wordpress\/wp-content\/uploads\/2019\/01\/20190112_143915.jpg\" alt=\"\" width=\"250\" height=\"333\" srcset=\"https:\/\/www.aacmb.fr\/wordpress\/wp-content\/uploads\/2019\/01\/20190112_143915.jpg 250w, https:\/\/www.aacmb.fr\/wordpress\/wp-content\/uploads\/2019\/01\/20190112_143915-225x300.jpg 225w\" sizes=\"auto, (max-width: 250px) 100vw, 250px\" \/> <img loading=\"lazy\" decoding=\"async\" class=\"alignnone size-full wp-image-1009\" src=\"https:\/\/www.aacmb.fr\/wordpress\/wp-content\/uploads\/2019\/01\/20190113_141544.jpg\" alt=\"\" width=\"250\" height=\"333\" srcset=\"https:\/\/www.aacmb.fr\/wordpress\/wp-content\/uploads\/2019\/01\/20190113_141544.jpg 250w, https:\/\/www.aacmb.fr\/wordpress\/wp-content\/uploads\/2019\/01\/20190113_141544-225x300.jpg 225w\" sizes=\"auto, (max-width: 250px) 100vw, 250px\" \/><\/p>\n<p><u>Remarque<\/u> : Contrairement \u00e0 la mod\u00e9lisation que j&rsquo;avais r\u00e9alis\u00e9e, j&rsquo;ai d\u00e9cal\u00e9 la position des 2 supports de bobines. Cela va me permettre de pouvoir \u00e9ventuellement utiliser des bobines plus grandes&#8230;<\/p>\n","protected":false},"excerpt":{"rendered":"<p>Pourquoi modifier mon caisson? Avec un seul extrudeur, j&rsquo;avais positionn\u00e9 un support de bobine sur la face arri\u00e8re, et j&rsquo;acc\u00e9dais relativement facilement par l&rsquo;int\u00e9rieur \u00e0 l&rsquo;extrudeur pour mettre en place le filament. Avec l&rsquo;arriv\u00e9e du pack bi-couleur et donc d&rsquo;un deuxi\u00e8me syst\u00e8me (extrudeur et tube) , les choses se complique ! Il devient difficile de &hellip; <\/p>\n<p class=\"link-more\"><a href=\"https:\/\/www.aacmb.fr\/wordpress\/le-caisson-v2\/\" class=\"more-link\">Continuer la lecture<span class=\"screen-reader-text\"> de &laquo;&nbsp;Le caisson &#8211; V2&nbsp;&raquo;<\/span><\/a><\/p>\n","protected":false},"author":1,"featured_media":0,"parent":0,"menu_order":0,"comment_status":"closed","ping_status":"closed","template":"","meta":{"footnotes":""},"categories":[],"tags":[],"class_list":["post-996","page","type-page","status-publish","hentry"],"_links":{"self":[{"href":"https:\/\/www.aacmb.fr\/wordpress\/wp-json\/wp\/v2\/pages\/996","targetHints":{"allow":["GET"]}}],"collection":[{"href":"https:\/\/www.aacmb.fr\/wordpress\/wp-json\/wp\/v2\/pages"}],"about":[{"href":"https:\/\/www.aacmb.fr\/wordpress\/wp-json\/wp\/v2\/types\/page"}],"author":[{"embeddable":true,"href":"https:\/\/www.aacmb.fr\/wordpress\/wp-json\/wp\/v2\/users\/1"}],"replies":[{"embeddable":true,"href":"https:\/\/www.aacmb.fr\/wordpress\/wp-json\/wp\/v2\/comments?post=996"}],"version-history":[{"count":0,"href":"https:\/\/www.aacmb.fr\/wordpress\/wp-json\/wp\/v2\/pages\/996\/revisions"}],"wp:attachment":[{"href":"https:\/\/www.aacmb.fr\/wordpress\/wp-json\/wp\/v2\/media?parent=996"}],"wp:term":[{"taxonomy":"category","embeddable":true,"href":"https:\/\/www.aacmb.fr\/wordpress\/wp-json\/wp\/v2\/categories?post=996"},{"taxonomy":"post_tag","embeddable":true,"href":"https:\/\/www.aacmb.fr\/wordpress\/wp-json\/wp\/v2\/tags?post=996"}],"curies":[{"name":"wp","href":"https:\/\/api.w.org\/{rel}","templated":true}]}}