{"id":719,"date":"2018-11-22T15:34:02","date_gmt":"2018-11-22T14:34:02","guid":{"rendered":"https:\/\/www.aacmb.fr\/wordpress\/?page_id=719"},"modified":"2022-07-07T19:39:59","modified_gmt":"2022-07-07T17:39:59","slug":"meshmixer","status":"publish","type":"page","link":"https:\/\/www.aacmb.fr\/wordpress\/meshmixer\/","title":{"rendered":"MeshMixer"},"content":{"rendered":"<p>MeshMixer est un logiciel gratuit de mod\u00e9lisation 3D qui permet de cr\u00e9er mais surtout de corriger des mod\u00e8les 3D facilement. C&rsquo;est surtout cette derni\u00e8re option qui est int\u00e9ressante car lorsque l&rsquo;on va num\u00e9riser un objet, celui-ci ne sera pas n\u00e9cessairement ferm\u00e9. Il sera donc obligatoire de reprendre le fichier pour y apporter potentiellement des corrections.<\/p>\n<p>Il sera n\u00e9anmoins important de ma\u00eetriser \u00e0 minima les fonctionnalit\u00e9s de base du logiciel, avant de se focaliser sur les outils et bonnes pratiques permettant une impression 3D r\u00e9ussie. Petit r\u00e9sum\u00e9 donc des fonctions principales ci-dessous.<\/p>\n<h4>Mod\u00e9liser pour l&rsquo;impression 3D<\/h4>\n<h5>Cr\u00e9er un mod\u00e8le gr\u00e2ce \u00e0 la combinaison de mesh<\/h5>\n<p>Comme son nom l&rsquo;indique, MeshMixer propose de cr\u00e9er des mod\u00e8les 3D \u00e0 partir de volumes existants, qui seront combin\u00e9s entre eux gr\u00e2ce \u00e0 des outils simple d&rsquo;utilisation. Exit donc ici la mod\u00e9lisation telle que nous avons pu le voir au travers de FreeCAD ou de Blender.<\/p>\n<p><img loading=\"lazy\" decoding=\"async\" class=\"alignnone size-full wp-image-727 aligncenter\" src=\"https:\/\/www.aacmb.fr\/wordpress\/wp-content\/uploads\/2018\/11\/MeshMixer_01.jpg\" alt=\"\" width=\"500\" height=\"270\" srcset=\"https:\/\/www.aacmb.fr\/wordpress\/wp-content\/uploads\/2018\/11\/MeshMixer_01.jpg 500w, https:\/\/www.aacmb.fr\/wordpress\/wp-content\/uploads\/2018\/11\/MeshMixer_01-350x189.jpg 350w, https:\/\/www.aacmb.fr\/wordpress\/wp-content\/uploads\/2018\/11\/MeshMixer_01-300x162.jpg 300w\" sizes=\"auto, (max-width: 500px) 100vw, 500px\" \/><\/p>\n<p>L&rsquo;onglet MeshMix contient une banque de mod\u00e8les 3D qui vont pouvoir \u00eatre int\u00e9gr\u00e9s \u00e0 votre mod\u00e8le de base. Il existe deux types de volumes : les \u00ab\u00a0volumes ouverts\u00a0\u00bb &#8211; repr\u00e9sent\u00e9s par une ic\u00f4ne en demi-sph\u00e8re blanche &#8211; et les \u00ab\u00a0volumes ferm\u00e9s\u00a0\u00bb &#8211; repr\u00e9sent\u00e9s par une ic\u00f4ne en cube bleu.\u00a0 Un volume ferm\u00e9 s&rsquo;int\u00e8gre au volume principal, alors qu&rsquo;un volume ouvert s&rsquo;attache au volume principal. Cette diff\u00e9rence doit \u00eatre prise en compte pour \u00eatre certain que le mod\u00e8le final sera imprimable.<\/p>\n<h6>Attacher un \u00ab\u00a0volume ouvert\u00a0\u00bb \u00e0 votre mod\u00e8le de base.<\/h6>\n<p>C&rsquo;est tr\u00e8s simple : il suffit de cliquer sur l&rsquo;\u00e9l\u00e9ment \u00e0 ajouter et le d\u00e9placer \u00e0 l&#8217;emplacement voulu. Avant de faire cette op\u00e9ration, il peut \u00eatre n\u00e9cessaire de supprimer une partie du mod\u00e8le de base. Cliquer sur l&rsquo;onglet Select et s\u00e9lectionner la partie du mod\u00e8le \u00e0 supprimer.<\/p>\n<p><img loading=\"lazy\" decoding=\"async\" class=\"alignnone size-full wp-image-729 aligncenter\" src=\"https:\/\/www.aacmb.fr\/wordpress\/wp-content\/uploads\/2018\/11\/MeshMixer_02.jpg\" alt=\"\" width=\"500\" height=\"270\" srcset=\"https:\/\/www.aacmb.fr\/wordpress\/wp-content\/uploads\/2018\/11\/MeshMixer_02.jpg 500w, https:\/\/www.aacmb.fr\/wordpress\/wp-content\/uploads\/2018\/11\/MeshMixer_02-350x189.jpg 350w, https:\/\/www.aacmb.fr\/wordpress\/wp-content\/uploads\/2018\/11\/MeshMixer_02-300x162.jpg 300w\" sizes=\"auto, (max-width: 500px) 100vw, 500px\" \/><\/p>\n<p>S\u00e9lectionner ensuite Edit &#8211;&gt; Erase and fill\u00a0 et valider.<\/p>\n<p><img loading=\"lazy\" decoding=\"async\" class=\"alignnone size-full wp-image-730 aligncenter\" src=\"https:\/\/www.aacmb.fr\/wordpress\/wp-content\/uploads\/2018\/11\/MeshMixer_03.jpg\" alt=\"\" width=\"500\" height=\"270\" srcset=\"https:\/\/www.aacmb.fr\/wordpress\/wp-content\/uploads\/2018\/11\/MeshMixer_03.jpg 500w, https:\/\/www.aacmb.fr\/wordpress\/wp-content\/uploads\/2018\/11\/MeshMixer_03-350x189.jpg 350w, https:\/\/www.aacmb.fr\/wordpress\/wp-content\/uploads\/2018\/11\/MeshMixer_03-300x162.jpg 300w\" sizes=\"auto, (max-width: 500px) 100vw, 500px\" \/><\/p>\n<p>On peut maintenant attacher le volume ouvert au mod\u00e8le.<\/p>\n<p><img loading=\"lazy\" decoding=\"async\" class=\"alignnone size-full wp-image-732 aligncenter\" src=\"https:\/\/www.aacmb.fr\/wordpress\/wp-content\/uploads\/2018\/11\/MeshMixer_04.jpg\" alt=\"\" width=\"500\" height=\"270\" srcset=\"https:\/\/www.aacmb.fr\/wordpress\/wp-content\/uploads\/2018\/11\/MeshMixer_04.jpg 500w, https:\/\/www.aacmb.fr\/wordpress\/wp-content\/uploads\/2018\/11\/MeshMixer_04-350x189.jpg 350w, https:\/\/www.aacmb.fr\/wordpress\/wp-content\/uploads\/2018\/11\/MeshMixer_04-300x162.jpg 300w\" sizes=\"auto, (max-width: 500px) 100vw, 500px\" \/><\/p>\n<p>On peut facilement d\u00e9placer, ajuster, tourner ou adapter la taille du volume ouvert, qui restera attach\u00e9 \u00e0 mod\u00e8le 3D de base.<\/p>\n<p><img loading=\"lazy\" decoding=\"async\" class=\"alignnone size-full wp-image-733 aligncenter\" src=\"https:\/\/www.aacmb.fr\/wordpress\/wp-content\/uploads\/2018\/11\/MeshMixer_05.jpg\" alt=\"\" width=\"500\" height=\"270\" srcset=\"https:\/\/www.aacmb.fr\/wordpress\/wp-content\/uploads\/2018\/11\/MeshMixer_05.jpg 500w, https:\/\/www.aacmb.fr\/wordpress\/wp-content\/uploads\/2018\/11\/MeshMixer_05-350x189.jpg 350w, https:\/\/www.aacmb.fr\/wordpress\/wp-content\/uploads\/2018\/11\/MeshMixer_05-300x162.jpg 300w\" sizes=\"auto, (max-width: 500px) 100vw, 500px\" \/><\/p>\n<h6>Combiner un \u00ab\u00a0volume ferm\u00e9\u00a0\u00bb \u00e0 votre mod\u00e8le de base.<\/h6>\n<p>Le mode op\u00e9ratoire est le m\u00eame que pour un volume ferm\u00e9. Le probl\u00e8me g\u00e9n\u00e9r\u00e9 ici est qu&rsquo;il y a intersection de volumes et non plus attachement.<\/p>\n<p><img loading=\"lazy\" decoding=\"async\" class=\"alignnone size-full wp-image-735 aligncenter\" src=\"https:\/\/www.aacmb.fr\/wordpress\/wp-content\/uploads\/2018\/11\/MeshMixer_06.jpg\" alt=\"\" width=\"500\" height=\"270\" srcset=\"https:\/\/www.aacmb.fr\/wordpress\/wp-content\/uploads\/2018\/11\/MeshMixer_06.jpg 500w, https:\/\/www.aacmb.fr\/wordpress\/wp-content\/uploads\/2018\/11\/MeshMixer_06-350x189.jpg 350w, https:\/\/www.aacmb.fr\/wordpress\/wp-content\/uploads\/2018\/11\/MeshMixer_06-300x162.jpg 300w\" sizes=\"auto, (max-width: 500px) 100vw, 500px\" \/><\/p>\n<p>L&rsquo;impression sera impossible dans la mesure o\u00f9 il existe dans ce mod\u00e8le des surfaces \u00ab\u00a0internes\u00a0\u00bb \u00e0 la pi\u00e8ce.<\/p>\n<p><img loading=\"lazy\" decoding=\"async\" class=\"alignnone size-full wp-image-736 aligncenter\" src=\"https:\/\/www.aacmb.fr\/wordpress\/wp-content\/uploads\/2018\/11\/MeshMixer_07.jpg\" alt=\"\" width=\"500\" height=\"270\" srcset=\"https:\/\/www.aacmb.fr\/wordpress\/wp-content\/uploads\/2018\/11\/MeshMixer_07.jpg 500w, https:\/\/www.aacmb.fr\/wordpress\/wp-content\/uploads\/2018\/11\/MeshMixer_07-350x189.jpg 350w, https:\/\/www.aacmb.fr\/wordpress\/wp-content\/uploads\/2018\/11\/MeshMixer_07-300x162.jpg 300w\" sizes=\"auto, (max-width: 500px) 100vw, 500px\" \/><\/p>\n<h5>Rendre un mod\u00e8le 3D imprimable<\/h5>\n<p>Pour rendre le mod\u00e8le imprimable, il va donc falloir supprimer toutes les intersections des volumes. Pour cela, il faut utiliser l&rsquo;outil Make Solid, contenu dans l&rsquo;onglet Edit.<img loading=\"lazy\" decoding=\"async\" class=\"alignnone size-full wp-image-737 aligncenter\" src=\"https:\/\/www.aacmb.fr\/wordpress\/wp-content\/uploads\/2018\/11\/MeshMixer_08.jpg\" alt=\"\" width=\"500\" height=\"270\" srcset=\"https:\/\/www.aacmb.fr\/wordpress\/wp-content\/uploads\/2018\/11\/MeshMixer_08.jpg 500w, https:\/\/www.aacmb.fr\/wordpress\/wp-content\/uploads\/2018\/11\/MeshMixer_08-350x189.jpg 350w, https:\/\/www.aacmb.fr\/wordpress\/wp-content\/uploads\/2018\/11\/MeshMixer_08-300x162.jpg 300w\" sizes=\"auto, (max-width: 500px) 100vw, 500px\" \/><\/p>\n<p>Cet outil g\u00e9n\u00e8re un volume propre et rempli, sans g\u00e9om\u00e9tries internes, et donc parfaitement imprimable. De plus, vous pouvez au moment de la g\u00e9n\u00e9ration r\u00e9gler les valeurs de r\u00e9solution du mesh et la qualit\u00e9, ce qui permettra d&rsquo;avoir une surface lisse et propre.<\/p>\n<h5>Redimensionner un mod\u00e8le 3D imprimable<\/h5>\n<p>Avant de redimensionner notre mod\u00e8le, il faut \u00eatre certain que tous les \u00e9l\u00e9ments qui le constitue sont fusionn\u00e9s. Dans la fen\u00eatre \u00ab\u00a0Object Browser\u00a0\u00bb (activable depuis le menu View), s\u00e9lectionner les diff\u00e9rents \u00e9l\u00e9ments. Cliquer ensuite sur Combine depuis l&rsquo;onglet Edit.<\/p>\n<p><img loading=\"lazy\" decoding=\"async\" class=\"alignnone size-full wp-image-740 aligncenter\" src=\"https:\/\/www.aacmb.fr\/wordpress\/wp-content\/uploads\/2018\/11\/MeshMixer_09.jpg\" alt=\"\" width=\"500\" height=\"270\" srcset=\"https:\/\/www.aacmb.fr\/wordpress\/wp-content\/uploads\/2018\/11\/MeshMixer_09.jpg 500w, https:\/\/www.aacmb.fr\/wordpress\/wp-content\/uploads\/2018\/11\/MeshMixer_09-350x189.jpg 350w, https:\/\/www.aacmb.fr\/wordpress\/wp-content\/uploads\/2018\/11\/MeshMixer_09-300x162.jpg 300w\" sizes=\"auto, (max-width: 500px) 100vw, 500px\" \/><\/p>\n<p>On peut maintenant redimensionner le mod\u00e8le : onglet Analysys, choix Units\/Dimensions.<\/p>\n<p><img loading=\"lazy\" decoding=\"async\" class=\"size-full wp-image-741 aligncenter\" src=\"https:\/\/www.aacmb.fr\/wordpress\/wp-content\/uploads\/2018\/11\/MeshMixer_10.jpg\" alt=\"\" width=\"500\" height=\"270\" srcset=\"https:\/\/www.aacmb.fr\/wordpress\/wp-content\/uploads\/2018\/11\/MeshMixer_10.jpg 500w, https:\/\/www.aacmb.fr\/wordpress\/wp-content\/uploads\/2018\/11\/MeshMixer_10-350x189.jpg 350w, https:\/\/www.aacmb.fr\/wordpress\/wp-content\/uploads\/2018\/11\/MeshMixer_10-300x162.jpg 300w\" sizes=\"auto, (max-width: 500px) 100vw, 500px\" \/><\/p>\n<p>On peut soit saisir les dimensions dans les champs X,Y,Z, ou faire varier directement sur le mod\u00e8le.<\/p>\n<h4>Analyser et exporter votre mod\u00e8le 3D pour une impression optimale<\/h4>\n<p>Depuis l&rsquo;onglet Analysys, cliquer sur Inspector. Lancer Auto Repair All.<\/p>\n<p>Cet outil analyse le mod\u00e8le et d\u00e9tecter les probl\u00e8mes potentiels, et les r\u00e9soudre (normalement).<\/p>\n<h4>Imprimer votre mod\u00e8le 3D depuis l&rsquo;interface de MeshMixer<\/h4>\n<p>Il est possible d&rsquo;envoyer directement le fichier vers le slicer de votre choix en cliquant sur l&rsquo;onglet Print.<\/p>\n<h5>Avant tout : configuration de l&rsquo;imprimante<\/h5>\n<p>Une petite configuration est n\u00e9cessaire si l&rsquo;on veut que notre imprimante soit identifiable dans la liste. En cliquant sur \u00ab\u00a0Printers preferences\u00a0\u00bb, puis l&rsquo;onglet \u00ab\u00a0Printers\u00a0\u00bb, on obtient la liste des imprimantes connues.<\/p>\n<p><img loading=\"lazy\" decoding=\"async\" class=\"alignnone size-full wp-image-743 aligncenter\" src=\"https:\/\/www.aacmb.fr\/wordpress\/wp-content\/uploads\/2018\/11\/MeshMixer_11.jpg\" alt=\"\" width=\"500\" height=\"382\" srcset=\"https:\/\/www.aacmb.fr\/wordpress\/wp-content\/uploads\/2018\/11\/MeshMixer_11.jpg 500w, https:\/\/www.aacmb.fr\/wordpress\/wp-content\/uploads\/2018\/11\/MeshMixer_11-350x267.jpg 350w, https:\/\/www.aacmb.fr\/wordpress\/wp-content\/uploads\/2018\/11\/MeshMixer_11-300x229.jpg 300w\" sizes=\"auto, (max-width: 500px) 100vw, 500px\" \/><\/p>\n<p>Cliquer sur Add pour cr\u00e9er une nouvelle imprimante.<\/p>\n<p><img loading=\"lazy\" decoding=\"async\" class=\"alignnone size-full wp-image-744 aligncenter\" src=\"https:\/\/www.aacmb.fr\/wordpress\/wp-content\/uploads\/2018\/11\/MeshMixer_12.jpg\" alt=\"\" width=\"500\" height=\"502\" srcset=\"https:\/\/www.aacmb.fr\/wordpress\/wp-content\/uploads\/2018\/11\/MeshMixer_12.jpg 500w, https:\/\/www.aacmb.fr\/wordpress\/wp-content\/uploads\/2018\/11\/MeshMixer_12-250x250.jpg 250w, https:\/\/www.aacmb.fr\/wordpress\/wp-content\/uploads\/2018\/11\/MeshMixer_12-100x100.jpg 100w, https:\/\/www.aacmb.fr\/wordpress\/wp-content\/uploads\/2018\/11\/MeshMixer_12-350x351.jpg 350w, https:\/\/www.aacmb.fr\/wordpress\/wp-content\/uploads\/2018\/11\/MeshMixer_12-150x150.jpg 150w, https:\/\/www.aacmb.fr\/wordpress\/wp-content\/uploads\/2018\/11\/MeshMixer_12-300x300.jpg 300w\" sizes=\"auto, (max-width: 500px) 100vw, 500px\" \/><\/p>\n<p>Renseigner les \u00e9l\u00e9ments caract\u00e9ristiques de l&rsquo;imprimante ainsi que le chemin vers le slicer \u00e0 utiliser (ici Cura). Rien ne vous emp\u00eache de cr\u00e9er plusieurs profils avec des slicers diff\u00e9rents.<\/p>\n<h5>on peut maintenant cliquer sur print<\/h5>\n<p><img loading=\"lazy\" decoding=\"async\" class=\"alignnone size-full wp-image-746 aligncenter\" src=\"https:\/\/www.aacmb.fr\/wordpress\/wp-content\/uploads\/2018\/11\/MeshMixer_13.jpg\" alt=\"\" width=\"500\" height=\"478\" srcset=\"https:\/\/www.aacmb.fr\/wordpress\/wp-content\/uploads\/2018\/11\/MeshMixer_13.jpg 500w, https:\/\/www.aacmb.fr\/wordpress\/wp-content\/uploads\/2018\/11\/MeshMixer_13-350x335.jpg 350w, https:\/\/www.aacmb.fr\/wordpress\/wp-content\/uploads\/2018\/11\/MeshMixer_13-300x287.jpg 300w\" sizes=\"auto, (max-width: 500px) 100vw, 500px\" \/><\/p>\n<p>Un clic sur \u00ab\u00a0Send to Cura\u00a0\u00bb (parce que c&rsquo;est ce qui est d\u00e9fini pour le profil d&rsquo;imprimante s\u00e9lectionn\u00e9). Et on se retrouve directement sur le slicer.<\/p>\n<p><img loading=\"lazy\" decoding=\"async\" class=\"alignnone size-full wp-image-747 aligncenter\" src=\"https:\/\/www.aacmb.fr\/wordpress\/wp-content\/uploads\/2018\/11\/MeshMixer_14.jpg\" alt=\"\" width=\"500\" height=\"386\" srcset=\"https:\/\/www.aacmb.fr\/wordpress\/wp-content\/uploads\/2018\/11\/MeshMixer_14.jpg 500w, https:\/\/www.aacmb.fr\/wordpress\/wp-content\/uploads\/2018\/11\/MeshMixer_14-350x270.jpg 350w, https:\/\/www.aacmb.fr\/wordpress\/wp-content\/uploads\/2018\/11\/MeshMixer_14-300x232.jpg 300w\" sizes=\"auto, (max-width: 500px) 100vw, 500px\" \/><\/p>\n<h4>Corriger les probl\u00e8mes de mod\u00e9lisation<\/h4>\n<p>Nous arrivons (enfin) \u00e0 la partie qui nous int\u00e9resse principalement : la correction d&rsquo;un mod\u00e8le avant impression.<\/p>\n<h5>Suppression des \u00e9l\u00e9ments singuliers<\/h5>\n<p>Lorsque qu&rsquo;un objet \u00e0 \u00e9t\u00e9 mod\u00e9lis\u00e9 ( par photogramm\u00e9trie par exemple), il est tr\u00e8s probable que des \u00e9l\u00e9ments ind\u00e9sirables se trouveront dans le p\u00e9rim\u00e8tre de l&rsquo;objet.<\/p>\n<p><img loading=\"lazy\" decoding=\"async\" class=\"alignnone size-full wp-image-750 aligncenter\" src=\"https:\/\/www.aacmb.fr\/wordpress\/wp-content\/uploads\/2018\/11\/MeshMixer_15.jpg\" alt=\"\" width=\"500\" height=\"380\" srcset=\"https:\/\/www.aacmb.fr\/wordpress\/wp-content\/uploads\/2018\/11\/MeshMixer_15.jpg 500w, https:\/\/www.aacmb.fr\/wordpress\/wp-content\/uploads\/2018\/11\/MeshMixer_15-350x266.jpg 350w, https:\/\/www.aacmb.fr\/wordpress\/wp-content\/uploads\/2018\/11\/MeshMixer_15-300x228.jpg 300w\" sizes=\"auto, (max-width: 500px) 100vw, 500px\" \/><\/p>\n<p>Exemple ici : seul le lapin m&rsquo;int\u00e9resse.<\/p>\n<p>Pour supprimer les \u00e9l\u00e9ments singuliers, on utilise l&rsquo;outil de S\u00e9lection, pour tracer une ligne s\u00e9parant le mod\u00e8le 3D des autres \u00e9l\u00e9ments.<\/p>\n<p><img loading=\"lazy\" decoding=\"async\" class=\"alignnone size-full wp-image-752 aligncenter\" src=\"https:\/\/www.aacmb.fr\/wordpress\/wp-content\/uploads\/2018\/11\/MeshMixer_16.jpg\" alt=\"\" width=\"500\" height=\"359\" srcset=\"https:\/\/www.aacmb.fr\/wordpress\/wp-content\/uploads\/2018\/11\/MeshMixer_16.jpg 500w, https:\/\/www.aacmb.fr\/wordpress\/wp-content\/uploads\/2018\/11\/MeshMixer_16-350x251.jpg 350w, https:\/\/www.aacmb.fr\/wordpress\/wp-content\/uploads\/2018\/11\/MeshMixer_16-300x215.jpg 300w\" sizes=\"auto, (max-width: 500px) 100vw, 500px\" \/><\/p>\n<p>Ici s\u00e9lection du c\u00f4ne. Puis Edit &#8211;&gt; Discard.\u00a0 Le c\u00f4ne a disparu.<\/p>\n<p><img loading=\"lazy\" decoding=\"async\" class=\"alignnone size-full wp-image-753 aligncenter\" src=\"https:\/\/www.aacmb.fr\/wordpress\/wp-content\/uploads\/2018\/11\/MeshMixer_17.jpg\" alt=\"\" width=\"500\" height=\"379\" srcset=\"https:\/\/www.aacmb.fr\/wordpress\/wp-content\/uploads\/2018\/11\/MeshMixer_17.jpg 500w, https:\/\/www.aacmb.fr\/wordpress\/wp-content\/uploads\/2018\/11\/MeshMixer_17-350x265.jpg 350w, https:\/\/www.aacmb.fr\/wordpress\/wp-content\/uploads\/2018\/11\/MeshMixer_17-300x227.jpg 300w\" sizes=\"auto, (max-width: 500px) 100vw, 500px\" \/><\/p>\n<p>On r\u00e9p\u00e8te l&rsquo;op\u00e9ration tous les \u00e9l\u00e9ments ind\u00e9sirables.<\/p>\n<h5>S&rsquo;assurer que le mod\u00e8le est ferm\u00e9<\/h5>\n<p>Pour pouvoir \u00eatre imprim\u00e9, un mod\u00e8le 3D ne doit pas comporter de trous. Cela peut \u00eatre le cas lors d&rsquo;une num\u00e9risation, car la face touchant le support n&rsquo;est pas repr\u00e9sent\u00e9e. Mais cela peut aussi \u00eatre le cas lorsque des modifications (suppression de d\u00e9tails) a \u00e9t\u00e9 r\u00e9alis\u00e9e.<\/p>\n<p>Prenons l&rsquo;exemple ci-dessous, sur lequel j&rsquo;ai volontairement supprim\u00e9 plusieurs facettes. Le mod\u00e8le est repr\u00e9sent\u00e9 en mode wireframe afin de bien voir les \u00ab\u00a0trous\u00a0\u00bb.<\/p>\n<p><img loading=\"lazy\" decoding=\"async\" class=\"alignnone size-full wp-image-755 aligncenter\" src=\"https:\/\/www.aacmb.fr\/wordpress\/wp-content\/uploads\/2018\/11\/MeshMixer_18jpg.jpg\" alt=\"\" width=\"500\" height=\"389\" srcset=\"https:\/\/www.aacmb.fr\/wordpress\/wp-content\/uploads\/2018\/11\/MeshMixer_18jpg.jpg 500w, https:\/\/www.aacmb.fr\/wordpress\/wp-content\/uploads\/2018\/11\/MeshMixer_18jpg-350x272.jpg 350w, https:\/\/www.aacmb.fr\/wordpress\/wp-content\/uploads\/2018\/11\/MeshMixer_18jpg-300x233.jpg 300w\" sizes=\"auto, (max-width: 500px) 100vw, 500px\" \/><\/p>\n<p>&nbsp;<\/p>\n<p>Dans l&rsquo;onglet Analysis, cliquer sur l&rsquo;option Inspector.<\/p>\n<p><img loading=\"lazy\" decoding=\"async\" class=\"alignnone size-full wp-image-756 aligncenter\" src=\"https:\/\/www.aacmb.fr\/wordpress\/wp-content\/uploads\/2018\/11\/MeshMixer_19jpg.jpg\" alt=\"\" width=\"500\" height=\"378\" srcset=\"https:\/\/www.aacmb.fr\/wordpress\/wp-content\/uploads\/2018\/11\/MeshMixer_19jpg.jpg 500w, https:\/\/www.aacmb.fr\/wordpress\/wp-content\/uploads\/2018\/11\/MeshMixer_19jpg-350x265.jpg 350w, https:\/\/www.aacmb.fr\/wordpress\/wp-content\/uploads\/2018\/11\/MeshMixer_19jpg-300x227.jpg 300w\" sizes=\"auto, (max-width: 500px) 100vw, 500px\" \/><\/p>\n<p>On peut alors soit cliquer sur chacune des anomalies, soit cliquer sur Auto Repair All pour r\u00e9parer le mod\u00e8le.<\/p>\n<h5>cr\u00e9er une surface lisse et plane \u00e0 la base du mod\u00e8le.<\/h5>\n<p>L&rsquo;outil Plane cut permet de cr\u00e9er une base plane et lisse sur votre mod\u00e8le, et par la m\u00eame occasion, fermer la surface.<\/p>\n<p>Depuis l&rsquo;onglet Edit, cliquer sur Plane Cut. Tirer ensuite sur les fl\u00eaches pour positionner le mod\u00e8le en fonction du plan de coupe souhait\u00e9.<\/p>\n<p><img loading=\"lazy\" decoding=\"async\" class=\"alignnone size-full wp-image-759 aligncenter\" src=\"https:\/\/www.aacmb.fr\/wordpress\/wp-content\/uploads\/2018\/11\/MeshMixer_20jpg.jpg\" alt=\"\" width=\"500\" height=\"389\" srcset=\"https:\/\/www.aacmb.fr\/wordpress\/wp-content\/uploads\/2018\/11\/MeshMixer_20jpg.jpg 500w, https:\/\/www.aacmb.fr\/wordpress\/wp-content\/uploads\/2018\/11\/MeshMixer_20jpg-350x272.jpg 350w, https:\/\/www.aacmb.fr\/wordpress\/wp-content\/uploads\/2018\/11\/MeshMixer_20jpg-300x233.jpg 300w\" sizes=\"auto, (max-width: 500px) 100vw, 500px\" \/><\/p>\n<p>Valider ensuite en cliquant sur le bouton Accept.<\/p>\n<p><img loading=\"lazy\" decoding=\"async\" class=\"size-full wp-image-760 aligncenter\" src=\"https:\/\/www.aacmb.fr\/wordpress\/wp-content\/uploads\/2018\/11\/MeshMixer_21jpg.jpg\" alt=\"\" width=\"500\" height=\"388\" srcset=\"https:\/\/www.aacmb.fr\/wordpress\/wp-content\/uploads\/2018\/11\/MeshMixer_21jpg.jpg 500w, https:\/\/www.aacmb.fr\/wordpress\/wp-content\/uploads\/2018\/11\/MeshMixer_21jpg-350x272.jpg 350w, https:\/\/www.aacmb.fr\/wordpress\/wp-content\/uploads\/2018\/11\/MeshMixer_21jpg-300x233.jpg 300w\" sizes=\"auto, (max-width: 500px) 100vw, 500px\" \/><\/p>\n<p>Le mod\u00e8le est modifi\u00e9. La face inf\u00e9rieure est maintenant ferm\u00e9e.<\/p>\n<h4>Conclusion<\/h4>\n<p>MeshMixer peut faire pas mal d&rsquo;autres choses. Mais, pour notre besoin, il reste suffisamment simple d&rsquo;utilisation pour disposer d&rsquo;un mod\u00e8le directement imprimable.<\/p>\n<p>&nbsp;<\/p>\n","protected":false},"excerpt":{"rendered":"<p>MeshMixer est un logiciel gratuit de mod\u00e9lisation 3D qui permet de cr\u00e9er mais surtout de corriger des mod\u00e8les 3D facilement. C&rsquo;est surtout cette derni\u00e8re option qui est int\u00e9ressante car lorsque l&rsquo;on va num\u00e9riser un objet, celui-ci ne sera pas n\u00e9cessairement ferm\u00e9. Il sera donc obligatoire de reprendre le fichier pour y apporter potentiellement des corrections. &hellip; <\/p>\n<p class=\"link-more\"><a href=\"https:\/\/www.aacmb.fr\/wordpress\/meshmixer\/\" class=\"more-link\">Continuer la lecture<span class=\"screen-reader-text\"> de &laquo;&nbsp;MeshMixer&nbsp;&raquo;<\/span><\/a><\/p>\n","protected":false},"author":1,"featured_media":0,"parent":0,"menu_order":0,"comment_status":"closed","ping_status":"closed","template":"","meta":{"footnotes":""},"categories":[66],"tags":[],"class_list":["post-719","page","type-page","status-publish","hentry","category-outils"],"_links":{"self":[{"href":"https:\/\/www.aacmb.fr\/wordpress\/wp-json\/wp\/v2\/pages\/719","targetHints":{"allow":["GET"]}}],"collection":[{"href":"https:\/\/www.aacmb.fr\/wordpress\/wp-json\/wp\/v2\/pages"}],"about":[{"href":"https:\/\/www.aacmb.fr\/wordpress\/wp-json\/wp\/v2\/types\/page"}],"author":[{"embeddable":true,"href":"https:\/\/www.aacmb.fr\/wordpress\/wp-json\/wp\/v2\/users\/1"}],"replies":[{"embeddable":true,"href":"https:\/\/www.aacmb.fr\/wordpress\/wp-json\/wp\/v2\/comments?post=719"}],"version-history":[{"count":0,"href":"https:\/\/www.aacmb.fr\/wordpress\/wp-json\/wp\/v2\/pages\/719\/revisions"}],"wp:attachment":[{"href":"https:\/\/www.aacmb.fr\/wordpress\/wp-json\/wp\/v2\/media?parent=719"}],"wp:term":[{"taxonomy":"category","embeddable":true,"href":"https:\/\/www.aacmb.fr\/wordpress\/wp-json\/wp\/v2\/categories?post=719"},{"taxonomy":"post_tag","embeddable":true,"href":"https:\/\/www.aacmb.fr\/wordpress\/wp-json\/wp\/v2\/tags?post=719"}],"curies":[{"name":"wp","href":"https:\/\/api.w.org\/{rel}","templated":true}]}}