{"id":48,"date":"2018-06-11T13:46:21","date_gmt":"2018-06-11T11:46:21","guid":{"rendered":"https:\/\/www.aacmb.fr\/wordpress\/?page_id=48"},"modified":"2023-08-19T10:51:18","modified_gmt":"2023-08-19T08:51:18","slug":"imprimante","status":"publish","type":"page","link":"https:\/\/www.aacmb.fr\/wordpress\/imprimante\/","title":{"rendered":"Imprimante \u00e0 filament (type FDM)"},"content":{"rendered":"\r\n<p>C&rsquo;est le premier type d&rsquo;imprimante 3D auquel on pense, souvent appel\u00e9es Imprimantes FDM ( pour Fused Deposition Modeling).<\/p>\r\n\r\n\r\n\r\n<p>On parle alors d&rsquo;extrusion, proc\u00e9d\u00e9 qui consiste \u00e0 faire fondre un filament plastique (typiquement PLA ou ABS) que l&rsquo;on d\u00e9pose en couche successives. C&rsquo;est aujourd&rsquo;hui la technique (grand public) la plus r\u00e9pandue.<\/p>\r\n\r\n\r\n\r\n<p>Le filament est \u00ab\u00a0pouss\u00e9\u00a0\u00bb par un syst\u00e8me m\u00e9canique appel\u00e9 \u00ab\u00a0extrudeur\u00a0\u00bb vers la \u00ab\u00a0t\u00eate\u00a0\u00bb d&rsquo;impression. Celle-ci est constitu\u00e9 d&rsquo;un \u00ab\u00a0corps de chauffe\u00a0\u00bb qui va amener le filament dans un \u00e9tat pateux. Celui-ci ressort au travers d&rsquo;une \u00ab\u00a0buse\u00a0\u00bb dont le diam\u00e8tre est parfaitement calibr\u00e9.<br \/>Le d\u00e9placement\u00a0 (soit de la t\u00eate, soit du plateau) permet le d\u00e9p\u00f4t de ce filament sur une couche unique.Lorsqu\u2019une couche est compl\u00e8te, le plateau d\u2019impression s\u2019abaisse l\u00e9g\u00e8rement sur l\u2019axe vertical (ou la t\u00eate monte l\u00e9g\u00e8rement) et le processus reprend en d\u00e9posant une nouvelle couche de filament fondu au dessus de la premi\u00e8re. Les couches ainsi cr\u00e9\u00e9es sont fusionn\u00e9es entre elles par le plastique qui se solidifie rapidement. L\u2019empilement des couches de mati\u00e8re forme l\u2019objet final.<\/p>\r\n<p><img loading=\"lazy\" decoding=\"async\" class=\"size-full wp-image-3701 aligncenter\" src=\"https:\/\/www.aacmb.fr\/wordpress\/wp-content\/uploads\/2023\/08\/3D_filament_principe-e1692434593483.png\" alt=\"\" width=\"500\" height=\"409\" srcset=\"https:\/\/www.aacmb.fr\/wordpress\/wp-content\/uploads\/2023\/08\/3D_filament_principe-e1692434593483.png 500w, https:\/\/www.aacmb.fr\/wordpress\/wp-content\/uploads\/2023\/08\/3D_filament_principe-e1692434593483-350x286.png 350w\" sizes=\"auto, (max-width: 500px) 100vw, 500px\" \/><\/p>\r\n\r\n\r\n\r\n<p>Bowden ou DirectDrive ? <br \/>Qu&rsquo;est-ce que c&rsquo;est ? <br \/>Comment choisir ? <br \/><a href=\"https:\/\/www.aacmb.fr\/wordpress\/?p=3703&amp;preview=true\">La r\u00e9ponse ici<\/a><\/p>\r\n<p>&nbsp;<\/p>\r\n<p>La gamme de prix de ces imprimantes va aller de 150 \u20ac ( <a href=\"https:\/\/www.google.com\/aclk?sa=L&amp;ai=DChcSEwiZw-mk8fD4AhXHjGgJHWEBDq0YABAFGgJ3Zg&amp;ae=2&amp;sig=AOD64_3YM0MisGskm7A6rCX_F5FCQfz4OQ&amp;ctype=5&amp;q=&amp;ved=2ahUKEwjvseKk8fD4AhWr4YUKHfz2BjIQ9A4oAHoECAEQHw&amp;adurl=\" target=\"_blank\" rel=\"noreferrer noopener\">Easythreed K7 Mini imprimante 3D<\/a>) \u00e0 plusieurs milliers d&rsquo;euros.<br \/>En fait, comme pour tout mat\u00e9riel, plus le prix sera important, plus votre mat\u00e9riel sera fiable, pr\u00e9cis, robuste, et vous permettra de couvrir tout vos besoins.<\/p>\r\n\r\n<p>Mais vos besoins justifient-ils de d\u00e9penser 4000 \u20ac (voir plus) ?<\/p>\r\n<p>L&rsquo;un des crit\u00e8res \u00e0 prendre en compte est de v\u00e9rifier la nature des mat\u00e9riaux utilisables, avec en r\u00e9sum\u00e9 2 grandes familles :<\/p>\r\n<ul>\r\n<li>Le PLA :<br \/>Il s&rsquo;agit d&rsquo;un\u00a0bioplastique\u00a0qui\u00a0a le m\u00e9rite d&rsquo;\u00eatre \u00e0 la fois biosourc\u00e9 ET biod\u00e9gradable (un\u00a0bioplastique\u00a0est\u00a0souvent l&rsquo;un\u00a0ou l&rsquo;autre, mais rarement les deux \u00e0 la fois !). Le\u00a0PLA est\u00a0en effet class\u00e9 parmi les plastiques 100% biosourc\u00e9s : il\u00a0est\u00a0issu de ressources renouvelables telles\u00a0que le ma\u00efs ou la canne \u00e0 sucre.<br \/>Ce mat\u00e9riau est celui utilis\u00e9 de base, car il est simple \u00e0 mettre en \u0153uvre. Il sera parfaitement adapt\u00e9 aux pi\u00e8ces d\u00e9coratives sans contraintes m\u00e9caniques importantes (il reste en effet assez fragile). Le post-traitement sera important si vous voulez donner un \u00e9tat de surface irr\u00e9prochable \u00e0 vos r\u00e9alisation (pon\u00e7age, peinture, vernis,etc).<\/li>\r\n<li>L&rsquo;ABS :<br \/>L\u2019ABS pour Acrylonitrile butadi\u00e8ne styr\u00e8ne, est un plastique tr\u00e8s universel, reconnu pour son faible co\u00fbt et son bon \u00e9quilibre entre r\u00e9sistance aux chocs et \u00e0 la chaleur. C\u2019est un plastique tr\u00e8s commun, utilis\u00e9 dans bon nombre d\u2019objets du quotidien (les LEGO sont fabriqu\u00e9s en ABS) ainsi que dans le milieu industriel (notamment dans l\u2019industrie automobile). Il est fortement utilis\u00e9 aussi dans le monde de l&rsquo;impression 3D, car il pr\u00e9sente des caract\u00e9ristiques m\u00e9caniques int\u00e9ressantes : solidit\u00e9 et r\u00e9sistance \u00e0 la temp\u00e9rature. Il est par ailleurs facile \u00e0 post-traiter.\u00a0<br \/>Il n\u00e9cessite par contre l&#8217;emploi d&rsquo;un plateau chauffant afin de maintenir la pi\u00e8ce \u00e0 une certaine temp\u00e9rature pendant l&rsquo;impression. Toutes les imprimantes ne disposent pas de cette option.<br \/>Attention aussi car l&rsquo;ABS, pendant l&rsquo;impression, va d\u00e9gager des \u00e9manations nocives lors de l&rsquo;impression, for\u00e7ant \u00e0 l&rsquo;utilisation d&rsquo;un syst\u00e8me de filtration des nano particules. Un point \u00e0 prendre en compte si vous voulez installer votre imprimante dans une pi\u00e8ce de vivre.<\/li>\r\n<\/ul>\r\n<p>On notera qu&rsquo;il existe aussi toute une vari\u00e9t\u00e9 de mat\u00e9riaux d\u00e9riv\u00e9s : filament \u00e0 passer au four pour augmenter la rigidit\u00e9, filaments permettant de r\u00e9aliser des pi\u00e8ces souples, filament \u00e0 base de bois, filament fluorescent, brillant, transparent.<br \/>Toute une panoplie pour r\u00e9pondre aux besoins les plus vari\u00e9s !<\/p>\r\n<p>Un autre \u00e9l\u00e9ment \u00e0 prendre en compte est la pr\u00e9cision d&rsquo;impression.De base, toutes les\u00a0 imprimantes de ce type impriment des hauteurs de couche de 0,2 mm. Certains mod\u00e8les permettent de descendre \u00e0 0.05mm, avec une r\u00e8gle simple : \u00ab\u00a0plus la hauteur de couche sera faible, meilleur sera visuellement le r\u00e9sultat\u00a0\u00bb. Mais ne pas non plus oublier que \u00ab\u00a0plus long sera le temps d&rsquo;impression et .. plus couteuse sera l&rsquo;imprimante\u00a0\u00bb.<\/p>\r\n<h3><strong>Mon choix pour d\u00e9buter (et surtout comprendre)<\/strong><\/h3>\r\n<p>Pour ma part, il \u00e9tait hors de question de d\u00e9penser une fortune pour un \u00e9quipement qui serait utilis\u00e9 tr\u00e8s ponctuellement. Je serais m\u00eame tent\u00e9 de dire que j&rsquo;ai vis\u00e9 \u00ab\u00a0au moins cher\u00a0\u00bb, port\u00e9 par un objectif de curiosit\u00e9 et de d\u00e9couverte avant tout.<\/p>\r\n<p>Mon choix s&rsquo;est donc port\u00e9 sur une imprimante fran\u00e7aise, d\u00e9velopp\u00e9e et produite par la soci\u00e9<span style=\"font-size: 1rem;\">t\u00e9 Dagoma : La DiscoEasy 200. Elle \u00e9tait propos\u00e9e en kit, pour des caract\u00e9ristiques correctes (hauteur de couche mini \u00e0 0,10 mm), pour un prix d&rsquo;environ 200 euros.<br \/><\/span><\/p>\r\n<p>J&rsquo;ai re\u00e7u tr\u00e8s rapidement un petite boite, contenant l&rsquo;ensemble des pi\u00e8ces.<br \/><img loading=\"lazy\" decoding=\"async\" class=\"aligncenter wp-image-79 size-full\" src=\"https:\/\/www.aacmb.fr\/wordpress\/wp-content\/uploads\/2018\/06\/discoeasy200-pack.jpg\" alt=\"\" width=\"1900\" height=\"645\" srcset=\"https:\/\/www.aacmb.fr\/wordpress\/wp-content\/uploads\/2018\/06\/discoeasy200-pack.jpg 1900w, https:\/\/www.aacmb.fr\/wordpress\/wp-content\/uploads\/2018\/06\/discoeasy200-pack-350x119.jpg 350w, https:\/\/www.aacmb.fr\/wordpress\/wp-content\/uploads\/2018\/06\/discoeasy200-pack-300x102.jpg 300w, https:\/\/www.aacmb.fr\/wordpress\/wp-content\/uploads\/2018\/06\/discoeasy200-pack-768x261.jpg 768w, https:\/\/www.aacmb.fr\/wordpress\/wp-content\/uploads\/2018\/06\/discoeasy200-pack-1024x348.jpg 1024w\" sizes=\"auto, (max-width: 706px) 89vw, (max-width: 767px) 82vw, 740px\" \/><br \/>Il suffit de se rendre sur le site du fabriquant pour disposer de guides et tutoriels vid\u00e9o, et de se laisser guider pour le montage.<br \/><img loading=\"lazy\" decoding=\"async\" class=\"aligncenter wp-image-83 size-full\" style=\"font-size: 1rem;\" src=\"https:\/\/www.aacmb.fr\/wordpress\/wp-content\/uploads\/2018\/06\/discoeasy200-header.jpg\" alt=\"\" width=\"1900\" height=\"645\" srcset=\"https:\/\/www.aacmb.fr\/wordpress\/wp-content\/uploads\/2018\/06\/discoeasy200-header.jpg 1900w, https:\/\/www.aacmb.fr\/wordpress\/wp-content\/uploads\/2018\/06\/discoeasy200-header-350x119.jpg 350w, https:\/\/www.aacmb.fr\/wordpress\/wp-content\/uploads\/2018\/06\/discoeasy200-header-300x102.jpg 300w, https:\/\/www.aacmb.fr\/wordpress\/wp-content\/uploads\/2018\/06\/discoeasy200-header-768x261.jpg 768w, https:\/\/www.aacmb.fr\/wordpress\/wp-content\/uploads\/2018\/06\/discoeasy200-header-1024x348.jpg 1024w\" sizes=\"auto, (max-width: 706px) 89vw, (max-width: 767px) 82vw, 740px\" \/><br \/>Une fois le montage termin\u00e9, Il vous reste \u00e0 \u00e9talonner votre nouvelle imprimante. L\u00e0 encore, le fabriquant \u00e0 tout pr\u00e9vu, il suffit de suivre le guide.\u00a0<\/p>\r\n\r\n<p>Le principal int\u00e9r\u00eat d&rsquo;une solution en kit &#8211; en dehors du prix &#8211; est que vous avez une r\u00e9elle vision du fonctionnement de la machine. Lorsque vous rencontrerez des probl\u00e8mes (si si, cela arrive) , vous aurez une id\u00e9e plus pr\u00e9cise de ce qui se passe et comment le r\u00e9soudre.<\/p>\r\n\r\n\r\n\r\n<p>Autre avantage : la possibilit\u00e9 de faire \u00e9voluer plus facilement votre machine.<br \/>C&rsquo;est ce que j&rsquo;ai fait et que vous d\u00e9couvrirez ci-dessous.<\/p>\r\n<p>Mais avant cela, il faut quand m\u00eame tester cette machine et imprimer la premi\u00e8re pi\u00e8ce. Pour faire cela, vous allez avoir besoin de pr\u00e9parer le fichier \u00e0 imprimer, au moyen d&rsquo;un <strong><a href=\"https:\/\/www.aacmb.fr\/wordpress\/les-slicers\/\">Slicer<\/a><\/strong>. A d\u00e9couvrir sur <a href=\"https:\/\/www.aacmb.fr\/wordpress\/les-slicers\/\">cette page d\u00e9di\u00e9e.<\/a><\/p>\r\n\r\n\r\n\r\n<h3 id=\"caisson\">Ajout d&rsquo;un caisson<\/h3>\r\n\r\n\r\n\r\n<p>Pour prot\u00e9ger l&rsquo;imprimante et am\u00e9liorer les impressions, c&rsquo;est conseill\u00e9. Ici aussi, on trouve de belles choses toutes faites, mais souvent assez cher.<br \/>On peux le faire soit m\u00eame, pour un prix tr\u00e8s attractif, il suffit de regarder autour de soi . <a href=\"..\/le-caisson\/\">Lire la suite<\/a><\/p>\r\n\r\n\r\n\r\n<h3 class=\"wp-block-heading\" id=\"ecran\">Ajout d&rsquo;un \u00e9cran<\/h3>\r\n\r\n\r\n\r\n<p>Dans sa version de base, mon imprimante dispose soit d&rsquo;un slot carte SD, soit d&rsquo;une connexions USB. Soit on met un fichier unique sur la carte SD et l&rsquo;impression d\u00e9marre, soit on connecte un PC pour piloter l&rsquo;impression.<br \/>Une autre solution existe, propos\u00e9e aussi en standard par Dagoma : un boitier poss\u00e9dant un \u00e9cran et un slot SD. Il est alors possible de piloter l&rsquo;imprimante, et de choisir diff\u00e9rentes options. Mais encore une fois, en cherchant un peu, on peut trouver l&rsquo;\u00e9cran sur le Net, \u00e0 un prix tr\u00e8s inf\u00e9rieur. <a href=\".. \/wordpress\/un-ecran\/\">Lire la suite<\/a><\/p>\r\n\r\n\r\n\r\n<h3 class=\"wp-block-heading\" id=\"tete\">Impression d&rsquo;une nouvelle t\u00eate<\/h3>\r\n\r\n\r\n\r\n<p>L&rsquo;avantage d&rsquo;avoir mont\u00e9 soit m\u00eame son imprimante est que l&rsquo;on n&rsquo;h\u00e9site moins \u00e0 la d\u00e9monter. Dagoma et la communaut\u00e9 proposent une nouvelle t\u00eate \u00e0 imprimer soit m\u00eame afin d&rsquo;am\u00e9liorer la qualit\u00e9. Alors, je me lance. <a href=\".. \/wordpress\/une-nouvelle-tete-dimpression\/\">Lire la suite<\/a><\/p>\r\n\r\n\r\n\r\n<h3 class=\"wp-block-heading\" id=\"extrudeur\">Un nouvel extrudeur<\/h3>\r\n\r\n\r\n\r\n<p>L&rsquo;extrudeur est une pi\u00e8ce \u00ab\u00a0ma\u00eetresse\u00a0\u00bb dans une imprimante, car c&rsquo;est lui qui va garantir la bonne r\u00e9gularit\u00e9 du flux de mati\u00e8re. Un kit cette fois propos\u00e9 par Dagoma avec de nouvelles fonctionnalit\u00e9s \u00e0 un prix sans r\u00e9elle concurrence sur le march\u00e9. <a href=\"https:\/\/www.aacmb.fr\/wordpress\/lextrudeur\/\">Lire la suite<\/a><\/p>\r\n\r\n\r\n\r\n<h3 class=\"wp-block-heading\" id=\"expert\">Le pack Expert<\/h3>\r\n\r\n\r\n\r\n<p>Dagoma propose r\u00e9guli\u00e8rement des packs \u00e9volutions pour ce mod\u00e8le d&rsquo;imprimante. C&rsquo;est aussi l&rsquo;int\u00e9r\u00eat de la chose : vous prenez ou vous ne prenez pas. Nous sommes ici en pr\u00e9sence d&rsquo;une \u00e9volution assez importante qui vise \u00e0 am\u00e9liorer la qualit\u00e9, en \u00e9quipant le mod\u00e8le d&rsquo;un syst\u00e8me plus pr\u00e9cis sur l&rsquo;axe Z . Je d\u00e9cide de sauter le pas, m\u00eame s&rsquo;il va falloir de nouveau d\u00e9monter une grande partie de l(imprimante. <a href=\"https:\/\/www.aacmb.fr\/wordpress\/pack-expert\/\">Lire la suite<\/a><\/p>\r\n\r\n\r\n\r\n<h3 class=\"wp-block-heading\" id=\"bicouleur\">Le pack Bi-couleur<\/h3>\r\n\r\n\r\n\r\n<p>Voici une extension tr\u00e8s tr\u00e8s int\u00e9ressante : la possibilit\u00e9 d&rsquo;imprimer en 2 couleurs (ou avec du filament soluble). Si certaines imprimantes permettent de rajouter une 2\u00e8me t\u00eate &#8211; en perdant un peu en largeur d&rsquo;impression &#8211; il s&rsquo;agit ici de remplacer la t\u00eate d&rsquo;origine par une t\u00eate 2 entr\u00e9es. <a href=\"https:\/\/www.aacmb.fr\/wordpress\/pack-bi-couleur\/\">Lire la suite<\/a><\/p>\r\n\r\n\r\n\r\n<h3 class=\"wp-block-heading\" id=\"chauffage\">Le chauffage du caisson<\/h3>\r\n\r\n\r\n\r\n<p>Mon imprimante se trouve dans un petit atelier. L\u2019\u00e9t\u00e9, il fait chaud, L\u2019hiver il fait froid. Et j&rsquo;ai d\u00e9j\u00e0 \u00e9t\u00e9 amen\u00e9 \u00e0 devoir imprimer par des temp\u00e9ratures de 7\u00b0. Pas \u00e9vident c\u00f4t\u00e9 r\u00e9sultat. Alors, un petit chauffage serait le bienvenu. <a href=\"https:\/\/www.aacmb.fr\/wordpress\/le-caisson-v3\/\">Lire la suite<\/a><\/p>\r\n\r\n\r\n\r\n<h3 class=\"wp-block-heading\" id=\"batterie\">Fonctionnement sur batterie ?<\/h3>\r\n\r\n\r\n\r\n<p>Apr\u00e8s avoir perdu plusieurs impressions en raison de coupures (ou microcoupures) \u00e9lectriques, il est arriv\u00e9 le moment o\u00f9 je me suis demand\u00e9 comment contourner le probl\u00e8me. Serait-il possible de faire fonctionner l&rsquo;imprimante sur une batterie ? <a href=\"https:\/\/www.aacmb.fr\/wordpress\/mode-batterie\/\">Lire la suite<\/a><\/p>\r\n\r\n\r\n\r\n<p>Un plateau chauffant pour l&rsquo;ABS?<\/p>\r\n\r\n\r\n\r\n<p>C&rsquo;est une adaptation possible r\u00e9alis\u00e9e par de nombreux utilisateurs de cette machine. Pour ma part, j&rsquo;ai abandonn\u00e9e l&rsquo;id\u00e9e car l&rsquo;investissement et certaines contraintes (perte par exemple du volume d&rsquo;impression) m&rsquo;ont sembl\u00e9 trop important par rapport \u00e0 l&rsquo;int\u00e9r\u00eat.<br \/>Mais sachez que cela est aussi possible.<\/p>\r\n","protected":false},"excerpt":{"rendered":"<p>C&rsquo;est le premier type d&rsquo;imprimante 3D auquel on pense, souvent appel\u00e9es Imprimantes FDM ( pour Fused Deposition Modeling). On parle alors d&rsquo;extrusion, proc\u00e9d\u00e9 qui consiste \u00e0 faire fondre un filament plastique (typiquement PLA ou ABS) que l&rsquo;on d\u00e9pose en couche successives. C&rsquo;est aujourd&rsquo;hui la technique (grand public) la plus r\u00e9pandue. Le filament est \u00ab\u00a0pouss\u00e9\u00a0\u00bb par &hellip; <\/p>\n<p class=\"link-more\"><a href=\"https:\/\/www.aacmb.fr\/wordpress\/imprimante\/\" class=\"more-link\">Continuer la lecture<span class=\"screen-reader-text\"> de &laquo;&nbsp;Imprimante \u00e0 filament (type FDM)&nbsp;&raquo;<\/span><\/a><\/p>\n","protected":false},"author":1,"featured_media":0,"parent":0,"menu_order":0,"comment_status":"closed","ping_status":"closed","template":"","meta":{"footnotes":""},"categories":[22],"tags":[],"class_list":["post-48","page","type-page","status-publish","hentry","category-impression3d"],"_links":{"self":[{"href":"https:\/\/www.aacmb.fr\/wordpress\/wp-json\/wp\/v2\/pages\/48","targetHints":{"allow":["GET"]}}],"collection":[{"href":"https:\/\/www.aacmb.fr\/wordpress\/wp-json\/wp\/v2\/pages"}],"about":[{"href":"https:\/\/www.aacmb.fr\/wordpress\/wp-json\/wp\/v2\/types\/page"}],"author":[{"embeddable":true,"href":"https:\/\/www.aacmb.fr\/wordpress\/wp-json\/wp\/v2\/users\/1"}],"replies":[{"embeddable":true,"href":"https:\/\/www.aacmb.fr\/wordpress\/wp-json\/wp\/v2\/comments?post=48"}],"version-history":[{"count":0,"href":"https:\/\/www.aacmb.fr\/wordpress\/wp-json\/wp\/v2\/pages\/48\/revisions"}],"wp:attachment":[{"href":"https:\/\/www.aacmb.fr\/wordpress\/wp-json\/wp\/v2\/media?parent=48"}],"wp:term":[{"taxonomy":"category","embeddable":true,"href":"https:\/\/www.aacmb.fr\/wordpress\/wp-json\/wp\/v2\/categories?post=48"},{"taxonomy":"post_tag","embeddable":true,"href":"https:\/\/www.aacmb.fr\/wordpress\/wp-json\/wp\/v2\/tags?post=48"}],"curies":[{"name":"wp","href":"https:\/\/api.w.org\/{rel}","templated":true}]}}