{"id":44,"date":"2018-06-11T13:46:21","date_gmt":"2018-06-11T11:46:21","guid":{"rendered":"https:\/\/www.aacmb.fr\/wordpress\/?page_id=44"},"modified":"2026-03-01T17:41:28","modified_gmt":"2026-03-01T16:41:28","slug":"impression-3d-cnc-laser","status":"publish","type":"page","link":"https:\/\/www.aacmb.fr\/wordpress\/","title":{"rendered":""},"content":{"rendered":"<p style=\"padding-left: 40px;\">Bienvenue sur ce site, d\u00e9di\u00e9 \u00e0 l&rsquo;impression 3D et \u00e0 tout ce qui gravite autour. Je vous souhaite une bonne visite.\u00a0<br \/><br \/>Et si vous souhaitez ne rien manquer de mon activit\u00e9, n&rsquo;h\u00e9sitez pas \u00e0 vous inscrire \u00e0 ma newsletter,<a href=\"https:\/\/www.aacmb.fr\/wordpress\/newsletter\/\"> en cliquant simplement sur ce lien<\/a>,\u00a0<\/p>\r\n\n<style>\n\t#hotspot-3091 .hotspots-image-container,\n\t#hotspot-3091 .leaflet-container {\n\t\tbackground: #efefef\t}\n\n\t#hotspot-3091 .hotspots-placeholder {\n\t\tbackground: #2E2D29;\n\t\tborder: 0 #2E2D29 solid;\n\t\tcolor: #DFEBE5;\n\t}\n\n\t#hotspot-3091 .hotspot-title {\n\t\tcolor: #93C7A4;\n\t}\n\n\t\t\t#hotspot-3091 .hotspot-default {\n\t\t\tstroke-width: 10;\n\t\t\tfill: #ffffff;\n\t\t\tfill-opacity: 0;\n\t\t\tstroke: #ffffff;\n\t\t\tstroke-opacity: 0;\n\t\t}\n\t\t#hotspot-3091 .hotspot-default:hover,\n\t\t#hotspot-3091 .hotspot-default:focus-visible,\n\t\t#hotspot-3091 .hotspot-default.hotspot-active {\n\t\t\tfill: #ffffff;\n\t\t\tfill-opacity: 0.71;\n\t\t\tstroke: #000000;\n\t\t\tstroke-opacity: 1.01;\n\t\t}\n\t\t#hotspot-3091 .leaflet-tooltip,\n\t#hotspot-3091 .leaflet-rrose-content-wrapper {\n\t\tbackground: #2E2D29;\n\t\tborder-color: #2E2D29;\n\t\tcolor: #DFEBE5;\n\t}\n\n\t#hotspot-3091 a.leaflet-rrose-close-button {\n\t\tcolor: #93C7A4;\n\t}\n\n\t#hotspot-3091 .leaflet-rrose-tip {\n\t\tbackground: #2E2D29;\n\t}\n\n\t#hotspot-3091 .leaflet-popup-scrolled {\n\t\tborder-bottom-color: #DFEBE5;\n\t\tborder-top-color: #DFEBE5;\n\t}\n\n\t#hotspot-3091 .leaflet-tooltip-top:before {\n\t\tborder-top-color: #2E2D29;\n\t}\n\n\t#hotspot-3091 .leaflet-tooltip-bottom:before {\n\t\tborder-bottom-color: #2E2D29;\n\t}\n\t#hotspot-3091 .leaflet-tooltip-left:before {\n\t\tborder-left-color: #2E2D29;\n\t}\n\t#hotspot-3091 .leaflet-tooltip-right:before {\n\t\tborder-right-color: #2E2D29;\n\t}\n<\/style>\n\n\t\n\t<div class=\"hotspots-container links-only layout-left event-click\" id=\"hotspot-3091\" data-layout=\"left\" data-trigger=\"click\">\n\t\t<div class=\"hotspots-interaction\">\n\t\t\t<div class=\"hotspots-image-container\">\n\t<img\n\t\twidth=\"681\"\n\t\theight=\"808\"\n\t\tsrc=\"https:\/\/www.aacmb.fr\/wordpress\/wp-content\/uploads\/2026\/04\/nouveau_desing_site.png\"\n\t\talt=\"image_choix\"\n\t\tclass=\"hotspots-image skip-lazy\"\n\t\tusemap=\"#hotspots-image-3091\"\n\t\tdata-image-title=\"image_choix\"\n\t\tdata-image-description=\"\"\n\t\tdata-event-trigger=\"click\"\n\t\tdata-always-visible=\"false\"\n\t\tdata-id=\"3091\"\n\t\tdata-no-lazy=\"1\"\n\t\tdata-lazy-src=\"\"\n\t\tdata-lazy=\"false\"\n\t\tloading=\"eager\"\n\t\tdata-skip-lazy=\"1\"\n\t\t>\n<\/div>\t\t<\/div>\n\t\t<map name=\"hotspots-image-3091\" class=\"hotspots-map\">\n\t\t\t\t\t\t\t\t\t\t\t<area\n\t\t\t\t\tshape=\"circle\"\n\t\t\t\t\tcoords=\"151,164,75\"\n\t\t\t\t\thref=\"https:\/\/www.aacmb.fr\/wordpress\/projet-laser\/\"\n\t\t\t\t\trel=\"\"\n\t\t\t\t\ttitle=\"Gravure Laser\"\n\t\t\t\t\talt=\"Gravure Laser\"\n\t\t\t\t\tdata-action=\"url\"\n\t\t\t\t\tdata-color-scheme=\"\"\n\t\t\t\t\ttarget=\"\"\n\t\t\t\t\tclass=\"url-area\"\n\t\t\t\t\t>\n\t\t\t\t\t\t\t\t\t\t\t<area\n\t\t\t\t\tshape=\"circle\"\n\t\t\t\t\tcoords=\"85,348,73\"\n\t\t\t\t\thref=\"https:\/\/www.aacmb.fr\/wordpress\/outils-modelisation-cnc-laser\/\"\n\t\t\t\t\trel=\"\"\n\t\t\t\t\ttitle=\"Outils\"\n\t\t\t\t\talt=\"Outils\"\n\t\t\t\t\tdata-action=\"url\"\n\t\t\t\t\tdata-color-scheme=\"\"\n\t\t\t\t\ttarget=\"\"\n\t\t\t\t\tclass=\"url-area\"\n\t\t\t\t\t>\n\t\t\t\t\t\t\t\t\t\t\t<area\n\t\t\t\t\tshape=\"circle\"\n\t\t\t\t\tcoords=\"339,594,75\"\n\t\t\t\t\thref=\"#\"\n\t\t\t\t\trel=\"\"\n\t\t\t\t\ttitle=\"Liens utiles\"\n\t\t\t\t\talt=\"Liens utiles\"\n\t\t\t\t\tdata-action=\"url\"\n\t\t\t\t\tdata-color-scheme=\"\"\n\t\t\t\t\ttarget=\"\"\n\t\t\t\t\tclass=\"url-area\"\n\t\t\t\t\t>\n\t\t\t\t\t\t\t\t\t\t\t<area\n\t\t\t\t\tshape=\"circle\"\n\t\t\t\t\tcoords=\"528,528,74\"\n\t\t\t\t\thref=\"https:\/\/www.aacmb.fr\/wordpress\/tutoriels-introduction\/\"\n\t\t\t\t\trel=\"\"\n\t\t\t\t\ttitle=\"Tutoriel\"\n\t\t\t\t\talt=\"Tutoriel\"\n\t\t\t\t\tdata-action=\"url\"\n\t\t\t\t\tdata-color-scheme=\"\"\n\t\t\t\t\ttarget=\"\"\n\t\t\t\t\tclass=\"url-area\"\n\t\t\t\t\t>\n\t\t\t\t\t\t\t\t\t\t\t<area\n\t\t\t\t\tshape=\"circle\"\n\t\t\t\t\tcoords=\"596,344,74\"\n\t\t\t\t\thref=\"https:\/\/www.aacmb.fr\/wordpress\/la-numerisation\/\"\n\t\t\t\t\trel=\"\"\n\t\t\t\t\ttitle=\"Num\u00e9risation\"\n\t\t\t\t\talt=\"Num\u00e9risation\"\n\t\t\t\t\tdata-action=\"url\"\n\t\t\t\t\tdata-color-scheme=\"\"\n\t\t\t\t\ttarget=\"\"\n\t\t\t\t\tclass=\"url-area\"\n\t\t\t\t\t>\n\t\t\t\t\t\t\t\t\t\t\t<area\n\t\t\t\t\tshape=\"circle\"\n\t\t\t\t\tcoords=\"534,157,75\"\n\t\t\t\t\thref=\"https:\/\/www.aacmb.fr\/wordpress\/projet-cnc-gravure\/\"\n\t\t\t\t\trel=\"\"\n\t\t\t\t\ttitle=\"Gravure CNC\"\n\t\t\t\t\talt=\"Gravure CNC\"\n\t\t\t\t\tdata-action=\"url\"\n\t\t\t\t\tdata-color-scheme=\"\"\n\t\t\t\t\ttarget=\"\"\n\t\t\t\t\tclass=\"url-area\"\n\t\t\t\t\t>\n\t\t\t\t\t\t\t\t\t\t\t<area\n\t\t\t\t\tshape=\"circle\"\n\t\t\t\t\tcoords=\"341,89,75\"\n\t\t\t\t\thref=\"https:\/\/www.aacmb.fr\/wordpress\/introduction\/\"\n\t\t\t\t\trel=\"\"\n\t\t\t\t\ttitle=\"Impression 3D\"\n\t\t\t\t\talt=\"Impression 3D\"\n\t\t\t\t\tdata-action=\"url\"\n\t\t\t\t\tdata-color-scheme=\"\"\n\t\t\t\t\ttarget=\"\"\n\t\t\t\t\tclass=\"url-area\"\n\t\t\t\t\t>\n\t\t\t\t\t\t\t\t\t\t\t<area\n\t\t\t\t\tshape=\"polygon\"\n\t\t\t\t\tcoords=\"161,778,161,710,526,710,526,778\"\n\t\t\t\t\thref=\"https:\/\/www.aacmb.fr\/wordpress\/contact\/\"\n\t\t\t\t\trel=\"\"\n\t\t\t\t\ttitle=\"Pour me contacter\"\n\t\t\t\t\talt=\"Pour me contacter\"\n\t\t\t\t\tdata-action=\"url\"\n\t\t\t\t\tdata-color-scheme=\"\"\n\t\t\t\t\ttarget=\"\"\n\t\t\t\t\tclass=\"url-area\"\n\t\t\t\t\t>\n\t\t\t\t\t\t\t\t\t\t\t<area\n\t\t\t\t\tshape=\"circle\"\n\t\t\t\t\tcoords=\"343,349,128\"\n\t\t\t\t\thref=\"https:\/\/www.aacmb.fr\/wordpress\/a-propos-de\/\"\n\t\t\t\t\trel=\"\"\n\t\t\t\t\ttitle=\"Pr\u00e9sentation du site\"\n\t\t\t\t\talt=\"Pr\u00e9sentation du site\"\n\t\t\t\t\tdata-action=\"url\"\n\t\t\t\t\tdata-color-scheme=\"\"\n\t\t\t\t\ttarget=\"\"\n\t\t\t\t\tclass=\"url-area\"\n\t\t\t\t\t>\n\t\t\t\t\t\t\t\t\t\t\t<area\n\t\t\t\t\tshape=\"circle\"\n\t\t\t\t\tcoords=\"153,530,73\"\n\t\t\t\t\thref=\"https:\/\/www.aacmb.fr\/wordpress\/labo\"\n\t\t\t\t\trel=\"\"\n\t\t\t\t\ttitle=\"Labo\"\n\t\t\t\t\talt=\"Labo\"\n\t\t\t\t\tdata-action=\"url\"\n\t\t\t\t\tdata-color-scheme=\"\"\n\t\t\t\t\ttarget=\"\"\n\t\t\t\t\tclass=\"url-area\"\n\t\t\t\t\t>\n\t\t\t\t\t<\/map>\n\n\t\t\n\t\t\t\t\t\t\t\t\t\t\t\t\t\t\t\t\t\t\t\t\t\t\t\t\t\t\t\t\t\t\t\t\t<\/div>\n\n\r\n<h4 class=\"text action_box-title\">\u00c0 la une<\/h4>\r\n<ul>\r\n<li style=\"list-style-type: none;\">\r\n<ul>\r\n<li><a href=\"https:\/\/www.aacmb.fr\/wordpress\/2026\/02\/28\/fin-de-bobines\/\">Comment utiliser ses fins de bobines<\/a><\/li>\r\n<li><a href=\"https:\/\/www.aacmb.fr\/wordpress\/?p=5065&amp;preview=true\">HueForge : Filaments et transistions<\/a><\/li>\r\n<li><a href=\"https:\/\/www.aacmb.fr\/wordpress\/2026\/02\/12\/ams-quels-filaments\/\">AMS Anycubic : Quels filaments ?<\/a><\/li>\r\n<li><a href=\"https:\/\/www.aacmb.fr\/wordpress\/2026\/01\/21\/hueforge-impression-depuis-des-photos\/\">HueForge : impression depuis des photos ?<\/a><\/li>\r\n<li><a href=\"https:\/\/www.aacmb.fr\/wordpress\/2025\/11\/27\/freecad-les-repetitions\/\">FreeCAD : les r\u00e9p\u00e9tions<\/a><\/li>\r\n<li><a href=\"https:\/\/www.aacmb.fr\/wordpress\/2025\/11\/04\/hueforge-quest-ce-que-cest\/\">D\u00e9couverte du logiciel HueForge<\/a><\/li>\r\n<li><a href=\"https:\/\/www.aacmb.fr\/wordpress\/2025\/10\/07\/reussir-un-assemblage-avec-freecad\/\">R\u00e9ussir un assemblage avec FreeCAD<\/a><\/li>\r\n<li><a href=\"https:\/\/www.aacmb.fr\/wordpress\/2025\/09\/27\/bottango_01\/\">DIY : Initiation \u00e0 la robotique<\/a><\/li>\r\n<li><a href=\"https:\/\/www.aacmb.fr\/wordpress\/2025\/04\/15\/numerisation-avec-le-creality-cr-scan-ferret-pro\/\">Num\u00e9risation avec le Creality CR-scan Ferret Pro<\/a><\/li>\r\n<li><a href=\"https:\/\/www.aacmb.fr\/wordpress\/2025\/04\/08\/numerisation-par-photogrammetrie\/\">Num\u00e9risation par photogramm\u00e9trie<\/a><\/li>\r\n<li><a href=\"https:\/\/www.aacmb.fr\/wordpress\/2025\/04\/04\/freecad-boites-parametriques\/\">FreeCAD : Boites param\u00e9triques<\/a><\/li>\r\n<\/ul>\r\n<\/li>\r\n<\/ul>\r\n<p><a title=\"Referencement Google\" href=\"http:\/\/www.referencement-google-gratuit.com\/\">(R\u00e9f\u00e9renc\u00e9 par Google<\/a>)<\/p>\r\n<h4>Newsletters<\/h4>\r\n<ul class=\"mailpoet_archive\"><li><span class=\"mailpoet_archive_date\">10 f\u00e9vrier 2026<\/span>\n          <span class=\"mailpoet_archive_subject\"><a href=\"https:\/\/www.aacmb.fr\/wordpress?mailpoet_router&amp;endpoint=view_in_browser&amp;action=view&amp;data=WzIyLCJmM2FjN2U1YjhlN2EiLDAsMCwxOCwxXQ\" target=\"_blank\" title=\"Aper\u00e7u dans un nouvel onglet\">Newsletter n\u00b0 17<\/a><\/span>\n        <\/li><li><span class=\"mailpoet_archive_date\">4 novembre 2025<\/span>\n          <span class=\"mailpoet_archive_subject\"><a href=\"https:\/\/www.aacmb.fr\/wordpress?mailpoet_router&amp;endpoint=view_in_browser&amp;action=view&amp;data=WzIxLCJmMTY4MDY1OWRhNWQiLDAsMCwxNywxXQ\" target=\"_blank\" title=\"Aper\u00e7u dans un nouvel onglet\">Newsletter n\u00b0 16<\/a><\/span>\n        <\/li><li><span class=\"mailpoet_archive_date\">26 ao\u00fbt 2025<\/span>\n          <span class=\"mailpoet_archive_subject\"><a href=\"https:\/\/www.aacmb.fr\/wordpress?mailpoet_router&amp;endpoint=view_in_browser&amp;action=view&amp;data=WzIwLCI3M2UzNWQwYmJlMDgiLDAsMCwxNiwxXQ\" target=\"_blank\" title=\"Aper\u00e7u dans un nouvel onglet\">Newsletter n\u00b0 15<\/a><\/span>\n        <\/li><li><span class=\"mailpoet_archive_date\">5 mai 2025<\/span>\n          <span class=\"mailpoet_archive_subject\"><a href=\"https:\/\/www.aacmb.fr\/wordpress?mailpoet_router&amp;endpoint=view_in_browser&amp;action=view&amp;data=WzE5LCJmZGM3OWI4Y2MzYzciLDAsMCwxNSwxXQ\" target=\"_blank\" title=\"Aper\u00e7u dans un nouvel onglet\">Newsletter n\u00b0 14<\/a><\/span>\n        <\/li><li><span class=\"mailpoet_archive_date\">28 mars 2025<\/span>\n          <span class=\"mailpoet_archive_subject\"><a href=\"https:\/\/www.aacmb.fr\/wordpress?mailpoet_router&amp;endpoint=view_in_browser&amp;action=view&amp;data=WzE4LCJiMmY4YWIxYzc0OGQiLDAsMCwxNCwxXQ\" target=\"_blank\" title=\"Aper\u00e7u dans un nouvel onglet\">Newsletter n\u00b0 13<\/a><\/span>\n        <\/li><li><span class=\"mailpoet_archive_date\">8 janvier 2025<\/span>\n          <span class=\"mailpoet_archive_subject\"><a href=\"https:\/\/www.aacmb.fr\/wordpress?mailpoet_router&amp;endpoint=view_in_browser&amp;action=view&amp;data=WzE3LCI5NzAzZjMxOWZmYmYiLDAsMCwxMywxXQ\" target=\"_blank\" title=\"Aper\u00e7u dans un nouvel onglet\">Newsletter n\u00b0 12<\/a><\/span>\n        <\/li><li><span class=\"mailpoet_archive_date\">6 novembre 2024<\/span>\n          <span class=\"mailpoet_archive_subject\"><a href=\"https:\/\/www.aacmb.fr\/wordpress?mailpoet_router&amp;endpoint=view_in_browser&amp;action=view&amp;data=WzE2LCI4YTlkMzQ3OWNhOTEiLDAsMCwxMiwxXQ\" target=\"_blank\" title=\"Aper\u00e7u dans un nouvel onglet\">Newsletter n\u00b0 11<\/a><\/span>\n        <\/li><li><span class=\"mailpoet_archive_date\">19 septembre 2024<\/span>\n          <span class=\"mailpoet_archive_subject\"><a href=\"https:\/\/www.aacmb.fr\/wordpress?mailpoet_router&amp;endpoint=view_in_browser&amp;action=view&amp;data=WzE1LCJiODQzY2VhZmJmMmQiLDAsMCwxMSwxXQ\" target=\"_blank\" title=\"Aper\u00e7u dans un nouvel onglet\">Newsletter n\u00b0 10<\/a><\/span>\n        <\/li><li><span class=\"mailpoet_archive_date\">28 juillet 2024<\/span>\n          <span class=\"mailpoet_archive_subject\"><a href=\"https:\/\/www.aacmb.fr\/wordpress?mailpoet_router&amp;endpoint=view_in_browser&amp;action=view&amp;data=WzE0LCI0ODU5NWI5YjNlNWYiLDAsMCwxMCwxXQ\" target=\"_blank\" title=\"Aper\u00e7u dans un nouvel onglet\">Newsletter n\u00b0 9<\/a><\/span>\n        <\/li><li><span class=\"mailpoet_archive_date\">28 juin 2024<\/span>\n          <span class=\"mailpoet_archive_subject\"><a href=\"https:\/\/www.aacmb.fr\/wordpress?mailpoet_router&amp;endpoint=view_in_browser&amp;action=view&amp;data=WzEzLCIwNTNkZWI4ZWZlNzEiLDAsMCw5LDFd\" target=\"_blank\" title=\"Aper\u00e7u dans un nouvel onglet\">Newsletter n\u00b0 8<\/a><\/span>\n        <\/li><li><span class=\"mailpoet_archive_date\">24 mai 2024<\/span>\n          <span class=\"mailpoet_archive_subject\"><a href=\"https:\/\/www.aacmb.fr\/wordpress?mailpoet_router&amp;endpoint=view_in_browser&amp;action=view&amp;data=WzEyLCJlMGEyMWIxZDQyOTAiLDAsMCw4LDFd\" target=\"_blank\" title=\"Aper\u00e7u dans un nouvel onglet\">Newsletter n\u00b0 7<\/a><\/span>\n        <\/li><li><span class=\"mailpoet_archive_date\">26 mars 2024<\/span>\n          <span class=\"mailpoet_archive_subject\"><a href=\"https:\/\/www.aacmb.fr\/wordpress?mailpoet_router&amp;endpoint=view_in_browser&amp;action=view&amp;data=WzExLCI3M2JiMjU4NWJmYmIiLDAsMCw3LDFd\" target=\"_blank\" title=\"Aper\u00e7u dans un nouvel onglet\">Newsletter n\u00b0 6<\/a><\/span>\n        <\/li><li><span class=\"mailpoet_archive_date\">26 f\u00e9vrier 2024<\/span>\n          <span class=\"mailpoet_archive_subject\"><a href=\"https:\/\/www.aacmb.fr\/wordpress?mailpoet_router&amp;endpoint=view_in_browser&amp;action=view&amp;data=WzEwLCJiNDVjZmM1MmFhYjgiLDAsMCw2LDFd\" target=\"_blank\" title=\"Aper\u00e7u dans un nouvel onglet\">Newsletter n\u00b0 5<\/a><\/span>\n        <\/li><li><span class=\"mailpoet_archive_date\">31 janvier 2024<\/span>\n          <span class=\"mailpoet_archive_subject\"><a href=\"https:\/\/www.aacmb.fr\/wordpress?mailpoet_router&amp;endpoint=view_in_browser&amp;action=view&amp;data=WzksIjllMWExZDU5M2U5ZCIsMCwwLDUsMV0\" target=\"_blank\" title=\"Aper\u00e7u dans un nouvel onglet\">Newsletter n\u00b0 4<\/a><\/span>\n        <\/li><li><span class=\"mailpoet_archive_date\">22 d\u00e9cembre 2023<\/span>\n          <span class=\"mailpoet_archive_subject\"><a href=\"https:\/\/www.aacmb.fr\/wordpress?mailpoet_router&amp;endpoint=view_in_browser&amp;action=view&amp;data=WzgsImUwMTA5MTdhODI3YSIsMCwwLDQsMV0\" target=\"_blank\" title=\"Aper\u00e7u dans un nouvel onglet\">Newsletter n\u00b0 3<\/a><\/span>\n        <\/li><li><span class=\"mailpoet_archive_date\">17 novembre 2023<\/span>\n          <span class=\"mailpoet_archive_subject\"><a href=\"https:\/\/www.aacmb.fr\/wordpress?mailpoet_router&amp;endpoint=view_in_browser&amp;action=view&amp;data=WzcsIjYxYWZlNmFkZGE0NSIsMCwwLDMsMV0\" target=\"_blank\" title=\"Aper\u00e7u dans un nouvel onglet\">Newsletter n\u00b0 2<\/a><\/span>\n        <\/li><li><span class=\"mailpoet_archive_date\">24 octobre 2023<\/span>\n          <span class=\"mailpoet_archive_subject\"><a href=\"https:\/\/www.aacmb.fr\/wordpress?mailpoet_router&amp;endpoint=view_in_browser&amp;action=view&amp;data=WzUsImVmOTg0NGVmY2U5NyIsMCwwLDIsMV0\" target=\"_blank\" title=\"Aper\u00e7u dans un nouvel onglet\">Newsletter n\u00b0 1<\/a><\/span>\n        <\/li><\/ul>\r\n\r\n<p>&nbsp;<\/p>\r\n\r\n\r\n\r\n<p>&nbsp;<\/p>\r\n","protected":false},"excerpt":{"rendered":"<p>Bienvenue sur ce site, d\u00e9di\u00e9 \u00e0 l&rsquo;impression 3D et \u00e0 tout ce qui gravite autour. Je vous souhaite une bonne visite.\u00a0 Et si vous souhaitez ne rien manquer de mon activit\u00e9, n&rsquo;h\u00e9sitez pas \u00e0 vous inscrire \u00e0 ma newsletter, en cliquant simplement sur ce lien,\u00a0 \u00c0 la une Comment utiliser ses fins de bobines HueForge &hellip; <\/p>\n<p class=\"link-more\"><a href=\"https:\/\/www.aacmb.fr\/wordpress\/\" class=\"more-link\">Continuer la lecture<span class=\"screen-reader-text\"> de &laquo;&nbsp;&nbsp;&raquo;<\/span><\/a><\/p>\n","protected":false},"author":1,"featured_media":0,"parent":0,"menu_order":0,"comment_status":"closed","ping_status":"closed","template":"","meta":{"footnotes":""},"categories":[71],"tags":[],"class_list":["post-44","page","type-page","status-publish","hentry","category-intro"],"_links":{"self":[{"href":"https:\/\/www.aacmb.fr\/wordpress\/wp-json\/wp\/v2\/pages\/44","targetHints":{"allow":["GET"]}}],"collection":[{"href":"https:\/\/www.aacmb.fr\/wordpress\/wp-json\/wp\/v2\/pages"}],"about":[{"href":"https:\/\/www.aacmb.fr\/wordpress\/wp-json\/wp\/v2\/types\/page"}],"author":[{"embeddable":true,"href":"https:\/\/www.aacmb.fr\/wordpress\/wp-json\/wp\/v2\/users\/1"}],"replies":[{"embeddable":true,"href":"https:\/\/www.aacmb.fr\/wordpress\/wp-json\/wp\/v2\/comments?post=44"}],"version-history":[{"count":0,"href":"https:\/\/www.aacmb.fr\/wordpress\/wp-json\/wp\/v2\/pages\/44\/revisions"}],"wp:attachment":[{"href":"https:\/\/www.aacmb.fr\/wordpress\/wp-json\/wp\/v2\/media?parent=44"}],"wp:term":[{"taxonomy":"category","embeddable":true,"href":"https:\/\/www.aacmb.fr\/wordpress\/wp-json\/wp\/v2\/categories?post=44"},{"taxonomy":"post_tag","embeddable":true,"href":"https:\/\/www.aacmb.fr\/wordpress\/wp-json\/wp\/v2\/tags?post=44"}],"curies":[{"name":"wp","href":"https:\/\/api.w.org\/{rel}","templated":true}]}}