{"id":410,"date":"2018-09-19T11:17:19","date_gmt":"2018-09-19T09:17:19","guid":{"rendered":"http:\/\/a.francoise.free.fr\/?page_id=410"},"modified":"2022-08-23T14:52:14","modified_gmt":"2022-08-23T12:52:14","slug":"projet-triangulation-laser","status":"publish","type":"page","link":"https:\/\/www.aacmb.fr\/wordpress\/projet-triangulation-laser\/","title":{"rendered":"Projet &#8211; Triangulation laser"},"content":{"rendered":"<p>Ca y est, je me lance &#8230;..<\/p>\n<p><img loading=\"lazy\" decoding=\"async\" class=\"aligncenter size-medium wp-image-444\" src=\"https:\/\/www.aacmb.fr\/wordpress\/wp-content\/uploads\/2018\/09\/scanner_3D-300x215.png\" alt=\"\" width=\"300\" height=\"215\" srcset=\"https:\/\/www.aacmb.fr\/wordpress\/wp-content\/uploads\/2018\/09\/scanner_3D-300x215.png 300w, https:\/\/www.aacmb.fr\/wordpress\/wp-content\/uploads\/2018\/09\/scanner_3D-350x251.png 350w, https:\/\/www.aacmb.fr\/wordpress\/wp-content\/uploads\/2018\/09\/scanner_3D.png 486w\" sizes=\"auto, (max-width: 300px) 100vw, 300px\" \/><\/p>\n<p>Je viens de commander le mat\u00e9riel, en passant par un site purement chinois, mais disposant d&rsquo;un entrep\u00f4t en Allemagne.<\/p>\n<p>Bilan de l&rsquo;op\u00e9ration : presque 200 euros sur Amazon pour un Ciclop originel, et moins de 100 euros pour sa petite copie, livr\u00e9 depuis l&rsquo;Allemagne en 4 jours.<\/p>\n<h4>Le montage<\/h4>\n<p>Rien \u00e0 dire sur la livraison. Parfaitement emball\u00e9, tout le mat\u00e9riel est bien l\u00e0.<\/p>\n<p><img loading=\"lazy\" decoding=\"async\" class=\"aligncenter size-medium wp-image-451\" src=\"https:\/\/www.aacmb.fr\/wordpress\/wp-content\/uploads\/2018\/10\/20180929_161800-225x300.jpg\" alt=\"\" width=\"225\" height=\"300\" srcset=\"https:\/\/www.aacmb.fr\/wordpress\/wp-content\/uploads\/2018\/10\/20180929_161800-225x300.jpg 225w, https:\/\/www.aacmb.fr\/wordpress\/wp-content\/uploads\/2018\/10\/20180929_161800-350x466.jpg 350w, https:\/\/www.aacmb.fr\/wordpress\/wp-content\/uploads\/2018\/10\/20180929_161800.jpg 640w\" sizes=\"auto, (max-width: 225px) 100vw, 225px\" \/><br \/>\nJe m&rsquo;attendais \u00e0 recevoir des pi\u00e8ces imprim\u00e9es, mais il s&rsquo;agit de pi\u00e8ces moul\u00e9es. Finition parfaite du coup.<\/p>\n<p><img loading=\"lazy\" decoding=\"async\" class=\"alignnone size-full wp-image-961 aligncenter\" src=\"https:\/\/www.aacmb.fr\/wordpress\/wp-content\/uploads\/2018\/12\/20180929_161847.jpg\" alt=\"\" width=\"500\" height=\"667\" srcset=\"https:\/\/www.aacmb.fr\/wordpress\/wp-content\/uploads\/2018\/12\/20180929_161847.jpg 500w, https:\/\/www.aacmb.fr\/wordpress\/wp-content\/uploads\/2018\/12\/20180929_161847-350x467.jpg 350w, https:\/\/www.aacmb.fr\/wordpress\/wp-content\/uploads\/2018\/12\/20180929_161847-225x300.jpg 225w\" sizes=\"auto, (max-width: 500px) 100vw, 500px\" \/><\/p>\n<p>Pour le montage, il suffit de prendre n&rsquo;importe quel site parlant du projet Ciclop pour trouver les explication n\u00e9cessaires, et r\u00e9aliser le montage sans le moindre probl\u00e8me.<\/p>\n<p>Au passage, r\u00e9alisation d&rsquo;un coffret bois afin de bien prot\u00e9ger le mat\u00e9riel.<\/p>\n<p><img loading=\"lazy\" decoding=\"async\" class=\"alignnone size-full wp-image-963 aligncenter\" src=\"https:\/\/www.aacmb.fr\/wordpress\/wp-content\/uploads\/2018\/12\/20181221_100236.jpg\" alt=\"\" width=\"500\" height=\"667\" srcset=\"https:\/\/www.aacmb.fr\/wordpress\/wp-content\/uploads\/2018\/12\/20181221_100236.jpg 500w, https:\/\/www.aacmb.fr\/wordpress\/wp-content\/uploads\/2018\/12\/20181221_100236-350x467.jpg 350w, https:\/\/www.aacmb.fr\/wordpress\/wp-content\/uploads\/2018\/12\/20181221_100236-225x300.jpg 225w\" sizes=\"auto, (max-width: 500px) 100vw, 500px\" \/><\/p>\n<p>Pieds et verrous sur mesure.<\/p>\n<p><img loading=\"lazy\" decoding=\"async\" class=\"alignnone size-full wp-image-964 alignleft\" src=\"https:\/\/www.aacmb.fr\/wordpress\/wp-content\/uploads\/2018\/12\/20181221_100502.jpg\" alt=\"\" width=\"250\" height=\"188\" \/> <img loading=\"lazy\" decoding=\"async\" class=\"alignnone size-full wp-image-965 alignleft\" src=\"https:\/\/www.aacmb.fr\/wordpress\/wp-content\/uploads\/2018\/12\/20181221_100546.jpg\" alt=\"\" width=\"250\" height=\"188\" \/><\/p>\n<p>&nbsp;<\/p>\n<p>&nbsp;<\/p>\n<p>&nbsp;<\/p>\n<p>&nbsp;<\/p>\n<h4>L&rsquo;installation logicielle<\/h4>\n<p>C&rsquo;est ici que mes gal\u00e8res ont commenc\u00e9es !<br \/>\nImpossible de trouver une version logicielle fonctionnant sous un Windows sup\u00e9rieur \u00e0 Windows 95. Et la machine dont je disposais encore sous Win95 se montre trop lente pour effectuer une acquisition de bonne qualit\u00e9.<\/p>\n<p>Je me dis alors qu&rsquo;il est urgent d&rsquo;attendre pour voir comment se projet \u00e9volue.<\/p>\n<p>Et oh miracle, je tombe sur un article pr\u00e9sentant un projet d&rsquo;\u00e9volution de ce Ciclop en Pyclop, \u00e0 base d&rsquo;un Raspberry. Une solution qui permet d&rsquo;utiliser une application Web pour effectuer un scan qui devrait \u00eatre sup\u00e9rieur en qualit\u00e9.<\/p>\n<p>Je vais donc m&rsquo;inspirer de cet article en anglais pour effectuer la transformation. <a href=\"https:\/\/www.aacmb.fr\/wordpress\/ciclop-vers-pyclop\/\">A suivre ici<\/a>.<\/p>\n<p style=\"text-align: right;\"><a class=\"maxbutton-1 maxbutton maxbutton-boutonretour\" title=\"Retour \u00e0 la page pr\u00e9c\u00e9dente\" href=\"\"><span class='mb-text'>Retour<\/span><\/a><\/p>\n","protected":false},"excerpt":{"rendered":"<p>Ca y est, je me lance &#8230;.. Je viens de commander le mat\u00e9riel, en passant par un site purement chinois, mais disposant d&rsquo;un entrep\u00f4t en Allemagne. Bilan de l&rsquo;op\u00e9ration : presque 200 euros sur Amazon pour un Ciclop originel, et moins de 100 euros pour sa petite copie, livr\u00e9 depuis l&rsquo;Allemagne en 4 jours. Le &hellip; <\/p>\n<p class=\"link-more\"><a href=\"https:\/\/www.aacmb.fr\/wordpress\/projet-triangulation-laser\/\" class=\"more-link\">Continuer la lecture<span class=\"screen-reader-text\"> de &laquo;&nbsp;Projet &#8211; Triangulation laser&nbsp;&raquo;<\/span><\/a><\/p>\n","protected":false},"author":1,"featured_media":0,"parent":0,"menu_order":0,"comment_status":"closed","ping_status":"closed","template":"","meta":{"footnotes":""},"categories":[64],"tags":[],"class_list":["post-410","page","type-page","status-publish","hentry","category-numerisation"],"_links":{"self":[{"href":"https:\/\/www.aacmb.fr\/wordpress\/wp-json\/wp\/v2\/pages\/410","targetHints":{"allow":["GET"]}}],"collection":[{"href":"https:\/\/www.aacmb.fr\/wordpress\/wp-json\/wp\/v2\/pages"}],"about":[{"href":"https:\/\/www.aacmb.fr\/wordpress\/wp-json\/wp\/v2\/types\/page"}],"author":[{"embeddable":true,"href":"https:\/\/www.aacmb.fr\/wordpress\/wp-json\/wp\/v2\/users\/1"}],"replies":[{"embeddable":true,"href":"https:\/\/www.aacmb.fr\/wordpress\/wp-json\/wp\/v2\/comments?post=410"}],"version-history":[{"count":0,"href":"https:\/\/www.aacmb.fr\/wordpress\/wp-json\/wp\/v2\/pages\/410\/revisions"}],"wp:attachment":[{"href":"https:\/\/www.aacmb.fr\/wordpress\/wp-json\/wp\/v2\/media?parent=410"}],"wp:term":[{"taxonomy":"category","embeddable":true,"href":"https:\/\/www.aacmb.fr\/wordpress\/wp-json\/wp\/v2\/categories?post=410"},{"taxonomy":"post_tag","embeddable":true,"href":"https:\/\/www.aacmb.fr\/wordpress\/wp-json\/wp\/v2\/tags?post=410"}],"curies":[{"name":"wp","href":"https:\/\/api.w.org\/{rel}","templated":true}]}}