{"id":3978,"date":"2024-02-08T17:07:09","date_gmt":"2024-02-08T16:07:09","guid":{"rendered":"https:\/\/www.aacmb.fr\/wordpress\/?page_id=3978"},"modified":"2024-02-08T20:46:00","modified_gmt":"2024-02-08T19:46:00","slug":"tuto-luban","status":"publish","type":"page","link":"https:\/\/www.aacmb.fr\/wordpress\/tuto-luban\/","title":{"rendered":"Tuto LuBan 3D"},"content":{"rendered":"<p style=\"text-align: right;\"><a class=\"maxbutton-1 maxbutton maxbutton-boutonretour\" title=\"Retour \u00e0 la page pr\u00e9c\u00e9dente\" href=\"\"><span class='mb-text'>Retour<\/span><\/a><\/p>\n<p>Ci-dessous, la liste des tuto LuBan 3D :<\/p>\n<ul class=\"lcp_catlist\" id=\"lcp_instance_0\"><li><a href=\"https:\/\/www.aacmb.fr\/wordpress\/2024\/02\/19\/boites-et-boites-lumineuses-avec-luban\/\">Boites et boites lumineuses avec LuBan<\/a>  (02\/2024)<\/li><li><a href=\"https:\/\/www.aacmb.fr\/wordpress\/2024\/02\/17\/lithophanie-avec-luban-3d\/\">Lithophanie avec LuBan 3D<\/a>  (02\/2024)<\/li><li><a href=\"https:\/\/www.aacmb.fr\/wordpress\/2024\/02\/12\/decouper-un-stl-avec-luban-3d\/\">D\u00e9couper un STL avec LuBan 3D<\/a>  (02\/2024)<\/li><li><a href=\"https:\/\/www.aacmb.fr\/wordpress\/2024\/02\/08\/manipuler-un-stl-avec-luban3\/\">Manipuler un STL avec LuBan3<\/a>  (02\/2024)<\/li><li><a href=\"https:\/\/www.aacmb.fr\/wordpress\/2024\/02\/07\/luban-3d-01\/\">LuBan 3D : un couteau suisse incontournable ?<\/a>  (02\/2024)<\/li><\/ul>\n","protected":false},"excerpt":{"rendered":"<p>Ci-dessous, la liste des tuto LuBan 3D :<\/p>\n","protected":false},"author":1,"featured_media":0,"parent":0,"menu_order":0,"comment_status":"closed","ping_status":"closed","template":"","meta":{"footnotes":""},"categories":[70],"tags":[],"class_list":["post-3978","page","type-page","status-publish","hentry","category-tuto"],"_links":{"self":[{"href":"https:\/\/www.aacmb.fr\/wordpress\/wp-json\/wp\/v2\/pages\/3978","targetHints":{"allow":["GET"]}}],"collection":[{"href":"https:\/\/www.aacmb.fr\/wordpress\/wp-json\/wp\/v2\/pages"}],"about":[{"href":"https:\/\/www.aacmb.fr\/wordpress\/wp-json\/wp\/v2\/types\/page"}],"author":[{"embeddable":true,"href":"https:\/\/www.aacmb.fr\/wordpress\/wp-json\/wp\/v2\/users\/1"}],"replies":[{"embeddable":true,"href":"https:\/\/www.aacmb.fr\/wordpress\/wp-json\/wp\/v2\/comments?post=3978"}],"version-history":[{"count":0,"href":"https:\/\/www.aacmb.fr\/wordpress\/wp-json\/wp\/v2\/pages\/3978\/revisions"}],"wp:attachment":[{"href":"https:\/\/www.aacmb.fr\/wordpress\/wp-json\/wp\/v2\/media?parent=3978"}],"wp:term":[{"taxonomy":"category","embeddable":true,"href":"https:\/\/www.aacmb.fr\/wordpress\/wp-json\/wp\/v2\/categories?post=3978"},{"taxonomy":"post_tag","embeddable":true,"href":"https:\/\/www.aacmb.fr\/wordpress\/wp-json\/wp\/v2\/tags?post=3978"}],"curies":[{"name":"wp","href":"https:\/\/api.w.org\/{rel}","templated":true}]}}