{"id":375,"date":"2018-09-18T14:33:44","date_gmt":"2018-09-18T12:33:44","guid":{"rendered":"http:\/\/a.francoise.free.fr\/?page_id=375"},"modified":"2022-08-23T14:03:48","modified_gmt":"2022-08-23T12:03:48","slug":"la-numerisation-impulsion-laser","status":"publish","type":"page","link":"https:\/\/www.aacmb.fr\/wordpress\/la-numerisation-impulsion-laser\/","title":{"rendered":"La num\u00e9risation &#8211; impulsion laser"},"content":{"rendered":"<div class=\"et_pb_text et_pb_bg_layout_light et_pb_text_align_left\"><strong>Les scanners 3D bas\u00e9s sur une technologie de type impulsion laser<\/strong> sont \u00e9galement connus sous le nom de scanners 3D par temps de vol ou encore <a href=\"https:\/\/fr.wikipedia.org\/wiki\/Lidar\" target=\"_blank\" rel=\"noopener\">Lidar<\/a>. Cette technique de scan 3D calcule le temps mis par un laser projet\u00e9 par le scanner 3D \u00e0 toucher la surface \u00e0 scanner en 3D et \u00e0 revenir sur un capteur. La vitesse de la lumi\u00e8re \u00e9tant tr\u00e8s pr\u00e9cis\u00e9ment connue, il est possible de calculer la distance qui s\u00e9pare le scanner 3D des diff\u00e9rents points de la surface devant \u00eatre scann\u00e9e en 3D.<br \/>\nPour de bons r\u00e9sultats, il est n\u00e9cessaire de calculer le temps mis par le laser pour effectuer l\u2019aller retour, avec une pr\u00e9cision de l\u2019ordre de la picoseconde\u00a0(0.000000001 seconde !).<br \/>\nChaque mesure effectu\u00e9e par le scanner 3D renseigne un point de la surface et l\u2019op\u00e9ration doit \u00eatre effectu\u00e9e des centaines de milliers de fois pour une surface compl\u00e8te.<br \/>\nLa technologie de scan 3D par temps de vol englobe les scanners 3D \u00e0 impulsion laser et les scanners 3D \u00e0 d\u00e9calage de phase. Ces derniers, en plus de moduler l\u2019amplitude du faisceau laser servant \u00e0 scanner en 3D, modulent \u00e9galement sa phase. Ces syst\u00e8mes offrent une performance sup\u00e9rieure en combinant les deux types de modulation.<\/p>\n<p style=\"padding-left: 30px;\"><u>Avantage<\/u> :\u00a0 leur capacit\u00e9 \u00e0 scanner en 3D des grands objets et environnements.<\/p>\n<p style=\"padding-left: 30px;\"><u>Inconv\u00e9nient<\/u> : leur lenteur.<\/p>\n<p>On va retrouver ce type de technologie dans la mod\u00e9lisation architecturale (genre num\u00e9risation d&rsquo;une grotte par exemple).<br \/>\nOu h\u00e9las pour nous, plus simplement dans la mesure de vitesse. No comment !<br \/>\nPrix tr\u00e8s \u00e9lev\u00e9 !!!!<\/p>\n<p style=\"text-align: right;\"><a class=\"maxbutton-1 maxbutton maxbutton-boutonretour\" title=\"Retour \u00e0 la page pr\u00e9c\u00e9dente\" href=\"\"><span class='mb-text'>Retour<\/span><\/a><\/p>\n<\/div>\n","protected":false},"excerpt":{"rendered":"<p>Les scanners 3D bas\u00e9s sur une technologie de type impulsion laser sont \u00e9galement connus sous le nom de scanners 3D par temps de vol ou encore Lidar. Cette technique de scan 3D calcule le temps mis par un laser projet\u00e9 par le scanner 3D \u00e0 toucher la surface \u00e0 scanner en 3D et \u00e0 revenir &hellip; <\/p>\n<p class=\"link-more\"><a href=\"https:\/\/www.aacmb.fr\/wordpress\/la-numerisation-impulsion-laser\/\" class=\"more-link\">Continuer la lecture<span class=\"screen-reader-text\"> de &laquo;&nbsp;La num\u00e9risation &#8211; impulsion laser&nbsp;&raquo;<\/span><\/a><\/p>\n","protected":false},"author":1,"featured_media":0,"parent":0,"menu_order":0,"comment_status":"closed","ping_status":"closed","template":"","meta":{"footnotes":""},"categories":[64],"tags":[],"class_list":["post-375","page","type-page","status-publish","hentry","category-numerisation"],"_links":{"self":[{"href":"https:\/\/www.aacmb.fr\/wordpress\/wp-json\/wp\/v2\/pages\/375","targetHints":{"allow":["GET"]}}],"collection":[{"href":"https:\/\/www.aacmb.fr\/wordpress\/wp-json\/wp\/v2\/pages"}],"about":[{"href":"https:\/\/www.aacmb.fr\/wordpress\/wp-json\/wp\/v2\/types\/page"}],"author":[{"embeddable":true,"href":"https:\/\/www.aacmb.fr\/wordpress\/wp-json\/wp\/v2\/users\/1"}],"replies":[{"embeddable":true,"href":"https:\/\/www.aacmb.fr\/wordpress\/wp-json\/wp\/v2\/comments?post=375"}],"version-history":[{"count":0,"href":"https:\/\/www.aacmb.fr\/wordpress\/wp-json\/wp\/v2\/pages\/375\/revisions"}],"wp:attachment":[{"href":"https:\/\/www.aacmb.fr\/wordpress\/wp-json\/wp\/v2\/media?parent=375"}],"wp:term":[{"taxonomy":"category","embeddable":true,"href":"https:\/\/www.aacmb.fr\/wordpress\/wp-json\/wp\/v2\/categories?post=375"},{"taxonomy":"post_tag","embeddable":true,"href":"https:\/\/www.aacmb.fr\/wordpress\/wp-json\/wp\/v2\/tags?post=375"}],"curies":[{"name":"wp","href":"https:\/\/api.w.org\/{rel}","templated":true}]}}