{"id":369,"date":"2018-09-18T14:31:41","date_gmt":"2018-09-18T12:31:41","guid":{"rendered":"http:\/\/a.francoise.free.fr\/?page_id=369"},"modified":"2024-01-22T16:44:42","modified_gmt":"2024-01-22T15:44:42","slug":"la-numerisation-scan-3d-par-triangulation-laser","status":"publish","type":"page","link":"https:\/\/www.aacmb.fr\/wordpress\/la-numerisation-scan-3d-par-triangulation-laser\/","title":{"rendered":"La num\u00e9risation &#8211; scan 3D par triangulation laser"},"content":{"rendered":"<div class=\"et_pb_text et_pb_bg_layout_light et_pb_text_align_left\">\n<div class=\"et_pb_column et_pb_column_1_2\">\n<div class=\"et_pb_text et_pb_bg_layout_light et_pb_text_align_left\"><strong>Les scanners 3D bas\u00e9s sur la technologie de triangulation laser utilisent la projection d\u2019un rayon laser ou d\u2019un faisceau laser.<\/strong> Le laser est d\u2019abord projet\u00e9 par le scanner 3D. Lorsque le laser est refl\u00e9t\u00e9 par l\u2019objet en train d\u2019\u00eatre num\u00e9ris\u00e9 en 3D,\u00a0sa trajectoire est modifi\u00e9e en fonction de sa surface.<br \/>\nUn capteur enregistre alors la\u00a0d\u00e9viation de trajectoire du laser et\u00a0la distance qui s\u00e9pare le scanner 3D de la surface de l\u2019objet. En \u00e9chantillonnant suffisamment de points de la surface le scanner 3D est capable d\u2019en d\u00e9duire pr\u00e9cis\u00e9ment la surface scann\u00e9e en 3D.<\/div>\n<\/div>\n<div class=\"et_pb_column et_pb_column_1_2\">\n<div class=\"et_pb_text et_pb_bg_layout_light et_pb_text_align_left\"><\/div>\n<\/div>\n<div class=\"et_pb_text et_pb_bg_layout_light et_pb_text_align_left\">\n<p style=\"padding-left: 30px;\"><u>Avantages<\/u> : la r\u00e9solution et la pr\u00e9cision.<\/p>\n<p style=\"padding-left: 30px;\"><u>Inconv\u00e9nients<\/u> : une extr\u00eame sensibilit\u00e9 du laser aux propri\u00e9t\u00e9s physiques de la surface devant \u00eatre scann\u00e9e en 3D. Les surfaces tr\u00e8s brillantes ou transparentes sont particuli\u00e8rement probl\u00e9matiques.<\/p>\n<\/div>\n<p>Vous pouvez trouver ce type d&rsquo;\u00e9quipement \u00e0 un prix abordable.<br \/>\nIci un Ciclop en kit (moins de 200 \u20ac), qui vous permettra de scanner des pi\u00e8ces de petit volume .<\/p>\n<p><img loading=\"lazy\" decoding=\"async\" class=\"size-full wp-image-444 aligncenter\" src=\"https:\/\/www.aacmb.fr\/wordpress\/wp-content\/uploads\/2018\/09\/scanner_3D.png\" alt=\"\" width=\"486\" height=\"349\" srcset=\"https:\/\/www.aacmb.fr\/wordpress\/wp-content\/uploads\/2018\/09\/scanner_3D.png 486w, https:\/\/www.aacmb.fr\/wordpress\/wp-content\/uploads\/2018\/09\/scanner_3D-350x251.png 350w, https:\/\/www.aacmb.fr\/wordpress\/wp-content\/uploads\/2018\/09\/scanner_3D-300x215.png 300w\" sizes=\"auto, (max-width: 486px) 100vw, 486px\" \/><\/p>\n<p>J&rsquo;ai donc fait l&rsquo;acquisition de ce kit, par curiosit\u00e9. <a href=\"https:\/\/www.aacmb.fr\/wordpress\/projet-triangulation-laser\/\">Retrouvez-mon exp\u00e9rience ici<\/a><\/p>\n<p style=\"text-align: right;\"><a class=\"maxbutton-1 maxbutton maxbutton-boutonretour\" title=\"Retour \u00e0 la page pr\u00e9c\u00e9dente\" href=\"\"><span class='mb-text'>Retour<\/span><\/a><\/p>\n<\/div>\n","protected":false},"excerpt":{"rendered":"<p>Les scanners 3D bas\u00e9s sur la technologie de triangulation laser utilisent la projection d\u2019un rayon laser ou d\u2019un faisceau laser. Le laser est d\u2019abord projet\u00e9 par le scanner 3D. Lorsque le laser est refl\u00e9t\u00e9 par l\u2019objet en train d\u2019\u00eatre num\u00e9ris\u00e9 en 3D,\u00a0sa trajectoire est modifi\u00e9e en fonction de sa surface. Un capteur enregistre alors la\u00a0d\u00e9viation &hellip; <\/p>\n<p class=\"link-more\"><a href=\"https:\/\/www.aacmb.fr\/wordpress\/la-numerisation-scan-3d-par-triangulation-laser\/\" class=\"more-link\">Continuer la lecture<span class=\"screen-reader-text\"> de &laquo;&nbsp;La num\u00e9risation &#8211; scan 3D par triangulation laser&nbsp;&raquo;<\/span><\/a><\/p>\n","protected":false},"author":1,"featured_media":0,"parent":0,"menu_order":0,"comment_status":"closed","ping_status":"closed","template":"","meta":{"footnotes":""},"categories":[64],"tags":[],"class_list":["post-369","page","type-page","status-publish","hentry","category-numerisation"],"_links":{"self":[{"href":"https:\/\/www.aacmb.fr\/wordpress\/wp-json\/wp\/v2\/pages\/369","targetHints":{"allow":["GET"]}}],"collection":[{"href":"https:\/\/www.aacmb.fr\/wordpress\/wp-json\/wp\/v2\/pages"}],"about":[{"href":"https:\/\/www.aacmb.fr\/wordpress\/wp-json\/wp\/v2\/types\/page"}],"author":[{"embeddable":true,"href":"https:\/\/www.aacmb.fr\/wordpress\/wp-json\/wp\/v2\/users\/1"}],"replies":[{"embeddable":true,"href":"https:\/\/www.aacmb.fr\/wordpress\/wp-json\/wp\/v2\/comments?post=369"}],"version-history":[{"count":0,"href":"https:\/\/www.aacmb.fr\/wordpress\/wp-json\/wp\/v2\/pages\/369\/revisions"}],"wp:attachment":[{"href":"https:\/\/www.aacmb.fr\/wordpress\/wp-json\/wp\/v2\/media?parent=369"}],"wp:term":[{"taxonomy":"category","embeddable":true,"href":"https:\/\/www.aacmb.fr\/wordpress\/wp-json\/wp\/v2\/categories?post=369"},{"taxonomy":"post_tag","embeddable":true,"href":"https:\/\/www.aacmb.fr\/wordpress\/wp-json\/wp\/v2\/tags?post=369"}],"curies":[{"name":"wp","href":"https:\/\/api.w.org\/{rel}","templated":true}]}}