{"id":3274,"date":"2022-07-29T16:32:45","date_gmt":"2022-07-29T14:32:45","guid":{"rendered":"https:\/\/www.aacmb.fr\/wordpress\/?page_id=3274"},"modified":"2022-08-22T14:37:23","modified_gmt":"2022-08-22T12:37:23","slug":"chitubox","status":"publish","type":"page","link":"https:\/\/www.aacmb.fr\/wordpress\/chitubox\/","title":{"rendered":"Chitubox"},"content":{"rendered":"<p style=\"text-align: center;\"><a class=\"maxbutton-1 maxbutton maxbutton-boutonretour\" title=\"Retour \u00e0 la page pr\u00e9c\u00e9dente\" href=\"\"><span class='mb-text'>Retour<\/span><\/a><\/p>\n<p>CHITUBOX est un autre slicer sp\u00e9cifique aux imprimantes \u00e0 r\u00e9sine.<br \/>\nIl existe une version Basique (gratuite) et une version PRO (payante) mais qui n&rsquo;apporte pas grand chose aux utilisateurs amateurs.<\/p>\n<p>La derni\u00e8re version (au moment o\u00f9 je r\u00e9dige cette page) est la version 1.9.3, qui prend en charge la Photon Mono 4K, avec donc normalement le bon param\u00e9trage.<br \/>\nAutre avantage, le fran\u00e7ais est disponible !<\/p>\n<p><img loading=\"lazy\" decoding=\"async\" class=\"size-full wp-image-3322 aligncenter\" src=\"https:\/\/www.aacmb.fr\/wordpress\/wp-content\/uploads\/2022\/08\/chitubox_0-e1659689681641.png\" alt=\"\" width=\"600\" height=\"318\" srcset=\"https:\/\/www.aacmb.fr\/wordpress\/wp-content\/uploads\/2022\/08\/chitubox_0-e1659689681641.png 600w, https:\/\/www.aacmb.fr\/wordpress\/wp-content\/uploads\/2022\/08\/chitubox_0-e1659689681641-350x186.png 350w\" sizes=\"auto, (max-width: 600px) 100vw, 600px\" \/><\/p>\n<p>Au lancement, et apr\u00e8s s\u00e9lection du bon mod\u00e8le d&rsquo;imprimante, l&rsquo;ergonomie de l&rsquo;\u00e9cran est tr\u00e8s similaire \u00e0 Photon Workshop : la repr\u00e9sentation du plateau au centre, un menu de manipulation des objets \u00e0 gauche et 2 onglets sur la partie droite, pour g\u00e9rer les objets et les supports. Aucune difficult\u00e9 donc \u00e0 passer d&rsquo;un slicer \u00e0 l&rsquo;autre.<\/p>\n<p><span style=\"text-decoration: underline;\">A noter<\/span> :<\/p>\n<ul>\n<li>la pr\u00e9sence d&rsquo;un menu\u00a0<em>Language<\/em> permettant de choisir le fran\u00e7ais,<\/li>\n<li>la possibilit\u00e9 de g\u00e9rer plusieurs profils d&rsquo;imprimante, ce qui peut-\u00eatre int\u00e9ressant si vous utilisez plusieurs types de r\u00e9sines r\u00e9guli\u00e8rement par exemple.<\/li>\n<\/ul>\n<p>L&rsquo;utilisation de base est identique \u00e0 Photon WorkShop : chargement du fichier, mise \u00e0 l&rsquo;\u00e9chelle automatique.<\/p>\n<p><img loading=\"lazy\" decoding=\"async\" class=\"size-full wp-image-3325 aligncenter\" src=\"https:\/\/www.aacmb.fr\/wordpress\/wp-content\/uploads\/2022\/08\/chitubox_1-e1659690323691.png\" alt=\"\" width=\"600\" height=\"319\" srcset=\"https:\/\/www.aacmb.fr\/wordpress\/wp-content\/uploads\/2022\/08\/chitubox_1-e1659690323691.png 600w, https:\/\/www.aacmb.fr\/wordpress\/wp-content\/uploads\/2022\/08\/chitubox_1-e1659690323691-350x186.png 350w\" sizes=\"auto, (max-width: 600px) 100vw, 600px\" \/><\/p>\n<p>Chitubox retaille la pi\u00e8ce \u00e0 47 % soit un r\u00e9sultat un peu plus petit qu&rsquo;avec Photon WorkShop. A noter que manuellement, on arrive aux m\u00eame dimensions max (heureusement).<\/p>\n<p>En ajoutant le socle, on obtient la m\u00eame configuration.<\/p>\n<p><img loading=\"lazy\" decoding=\"async\" class=\"size-full wp-image-3328 aligncenter\" src=\"https:\/\/www.aacmb.fr\/wordpress\/wp-content\/uploads\/2022\/08\/chitubox_2-e1659714679575.png\" alt=\"\" width=\"500\" height=\"374\" srcset=\"https:\/\/www.aacmb.fr\/wordpress\/wp-content\/uploads\/2022\/08\/chitubox_2-e1659714679575.png 500w, https:\/\/www.aacmb.fr\/wordpress\/wp-content\/uploads\/2022\/08\/chitubox_2-e1659714679575-350x262.png 350w\" sizes=\"auto, (max-width: 500px) 100vw, 500px\" \/><\/p>\n<p><span style=\"font-size: 1rem;\">\u00a0Il ne reste plus qu&rsquo;\u00e0 trancher avant impression.<\/span><\/p>\n<p>Le temps estim\u00e9 est de 3h41 (contre 3h35 avec Photon WorkShop) pour un volume quasi-similaire.<\/p>\n<p>La pr\u00e9visualisation est plus \u00ab\u00a0parlante\u00a0\u00bb avec Chitubox, car on visualise exactement \u00e0 quelle position dans la pi\u00e8ce correspondla forme imprim\u00e9e.<\/p>\n<p><img loading=\"lazy\" decoding=\"async\" class=\"size-full wp-image-3330 aligncenter\" src=\"https:\/\/www.aacmb.fr\/wordpress\/wp-content\/uploads\/2022\/08\/chitubox_3-e1659715108382.png\" alt=\"\" width=\"600\" height=\"311\" srcset=\"https:\/\/www.aacmb.fr\/wordpress\/wp-content\/uploads\/2022\/08\/chitubox_3-e1659715108382.png 600w, https:\/\/www.aacmb.fr\/wordpress\/wp-content\/uploads\/2022\/08\/chitubox_3-e1659715108382-350x181.png 350w\" sizes=\"auto, (max-width: 600px) 100vw, 600px\" \/><\/p>\n<h2>L&rsquo;impression<\/h2>\n<p>Contrairement \u00e0 Photon WorkShop, la cr\u00e9ation du fichier imprimable se fait apr\u00e8s le tranchage, en cliquant sur le bouton <em>Enregistrer<\/em>.<br \/>\nC&rsquo;est \u00e0 mon sens une bonne chose, car ceci \u00e9vite d&rsquo;avoir des fichiers sauvegard\u00e9s inutilement si une modification est \u00e0 apporter.<\/p>\n<h2>Les supports<\/h2>\n<p>On retrouve pratiquement les m\u00eames options que dans Photon Workshop, agenc\u00e9es de la m\u00eame mani\u00e8re.<\/p>\n<p><img loading=\"lazy\" decoding=\"async\" class=\"size-full wp-image-3332 aligncenter\" src=\"https:\/\/www.aacmb.fr\/wordpress\/wp-content\/uploads\/2022\/08\/chitubox_4.png\" alt=\"\" width=\"319\" height=\"850\" srcset=\"https:\/\/www.aacmb.fr\/wordpress\/wp-content\/uploads\/2022\/08\/chitubox_4.png 319w, https:\/\/www.aacmb.fr\/wordpress\/wp-content\/uploads\/2022\/08\/chitubox_4-113x300.png 113w\" sizes=\"auto, (max-width: 319px) 100vw, 319px\" \/><\/p>\n<p>Le r\u00e9sultat de la g\u00e9n\u00e9ration automatique est pratiquement identique.<\/p>\n<p><img loading=\"lazy\" decoding=\"async\" class=\"size-full wp-image-3334 aligncenter\" src=\"https:\/\/www.aacmb.fr\/wordpress\/wp-content\/uploads\/2022\/08\/chitubox_5-e1659716027105.png\" alt=\"\" width=\"500\" height=\"237\" srcset=\"https:\/\/www.aacmb.fr\/wordpress\/wp-content\/uploads\/2022\/08\/chitubox_5-e1659716027105.png 500w, https:\/\/www.aacmb.fr\/wordpress\/wp-content\/uploads\/2022\/08\/chitubox_5-e1659716027105-350x166.png 350w\" sizes=\"auto, (max-width: 500px) 100vw, 500px\" \/><\/p>\n<p>Si l&rsquo;ajout et la suppression de supports sont r\u00e9alisables de la m\u00eame mani\u00e8re que sous Photon WorkShop, la modification est beaucoup plus facile \u00e0 r\u00e9aliser. Il suffit de s\u00e9lection la zone du support \u00e0 modifier puis d&rsquo;apporter les ajustements \u00e0 la souris.<\/p>\n<p><img loading=\"lazy\" decoding=\"async\" class=\"size-full wp-image-3336 alignleft\" src=\"https:\/\/www.aacmb.fr\/wordpress\/wp-content\/uploads\/2022\/08\/chitubox_6.png\" alt=\"\" width=\"195\" height=\"285\" \/>Ici par exemple, j&rsquo;ai d\u00e9plac\u00e9 la base du support. Le corps de celui-ci est alors recalcul\u00e9 et repositionn\u00e9 en live.<\/p>\n<p>&nbsp;<\/p>\n<p>&nbsp;<\/p>\n<p>&nbsp;<\/p>\n<p>&nbsp;<\/p>\n<h2>Les extras<\/h2>\n<p>Nous allons aussi dans ce slicer retrouver quelques outils suppl\u00e9mentaires, \u00e0 mon sens plus utiles que ceux propos\u00e9s dans Photon\u00a0 WorkShop.<\/p>\n<p><img loading=\"lazy\" decoding=\"async\" class=\"size-full wp-image-3359 alignleft\" src=\"https:\/\/www.aacmb.fr\/wordpress\/wp-content\/uploads\/2022\/08\/chitubox_7.png\" alt=\"\" width=\"404\" height=\"43\" srcset=\"https:\/\/www.aacmb.fr\/wordpress\/wp-content\/uploads\/2022\/08\/chitubox_7.png 404w, https:\/\/www.aacmb.fr\/wordpress\/wp-content\/uploads\/2022\/08\/chitubox_7-350x37.png 350w, https:\/\/www.aacmb.fr\/wordpress\/wp-content\/uploads\/2022\/08\/chitubox_7-300x32.png 300w\" sizes=\"auto, (max-width: 404px) 100vw, 404px\" \/><\/p>\n<p>&nbsp;<\/p>\n<p>&nbsp;<\/p>\n<p>De gauche \u00e0 droite :<\/p>\n<ul>\n<li>la possibilit\u00e9 de dupliquer la pi\u00e8ce,<\/li>\n<li>la possibilit\u00e9 de placer automatique les pi\u00e8ces,<\/li>\n<li>la possibilit\u00e9 d&rsquo;\u00e9vider la pi\u00e8ce,<\/li>\n<li>la possibilit\u00e9 d&rsquo;y faire un trou<\/li>\n<li>la possibilit\u00e9 de \u00ab\u00a0r\u00e9parer\u00a0\u00bb la pi\u00e8ce.<\/li>\n<\/ul>\n<h4>Duplication d&rsquo;une pi\u00e8ce<\/h4>\n<p>Pas de particularit\u00e9 sur cette option. On s\u00e9lectionne une pi\u00e8ce d\u00e9j\u00e0 en place, on clique sur le bouton, et on obtiens une copie de la pi\u00e8ce.<\/p>\n<h4>Placement automatique<\/h4>\n<p>Cette fonctionnalit\u00e9, combin\u00e9e \u00e0 l&rsquo;option pr\u00e9c\u00e9dente permet de gagner beaucoup de temps, tout en garantissant une impression id\u00e9ale en terme de r\u00e9partition des pi\u00e8ces.<\/p>\n<figure id=\"attachment_3360\" aria-describedby=\"caption-attachment-3360\" style=\"width: 600px\" class=\"wp-caption aligncenter\"><img loading=\"lazy\" decoding=\"async\" class=\"wp-image-3360 size-full\" src=\"https:\/\/www.aacmb.fr\/wordpress\/wp-content\/uploads\/2022\/08\/chitubox_8-e1661171016777.png\" alt=\"\" width=\"600\" height=\"385\" srcset=\"https:\/\/www.aacmb.fr\/wordpress\/wp-content\/uploads\/2022\/08\/chitubox_8-e1661171016777.png 600w, https:\/\/www.aacmb.fr\/wordpress\/wp-content\/uploads\/2022\/08\/chitubox_8-e1661171016777-350x225.png 350w\" sizes=\"auto, (max-width: 600px) 100vw, 600px\" \/><figcaption id=\"caption-attachment-3360\" class=\"wp-caption-text\">Duplication en 6 exemplaires puis placement automatique au centre<\/figcaption><\/figure>\n<h4>Evidement d&rsquo;une pi\u00e8ce<\/h4>\n<p>M\u00eame fonctionnement qu&rsquo;avec Photon Workshop. Si la pi\u00e8ce est initialement pleine, il sera possible de l&rsquo;\u00e9vider, en d\u00e9finissant principalement l&rsquo;\u00e9paisseur de la paroi.<\/p>\n<figure id=\"attachment_3362\" aria-describedby=\"caption-attachment-3362\" style=\"width: 600px\" class=\"wp-caption alignleft\"><img loading=\"lazy\" decoding=\"async\" class=\"size-full wp-image-3362\" src=\"https:\/\/www.aacmb.fr\/wordpress\/wp-content\/uploads\/2022\/08\/chitubox_9-e1661171409226.png\" alt=\"\" width=\"600\" height=\"414\" srcset=\"https:\/\/www.aacmb.fr\/wordpress\/wp-content\/uploads\/2022\/08\/chitubox_9-e1661171409226.png 600w, https:\/\/www.aacmb.fr\/wordpress\/wp-content\/uploads\/2022\/08\/chitubox_9-e1661171409226-350x242.png 350w\" sizes=\"auto, (max-width: 600px) 100vw, 600px\" \/><figcaption id=\"caption-attachment-3362\" class=\"wp-caption-text\">Ici, \u00e9videment d&rsquo;une seule pi\u00e8ce parmi les 6 qui seront imprim\u00e9es.<\/figcaption><\/figure>\n<h4>Faire un trou<\/h4>\n<p>M\u00eame usage que dans Photon WorkShop. L&rsquo;usage principal est de pouvoir laisser la r\u00e9sine non brul\u00e9e sortir d&rsquo;une pi\u00e8ce \u00e9vid\u00e9e et ferm\u00e9e.<\/p>\n<h4>R\u00e9paration d&rsquo;une pi\u00e8ce<\/h4>\n<p>Un outil potentiellement utile apr\u00e8s une num\u00e9risation de pi\u00e8ce. On peut en effet se retrouver avec des surfaces ouvertes, avec des surfaces dont la normale serait invers\u00e9e. Je ne sais pas si cet outil est aussi efficace que MeshLab (par exemple), mais il a l&rsquo;avantage d&rsquo;\u00eatre inclus au slicer.<br \/>\nDans le doute, on pourra toujours effectuer une r\u00e9paration automatique pour voir le r\u00e9sultat.<\/p>\n<h2>En conclusion<\/h2>\n<p>Un slicer tr\u00e8s simple \u00e0 utiliser, qui apporte quelques plus par rapport au slicer propri\u00e9taire Photon WorkShop :<\/p>\n<ul>\n<li>interface en fran\u00e7ais,<\/li>\n<li>utilisation de plusieurs profils,<\/li>\n<li>gestion des supports plus facile,<\/li>\n<li>param\u00e9trage avanc\u00e9 pour les experts, avec acc\u00e8s direct aux G-Code de d\u00e9part, interm\u00e9diaire et de fin.<\/li>\n<\/ul>\n<p style=\"text-align: center;\"><a class=\"maxbutton-1 maxbutton maxbutton-boutonretour\" title=\"Retour \u00e0 la page pr\u00e9c\u00e9dente\" href=\"\"><span class='mb-text'>Retour<\/span><\/a><\/p>\n","protected":false},"excerpt":{"rendered":"<p>CHITUBOX est un autre slicer sp\u00e9cifique aux imprimantes \u00e0 r\u00e9sine. Il existe une version Basique (gratuite) et une version PRO (payante) mais qui n&rsquo;apporte pas grand chose aux utilisateurs amateurs. La derni\u00e8re version (au moment o\u00f9 je r\u00e9dige cette page) est la version 1.9.3, qui prend en charge la Photon Mono 4K, avec donc normalement &hellip; <\/p>\n<p class=\"link-more\"><a href=\"https:\/\/www.aacmb.fr\/wordpress\/chitubox\/\" class=\"more-link\">Continuer la lecture<span class=\"screen-reader-text\"> de &laquo;&nbsp;Chitubox&nbsp;&raquo;<\/span><\/a><\/p>\n","protected":false},"author":1,"featured_media":0,"parent":0,"menu_order":0,"comment_status":"closed","ping_status":"closed","template":"","meta":{"footnotes":""},"categories":[66],"tags":[],"class_list":["post-3274","page","type-page","status-publish","hentry","category-outils"],"_links":{"self":[{"href":"https:\/\/www.aacmb.fr\/wordpress\/wp-json\/wp\/v2\/pages\/3274","targetHints":{"allow":["GET"]}}],"collection":[{"href":"https:\/\/www.aacmb.fr\/wordpress\/wp-json\/wp\/v2\/pages"}],"about":[{"href":"https:\/\/www.aacmb.fr\/wordpress\/wp-json\/wp\/v2\/types\/page"}],"author":[{"embeddable":true,"href":"https:\/\/www.aacmb.fr\/wordpress\/wp-json\/wp\/v2\/users\/1"}],"replies":[{"embeddable":true,"href":"https:\/\/www.aacmb.fr\/wordpress\/wp-json\/wp\/v2\/comments?post=3274"}],"version-history":[{"count":0,"href":"https:\/\/www.aacmb.fr\/wordpress\/wp-json\/wp\/v2\/pages\/3274\/revisions"}],"wp:attachment":[{"href":"https:\/\/www.aacmb.fr\/wordpress\/wp-json\/wp\/v2\/media?parent=3274"}],"wp:term":[{"taxonomy":"category","embeddable":true,"href":"https:\/\/www.aacmb.fr\/wordpress\/wp-json\/wp\/v2\/categories?post=3274"},{"taxonomy":"post_tag","embeddable":true,"href":"https:\/\/www.aacmb.fr\/wordpress\/wp-json\/wp\/v2\/tags?post=3274"}],"curies":[{"name":"wp","href":"https:\/\/api.w.org\/{rel}","templated":true}]}}