{"id":2747,"date":"2022-02-14T14:51:27","date_gmt":"2022-02-14T13:51:27","guid":{"rendered":"https:\/\/www.aacmb.fr\/wordpress\/?page_id=2747"},"modified":"2022-02-16T19:28:04","modified_gmt":"2022-02-16T18:28:04","slug":"lytho_jade_nephrite","status":"publish","type":"page","link":"https:\/\/www.aacmb.fr\/wordpress\/lytho_jade_nephrite\/","title":{"rendered":"Jade n\u00e9phrite"},"content":{"rendered":"<p>la jade n\u00e9phrite est une pierre qui apporte\u00a0protection, elle peut notamment prot\u00e9ger de la malveillance et des influences n\u00e9gatives environnantes. Elle peut \u00e9galement apporter\u00a0\u00e9quilibre\u00a0de fa\u00e7on g\u00e9n\u00e9rale, l&rsquo;\u00e9quilibre des \u00e9nergies, l&rsquo;\u00e9quilibre \u00e9motionnel et l&rsquo;\u00e9quilibre int\u00e9rieur.<\/p>\n<p><img loading=\"lazy\" decoding=\"async\" class=\"size-full wp-image-2742 aligncenter\" src=\"https:\/\/www.aacmb.fr\/wordpress\/wp-content\/uploads\/2022\/02\/pierre_jade_nephrite-e1644846513495.jpg\" alt=\"\" width=\"250\" height=\"250\" srcset=\"https:\/\/www.aacmb.fr\/wordpress\/wp-content\/uploads\/2022\/02\/pierre_jade_nephrite-e1644846513495.jpg 250w, https:\/\/www.aacmb.fr\/wordpress\/wp-content\/uploads\/2022\/02\/pierre_jade_nephrite-e1644846513495-100x100.jpg 100w, https:\/\/www.aacmb.fr\/wordpress\/wp-content\/uploads\/2022\/02\/pierre_jade_nephrite-e1644846513495-200x200.jpg 200w\" sizes=\"auto, (max-width: 250px) 100vw, 250px\" \/><\/p>\n<h4>Au niveau physique :<\/h4>\n<p>la jade n\u00e9phrite exerce un effet\u00a0positif\u00a0sur l&rsquo;ensemble du corps et contribue \u00e0 maintenir une bonne\u00a0sant\u00e9\u00a0de fa\u00e7on g\u00e9n\u00e9rale. Elle est extr\u00eamement\u00a0b\u00e9n\u00e9fique pour la r\u00e9gulation des reins et des glandes surr\u00e9nales. Elle peut \u00e9galement\u00a0fortifier le syst\u00e8me immunitaire et le m\u00e9tabolisme.<br \/>\n<span style=\"font-size: 1rem;\">De part ses propri\u00e9t\u00e9s, c&rsquo;est une pierre qui est\u00a0<\/span><span style=\"font-size: 1rem;\">recommand\u00e9e<\/span><span style=\"font-size: 1rem;\"> pour les enfants et les personnes \u00e2g\u00e9es.<\/span><\/p>\n<h4>Au niveau \u00e9motionnel :<\/h4>\n<p>Cette pierre apporte\u00a0courage et action, elle cr\u00e9e une sensation de\u00a0force int\u00e9rieure\u00a0et de valeur de soi.\u00a0Le jade n\u00e9phrite \u00e9limine les sentiments de\u00a0jalousie et de possessivit\u00e9<strong>,<\/strong>\u00a0c\u2019est donc une excellente pierre pour calmer les acheteurs compulsifs.<br \/>\nPierre de c\u0153ur, elle vous apportera la\u00a0joie au plus profond de vous.\u00a0C&rsquo;est aussi une bonne pierre de protection, d&rsquo;harmonie\u00a0et de renouvellement de vos pens\u00e9es.\u00a0Symbole de la chance\u00a0en affaires : elle est recommand\u00e9 lors de n\u00e9gociations.<br \/>\nC&rsquo;est une pierre qui est conseill\u00e9e aux personnes qui r\u00e9fl\u00e9chissent beaucoup, qui \u00e9mettent r\u00e9guli\u00e8rement des doutes et qui ont beaucoup de mal \u00e0 prendre des d\u00e9cisions. La la jade n\u00e9phrite est \u00e9galement recommand\u00e9e aux personnes mat\u00e9rialistes car elle est reconnue pour att\u00e9nuer l&rsquo;envie de possession.<\/p>\n<a class=\"maxbutton-1 maxbutton maxbutton-boutonretour\" title=\"Retour \u00e0 la page pr\u00e9c\u00e9dente\" href=\"\"><span class='mb-text'>Retour<\/span><\/a>\n","protected":false},"excerpt":{"rendered":"<p>la jade n\u00e9phrite est une pierre qui apporte\u00a0protection, elle peut notamment prot\u00e9ger de la malveillance et des influences n\u00e9gatives environnantes. Elle peut \u00e9galement apporter\u00a0\u00e9quilibre\u00a0de fa\u00e7on g\u00e9n\u00e9rale, l&rsquo;\u00e9quilibre des \u00e9nergies, l&rsquo;\u00e9quilibre \u00e9motionnel et l&rsquo;\u00e9quilibre int\u00e9rieur. Au niveau physique : la jade n\u00e9phrite exerce un effet\u00a0positif\u00a0sur l&rsquo;ensemble du corps et contribue \u00e0 maintenir une bonne\u00a0sant\u00e9\u00a0de fa\u00e7on g\u00e9n\u00e9rale. &hellip; <\/p>\n<p class=\"link-more\"><a href=\"https:\/\/www.aacmb.fr\/wordpress\/lytho_jade_nephrite\/\" class=\"more-link\">Continuer la lecture<span class=\"screen-reader-text\"> de &laquo;&nbsp;Jade n\u00e9phrite&nbsp;&raquo;<\/span><\/a><\/p>\n","protected":false},"author":1,"featured_media":0,"parent":0,"menu_order":0,"comment_status":"closed","ping_status":"closed","template":"","meta":{"footnotes":""},"categories":[],"tags":[],"class_list":["post-2747","page","type-page","status-publish","hentry"],"_links":{"self":[{"href":"https:\/\/www.aacmb.fr\/wordpress\/wp-json\/wp\/v2\/pages\/2747","targetHints":{"allow":["GET"]}}],"collection":[{"href":"https:\/\/www.aacmb.fr\/wordpress\/wp-json\/wp\/v2\/pages"}],"about":[{"href":"https:\/\/www.aacmb.fr\/wordpress\/wp-json\/wp\/v2\/types\/page"}],"author":[{"embeddable":true,"href":"https:\/\/www.aacmb.fr\/wordpress\/wp-json\/wp\/v2\/users\/1"}],"replies":[{"embeddable":true,"href":"https:\/\/www.aacmb.fr\/wordpress\/wp-json\/wp\/v2\/comments?post=2747"}],"version-history":[{"count":0,"href":"https:\/\/www.aacmb.fr\/wordpress\/wp-json\/wp\/v2\/pages\/2747\/revisions"}],"wp:attachment":[{"href":"https:\/\/www.aacmb.fr\/wordpress\/wp-json\/wp\/v2\/media?parent=2747"}],"wp:term":[{"taxonomy":"category","embeddable":true,"href":"https:\/\/www.aacmb.fr\/wordpress\/wp-json\/wp\/v2\/categories?post=2747"},{"taxonomy":"post_tag","embeddable":true,"href":"https:\/\/www.aacmb.fr\/wordpress\/wp-json\/wp\/v2\/tags?post=2747"}],"curies":[{"name":"wp","href":"https:\/\/api.w.org\/{rel}","templated":true}]}}