{"id":2745,"date":"2022-02-14T14:50:39","date_gmt":"2022-02-14T13:50:39","guid":{"rendered":"https:\/\/www.aacmb.fr\/wordpress\/?page_id=2745"},"modified":"2022-02-16T19:36:02","modified_gmt":"2022-02-16T18:36:02","slug":"lytho_ametrine","status":"publish","type":"page","link":"https:\/\/www.aacmb.fr\/wordpress\/lytho_ametrine\/","title":{"rendered":"Am\u00e9trine"},"content":{"rendered":"<p>Cette pierre accentuera fortement le d\u00e9veloppement spirituel de ceux qui la porteront ou qui se trouverons en sa pr\u00e9sence.<br \/>\nFavorise le voyage astral et prot\u00e8ge durant celui-ci, en repoussant les attaques psychiques.<\/p>\n<p>Ses fortes propri\u00e9t\u00e9s purifiantes \u00e9liminent la n\u00e9gativit\u00e9 de l&rsquo;aura et les toxines du corps. Dissipe les blocages des corps subtils physique , \u00e9motionnel et mental .<\/p>\n<p><img loading=\"lazy\" decoding=\"async\" class=\"size-full wp-image-2740 aligncenter\" src=\"https:\/\/www.aacmb.fr\/wordpress\/wp-content\/uploads\/2022\/02\/pierre_ametrine-e1644846476922.jpg\" alt=\"\" width=\"250\" height=\"163\" \/><\/p>\n<h4>Au niveau physique :<\/h4>\n<p>Sur le chakra du plexus solaire, elle sera tr\u00e8s efficace pour lutter contre les d\u00e9s\u00e9quilibres \u00e0 la fois du pancr\u00e9as , du foie, de l\u2019estomac et \u00e0 l\u2019intestin.\u00a0La pierre Am\u00e9trine pourrait s\u2019av\u00e9rer utile dans les troubles de la communication (dyslexie) ou de la coordination des mouvements (dyspraxie).\u00a0Elle \u00e9quilibre la structure de l\u2019ADN et les \u00e9nergies yin \/ yang.<\/p>\n<h4>Au niveau \u00e9motionnel :<\/h4>\n<p>Elle apporte la s\u00e9r\u00e9nit\u00e9, le bien-\u00eatre, l\u2019optimiste et la joie de vivre.\u00a0Elle donne l\u2019\u00e9lan dans tous les domaines et facilite la concentration, la cr\u00e9ativit\u00e9.\u00a0L\u2019am\u00e9trine r\u00e9\u00e9quilibre le mental.\u00a0l&rsquo;am\u00e9trine \u00e9limine les blocages, favorise l&rsquo;optimisme et le bien-\u00eatre d\u00e9barrass\u00e9 des influences stressantes ext\u00e9rieures.<\/p>\n<a class=\"maxbutton-1 maxbutton maxbutton-boutonretour\" title=\"Retour \u00e0 la page pr\u00e9c\u00e9dente\" href=\"\"><span class='mb-text'>Retour<\/span><\/a>\n","protected":false},"excerpt":{"rendered":"<p>Cette pierre accentuera fortement le d\u00e9veloppement spirituel de ceux qui la porteront ou qui se trouverons en sa pr\u00e9sence. Favorise le voyage astral et prot\u00e8ge durant celui-ci, en repoussant les attaques psychiques. Ses fortes propri\u00e9t\u00e9s purifiantes \u00e9liminent la n\u00e9gativit\u00e9 de l&rsquo;aura et les toxines du corps. Dissipe les blocages des corps subtils physique , \u00e9motionnel &hellip; <\/p>\n<p class=\"link-more\"><a href=\"https:\/\/www.aacmb.fr\/wordpress\/lytho_ametrine\/\" class=\"more-link\">Continuer la lecture<span class=\"screen-reader-text\"> de &laquo;&nbsp;Am\u00e9trine&nbsp;&raquo;<\/span><\/a><\/p>\n","protected":false},"author":1,"featured_media":0,"parent":0,"menu_order":0,"comment_status":"closed","ping_status":"closed","template":"","meta":{"footnotes":""},"categories":[],"tags":[],"class_list":["post-2745","page","type-page","status-publish","hentry"],"_links":{"self":[{"href":"https:\/\/www.aacmb.fr\/wordpress\/wp-json\/wp\/v2\/pages\/2745","targetHints":{"allow":["GET"]}}],"collection":[{"href":"https:\/\/www.aacmb.fr\/wordpress\/wp-json\/wp\/v2\/pages"}],"about":[{"href":"https:\/\/www.aacmb.fr\/wordpress\/wp-json\/wp\/v2\/types\/page"}],"author":[{"embeddable":true,"href":"https:\/\/www.aacmb.fr\/wordpress\/wp-json\/wp\/v2\/users\/1"}],"replies":[{"embeddable":true,"href":"https:\/\/www.aacmb.fr\/wordpress\/wp-json\/wp\/v2\/comments?post=2745"}],"version-history":[{"count":0,"href":"https:\/\/www.aacmb.fr\/wordpress\/wp-json\/wp\/v2\/pages\/2745\/revisions"}],"wp:attachment":[{"href":"https:\/\/www.aacmb.fr\/wordpress\/wp-json\/wp\/v2\/media?parent=2745"}],"wp:term":[{"taxonomy":"category","embeddable":true,"href":"https:\/\/www.aacmb.fr\/wordpress\/wp-json\/wp\/v2\/categories?post=2745"},{"taxonomy":"post_tag","embeddable":true,"href":"https:\/\/www.aacmb.fr\/wordpress\/wp-json\/wp\/v2\/tags?post=2745"}],"curies":[{"name":"wp","href":"https:\/\/api.w.org\/{rel}","templated":true}]}}