{"id":2743,"date":"2022-02-14T14:49:32","date_gmt":"2022-02-14T13:49:32","guid":{"rendered":"https:\/\/www.aacmb.fr\/wordpress\/?page_id=2743"},"modified":"2022-02-16T19:34:06","modified_gmt":"2022-02-16T18:34:06","slug":"lytho_heliotrope","status":"publish","type":"page","link":"https:\/\/www.aacmb.fr\/wordpress\/lytho_heliotrope\/","title":{"rendered":"H\u00e9liotrope"},"content":{"rendered":"<p>Lien puissant avec la terre, l&rsquo;h\u00e9liotrope y puise l&rsquo;\u00e9nergie n\u00e9cessaire pour recentrer les corps auriques et favoriser le d\u00e9veloppement spirituel. De ce fait, on peut consid\u00e9rer l&rsquo;h\u00e9liotrope comme un puissant trait d&rsquo;union entre le monde physique \u00e9ph\u00e9m\u00e8re et le monde spirituel \u00e9ternel.\u00a0Elle\u00a0 est capable d&rsquo;aider une personne \u00e0 se connecter plus efficacement \u00e0 ses forces int\u00e9rieures et en puiser les \u00e9nergies n\u00e9cessaires pour affronter les moments de d\u00e9couragement et d&rsquo;\u00e9garement \u00e9motionnel.<\/p>\n<p><img loading=\"lazy\" decoding=\"async\" class=\"size-full wp-image-2741 aligncenter\" src=\"https:\/\/www.aacmb.fr\/wordpress\/wp-content\/uploads\/2022\/02\/pierre_heliotrope-e1644846494102.jpg\" alt=\"\" width=\"250\" height=\"236\" \/><\/p>\n<h4>Au niveau physique :<\/h4>\n<p>L&rsquo;H\u00e9liotrope est efficace pour les empoisonnements et les infections virales. Elle \u00e9limine les toxines et donc est efficace contre l&rsquo;ob\u00e9sit\u00e9 ! Elle purifie le sang, elle est donc recommand\u00e9e aux personnes h\u00e9mophiles. Elle r\u00e9sorbe les abc\u00e8s, les kystes, calme les crises d&rsquo;h\u00e9morro\u00efde, les douleurs gastriques, la goutte, et aide en cas d&rsquo;ulc\u00e8re (estomac). Cette pierre est efficace contre l&rsquo;\u00e9puisement et la fatigue.<\/p>\n<h4>Au niveau \u00e9motionnel :<\/h4>\n<p>Elle calme les personnes agressives. C&rsquo;est une pierre qui prot\u00e8ge. L\u2019h\u00e9liotrope aide \u00e0 rem\u00e9dier au manque de confiance en soi en conf\u00e9rant force morale et courage pour venir \u00e0 bout de la timidit\u00e9 et autre freins moraux tels que la peur.<br \/>\nL&rsquo;h\u00e9liotrope est aussi un bon rem\u00e8de aux chagrins du c\u0153ur. Protectrice des voyageurs, elle pr\u00e9vient aussi les accidents et les peines et fatigues du voyage.<br \/>\nCette pierre constitue donc un puissant rempart contre les \u00e9motions et sensations n\u00e9gatives.<\/p>\n<a class=\"maxbutton-1 maxbutton maxbutton-boutonretour\" title=\"Retour \u00e0 la page pr\u00e9c\u00e9dente\" href=\"\"><span class='mb-text'>Retour<\/span><\/a>\n","protected":false},"excerpt":{"rendered":"<p>Lien puissant avec la terre, l&rsquo;h\u00e9liotrope y puise l&rsquo;\u00e9nergie n\u00e9cessaire pour recentrer les corps auriques et favoriser le d\u00e9veloppement spirituel. De ce fait, on peut consid\u00e9rer l&rsquo;h\u00e9liotrope comme un puissant trait d&rsquo;union entre le monde physique \u00e9ph\u00e9m\u00e8re et le monde spirituel \u00e9ternel.\u00a0Elle\u00a0 est capable d&rsquo;aider une personne \u00e0 se connecter plus efficacement \u00e0 ses forces &hellip; <\/p>\n<p class=\"link-more\"><a href=\"https:\/\/www.aacmb.fr\/wordpress\/lytho_heliotrope\/\" class=\"more-link\">Continuer la lecture<span class=\"screen-reader-text\"> de &laquo;&nbsp;H\u00e9liotrope&nbsp;&raquo;<\/span><\/a><\/p>\n","protected":false},"author":1,"featured_media":0,"parent":0,"menu_order":0,"comment_status":"closed","ping_status":"closed","template":"","meta":{"footnotes":""},"categories":[],"tags":[],"class_list":["post-2743","page","type-page","status-publish","hentry"],"_links":{"self":[{"href":"https:\/\/www.aacmb.fr\/wordpress\/wp-json\/wp\/v2\/pages\/2743","targetHints":{"allow":["GET"]}}],"collection":[{"href":"https:\/\/www.aacmb.fr\/wordpress\/wp-json\/wp\/v2\/pages"}],"about":[{"href":"https:\/\/www.aacmb.fr\/wordpress\/wp-json\/wp\/v2\/types\/page"}],"author":[{"embeddable":true,"href":"https:\/\/www.aacmb.fr\/wordpress\/wp-json\/wp\/v2\/users\/1"}],"replies":[{"embeddable":true,"href":"https:\/\/www.aacmb.fr\/wordpress\/wp-json\/wp\/v2\/comments?post=2743"}],"version-history":[{"count":0,"href":"https:\/\/www.aacmb.fr\/wordpress\/wp-json\/wp\/v2\/pages\/2743\/revisions"}],"wp:attachment":[{"href":"https:\/\/www.aacmb.fr\/wordpress\/wp-json\/wp\/v2\/media?parent=2743"}],"wp:term":[{"taxonomy":"category","embeddable":true,"href":"https:\/\/www.aacmb.fr\/wordpress\/wp-json\/wp\/v2\/categories?post=2743"},{"taxonomy":"post_tag","embeddable":true,"href":"https:\/\/www.aacmb.fr\/wordpress\/wp-json\/wp\/v2\/tags?post=2743"}],"curies":[{"name":"wp","href":"https:\/\/api.w.org\/{rel}","templated":true}]}}