{"id":2737,"date":"2022-02-14T14:35:16","date_gmt":"2022-02-14T13:35:16","guid":{"rendered":"https:\/\/www.aacmb.fr\/wordpress\/?page_id=2737"},"modified":"2022-02-14T16:22:05","modified_gmt":"2022-02-14T15:22:05","slug":"lytho_hematite","status":"publish","type":"page","link":"https:\/\/www.aacmb.fr\/wordpress\/lytho_hematite\/","title":{"rendered":"H\u00e9matite"},"content":{"rendered":"<p>Pierre d\u2019ancrage et de connexion \u00e0 l\u2019instant pr\u00e9sent, la pierre d&rsquo;H\u00e9matite est tr\u00e8s appr\u00e9ci\u00e9e en lithoth\u00e9rapie. Elle est \u00e9galement synonyme de confiance en soi. Cette pierre noire intense est une invitation \u00e0 se prot\u00e9ger et \u00e0 calmer ses propres exc\u00e8s.<img loading=\"lazy\" decoding=\"async\" class=\"size-full wp-image-2722 aligncenter\" src=\"https:\/\/www.aacmb.fr\/wordpress\/wp-content\/uploads\/2022\/02\/pierre-hematite-e1644844929996.jpg\" alt=\"\" width=\"250\" height=\"250\" srcset=\"https:\/\/www.aacmb.fr\/wordpress\/wp-content\/uploads\/2022\/02\/pierre-hematite-e1644844929996.jpg 250w, https:\/\/www.aacmb.fr\/wordpress\/wp-content\/uploads\/2022\/02\/pierre-hematite-e1644844929996-100x100.jpg 100w, https:\/\/www.aacmb.fr\/wordpress\/wp-content\/uploads\/2022\/02\/pierre-hematite-e1644844929996-200x200.jpg 200w\" sizes=\"auto, (max-width: 250px) 100vw, 250px\" \/><\/p>\n<p>Apporte force, amour, courage et magn\u00e9tisme personnel.<br \/>\nB\u00e9n\u00e9fique au processus mental, \u00e0 la dext\u00e9rit\u00e9 et pour travailler avec les chiffres.<\/p>\n<h4>Au niveau physique :<\/h4>\n<p>B\u00e9n\u00e9fique \u00e0 la rate, au sang et aux vert\u00e8bres.<br \/>\nAide en cas d&rsquo;an\u00e9mie, de mal de dos, de fractures, de caillots sanguins, de mal des transports et d&rsquo;avion, de crampes.<\/p>\n<a class=\"maxbutton-1 maxbutton maxbutton-boutonretour\" title=\"Retour \u00e0 la page pr\u00e9c\u00e9dente\" href=\"\"><span class='mb-text'>Retour<\/span><\/a>\n","protected":false},"excerpt":{"rendered":"<p>Pierre d\u2019ancrage et de connexion \u00e0 l\u2019instant pr\u00e9sent, la pierre d&rsquo;H\u00e9matite est tr\u00e8s appr\u00e9ci\u00e9e en lithoth\u00e9rapie. Elle est \u00e9galement synonyme de confiance en soi. Cette pierre noire intense est une invitation \u00e0 se prot\u00e9ger et \u00e0 calmer ses propres exc\u00e8s. Apporte force, amour, courage et magn\u00e9tisme personnel. B\u00e9n\u00e9fique au processus mental, \u00e0 la dext\u00e9rit\u00e9 et &hellip; <\/p>\n<p class=\"link-more\"><a href=\"https:\/\/www.aacmb.fr\/wordpress\/lytho_hematite\/\" class=\"more-link\">Continuer la lecture<span class=\"screen-reader-text\"> de &laquo;&nbsp;H\u00e9matite&nbsp;&raquo;<\/span><\/a><\/p>\n","protected":false},"author":1,"featured_media":0,"parent":0,"menu_order":0,"comment_status":"closed","ping_status":"closed","template":"","meta":{"footnotes":""},"categories":[],"tags":[],"class_list":["post-2737","page","type-page","status-publish","hentry"],"_links":{"self":[{"href":"https:\/\/www.aacmb.fr\/wordpress\/wp-json\/wp\/v2\/pages\/2737","targetHints":{"allow":["GET"]}}],"collection":[{"href":"https:\/\/www.aacmb.fr\/wordpress\/wp-json\/wp\/v2\/pages"}],"about":[{"href":"https:\/\/www.aacmb.fr\/wordpress\/wp-json\/wp\/v2\/types\/page"}],"author":[{"embeddable":true,"href":"https:\/\/www.aacmb.fr\/wordpress\/wp-json\/wp\/v2\/users\/1"}],"replies":[{"embeddable":true,"href":"https:\/\/www.aacmb.fr\/wordpress\/wp-json\/wp\/v2\/comments?post=2737"}],"version-history":[{"count":0,"href":"https:\/\/www.aacmb.fr\/wordpress\/wp-json\/wp\/v2\/pages\/2737\/revisions"}],"wp:attachment":[{"href":"https:\/\/www.aacmb.fr\/wordpress\/wp-json\/wp\/v2\/media?parent=2737"}],"wp:term":[{"taxonomy":"category","embeddable":true,"href":"https:\/\/www.aacmb.fr\/wordpress\/wp-json\/wp\/v2\/categories?post=2737"},{"taxonomy":"post_tag","embeddable":true,"href":"https:\/\/www.aacmb.fr\/wordpress\/wp-json\/wp\/v2\/tags?post=2737"}],"curies":[{"name":"wp","href":"https:\/\/api.w.org\/{rel}","templated":true}]}}