{"id":2735,"date":"2022-02-14T14:34:33","date_gmt":"2022-02-14T13:34:33","guid":{"rendered":"https:\/\/www.aacmb.fr\/wordpress\/?page_id=2735"},"modified":"2022-02-16T15:57:22","modified_gmt":"2022-02-16T14:57:22","slug":"lytho_cornaline","status":"publish","type":"page","link":"https:\/\/www.aacmb.fr\/wordpress\/lytho_cornaline\/","title":{"rendered":"Cornaline"},"content":{"rendered":"<p>Pierre aux couleurs rouges et orang\u00e9es, la Cornaline apporte bonheur, s\u00e9r\u00e9nit\u00e9 et dynamisme. Depuis l\u2019Antiquit\u00e9, on utilise ses douces propri\u00e9t\u00e9s pour apaiser le corps et l&rsquo;esprit.<\/p>\n<p><img loading=\"lazy\" decoding=\"async\" class=\"size-full wp-image-2721 aligncenter\" src=\"https:\/\/www.aacmb.fr\/wordpress\/wp-content\/uploads\/2022\/02\/pierre-cornaline-e1644844916769.jpg\" alt=\"\" width=\"250\" height=\"250\" srcset=\"https:\/\/www.aacmb.fr\/wordpress\/wp-content\/uploads\/2022\/02\/pierre-cornaline-e1644844916769.jpg 250w, https:\/\/www.aacmb.fr\/wordpress\/wp-content\/uploads\/2022\/02\/pierre-cornaline-e1644844916769-100x100.jpg 100w, https:\/\/www.aacmb.fr\/wordpress\/wp-content\/uploads\/2022\/02\/pierre-cornaline-e1644844916769-200x200.jpg 200w\" sizes=\"auto, (max-width: 250px) 100vw, 250px\" \/><\/p>\n<p>Pierre de \u00ab\u00a0r\u00e9confort\u00a0\u00bb. B\u00e9n\u00e9fique aux \u00e9tudes et \u00e0 la m\u00e9morisation, \u00e0 l&rsquo;inspiration, aux discours et \u00e0 la voix.<br \/>\nElle peut rem\u00e9dier \u00e0 la paresse et \u00e0 l&rsquo;apathie et apporter la vitalit\u00e9, l&rsquo;estime de soi, la compassion, le courage et le pouvoir personnel.<\/p>\n<h4>Au niveau physique :<\/h4>\n<p>R\u00e9duit la soif.<br \/>\nB\u00e9n\u00e9fique \u00e0 la digestion. Excellente pour la v\u00e9sicule biliaire et le foie, les poumons et la colonne vert\u00e9brale, la rate, le pancr\u00e9as et la thyro\u00efde.<br \/>\nFavorise l&rsquo;app\u00e9tit et soulage les troubles alimentaires, l&rsquo;asthme, le rhume des foins, la rhinite et la bronchite, les infections, la n\u00e9vralgie, le syndrome de fatigue chronique et la l\u00e9thargie, la jaunisse, les coupures et \u00e9corchures b\u00e9nignes.<\/p>\n<h4>Au niveau \u00e9motionnel :<\/h4>\n<p>Accro\u00eet votre connexion \u00e0 l&rsquo;esprit et vous permet de percevoir les liens entre la maladie et les \u00e9motions afin de pouvoir les g\u00e9rer et vous pr\u00e9munir des probl\u00e8mes de sant\u00e9.<br \/>\nPermet de surmonter la col\u00e8re et l&rsquo;envie, la peur, la rage, la tristesse, la confusion et la jalousie<\/p>\n<a class=\"maxbutton-1 maxbutton maxbutton-boutonretour\" title=\"Retour \u00e0 la page pr\u00e9c\u00e9dente\" href=\"\"><span class='mb-text'>Retour<\/span><\/a>\n","protected":false},"excerpt":{"rendered":"<p>Pierre aux couleurs rouges et orang\u00e9es, la Cornaline apporte bonheur, s\u00e9r\u00e9nit\u00e9 et dynamisme. Depuis l\u2019Antiquit\u00e9, on utilise ses douces propri\u00e9t\u00e9s pour apaiser le corps et l&rsquo;esprit. Pierre de \u00ab\u00a0r\u00e9confort\u00a0\u00bb. B\u00e9n\u00e9fique aux \u00e9tudes et \u00e0 la m\u00e9morisation, \u00e0 l&rsquo;inspiration, aux discours et \u00e0 la voix. Elle peut rem\u00e9dier \u00e0 la paresse et \u00e0 l&rsquo;apathie et apporter &hellip; <\/p>\n<p class=\"link-more\"><a href=\"https:\/\/www.aacmb.fr\/wordpress\/lytho_cornaline\/\" class=\"more-link\">Continuer la lecture<span class=\"screen-reader-text\"> de &laquo;&nbsp;Cornaline&nbsp;&raquo;<\/span><\/a><\/p>\n","protected":false},"author":1,"featured_media":0,"parent":0,"menu_order":0,"comment_status":"closed","ping_status":"closed","template":"","meta":{"footnotes":""},"categories":[],"tags":[],"class_list":["post-2735","page","type-page","status-publish","hentry"],"_links":{"self":[{"href":"https:\/\/www.aacmb.fr\/wordpress\/wp-json\/wp\/v2\/pages\/2735","targetHints":{"allow":["GET"]}}],"collection":[{"href":"https:\/\/www.aacmb.fr\/wordpress\/wp-json\/wp\/v2\/pages"}],"about":[{"href":"https:\/\/www.aacmb.fr\/wordpress\/wp-json\/wp\/v2\/types\/page"}],"author":[{"embeddable":true,"href":"https:\/\/www.aacmb.fr\/wordpress\/wp-json\/wp\/v2\/users\/1"}],"replies":[{"embeddable":true,"href":"https:\/\/www.aacmb.fr\/wordpress\/wp-json\/wp\/v2\/comments?post=2735"}],"version-history":[{"count":0,"href":"https:\/\/www.aacmb.fr\/wordpress\/wp-json\/wp\/v2\/pages\/2735\/revisions"}],"wp:attachment":[{"href":"https:\/\/www.aacmb.fr\/wordpress\/wp-json\/wp\/v2\/media?parent=2735"}],"wp:term":[{"taxonomy":"category","embeddable":true,"href":"https:\/\/www.aacmb.fr\/wordpress\/wp-json\/wp\/v2\/categories?post=2735"},{"taxonomy":"post_tag","embeddable":true,"href":"https:\/\/www.aacmb.fr\/wordpress\/wp-json\/wp\/v2\/tags?post=2735"}],"curies":[{"name":"wp","href":"https:\/\/api.w.org\/{rel}","templated":true}]}}