{"id":2730,"date":"2022-02-14T14:30:58","date_gmt":"2022-02-14T13:30:58","guid":{"rendered":"https:\/\/www.aacmb.fr\/wordpress\/?page_id=2730"},"modified":"2022-02-14T17:24:40","modified_gmt":"2022-02-14T16:24:40","slug":"lytho_agate","status":"publish","type":"page","link":"https:\/\/www.aacmb.fr\/wordpress\/lytho_agate\/","title":{"rendered":"Agate"},"content":{"rendered":"<p>Elle s\u00e9duisait d\u00e9j\u00e0 Aristote pour ses nombreuses vertus il y a plus de 2000 ans, l&rsquo;Agate s&rsquo;utilise encore aujourd&rsquo;hui pour ses bienfaits apaisants. Pierre protectrice, l&rsquo;Agate poss\u00e8de une magnifique couleur.<\/p>\n<p><img loading=\"lazy\" decoding=\"async\" class=\"size-full wp-image-2718 aligncenter\" src=\"https:\/\/www.aacmb.fr\/wordpress\/wp-content\/uploads\/2022\/02\/pierre-agate-e1644844806587.png\" alt=\"\" width=\"250\" height=\"141\" \/><\/p>\n<p>Favorise l&rsquo; \u00e9quilibre de l&rsquo; \u00e9nergie sexuelle, la fid\u00e9lit\u00e9 dans les relations et l&rsquo; \u00e9mergence des talents naturels.<\/p>\n<h4>Au niveau physique :<\/h4>\n<p>B\u00e9n\u00e9fique \u00e0 la vue et \u00e0 la sant\u00e9 du syst\u00e8me lymphatique, du c\u00f4lon, du pancr\u00e9as et de la circulation.<br \/>\nAide en cas de gastroent\u00e9rite, de syndrome du c\u00f4lon irritable (SCI), de flatulences et de ballonnements abdominaux douloureux, ainsi que de varices.<br \/>\nR\u00e9duit les douleurs musculaires.<br \/>\nAgit sur les articulations, en particulier au niveau des genoux.<br \/>\nR\u00e9duit les probl\u00e8mes de peau comme l&rsquo; acn\u00e9e ou les irritations.<\/p>\n<h4>Au niveau \u00e9motionnel :<\/h4>\n<p>Favorise le channelling, la s\u00e9curit\u00e9 \u00e9motionnelle et de l&rsquo; \u00e9nergie.<br \/>\nRenforce l&rsquo; aura et agit comme barri\u00e8re protectrice.<br \/>\nFacilite le bilan personnel au cours de la m\u00e9ditation.<\/p>\n<a class=\"maxbutton-1 maxbutton maxbutton-boutonretour\" title=\"Retour \u00e0 la page pr\u00e9c\u00e9dente\" href=\"\"><span class='mb-text'>Retour<\/span><\/a>\n","protected":false},"excerpt":{"rendered":"<p>Elle s\u00e9duisait d\u00e9j\u00e0 Aristote pour ses nombreuses vertus il y a plus de 2000 ans, l&rsquo;Agate s&rsquo;utilise encore aujourd&rsquo;hui pour ses bienfaits apaisants. Pierre protectrice, l&rsquo;Agate poss\u00e8de une magnifique couleur. Favorise l&rsquo; \u00e9quilibre de l&rsquo; \u00e9nergie sexuelle, la fid\u00e9lit\u00e9 dans les relations et l&rsquo; \u00e9mergence des talents naturels. Au niveau physique : B\u00e9n\u00e9fique \u00e0 la &hellip; <\/p>\n<p class=\"link-more\"><a href=\"https:\/\/www.aacmb.fr\/wordpress\/lytho_agate\/\" class=\"more-link\">Continuer la lecture<span class=\"screen-reader-text\"> de &laquo;&nbsp;Agate&nbsp;&raquo;<\/span><\/a><\/p>\n","protected":false},"author":1,"featured_media":0,"parent":0,"menu_order":0,"comment_status":"closed","ping_status":"closed","template":"","meta":{"footnotes":""},"categories":[],"tags":[],"class_list":["post-2730","page","type-page","status-publish","hentry"],"_links":{"self":[{"href":"https:\/\/www.aacmb.fr\/wordpress\/wp-json\/wp\/v2\/pages\/2730","targetHints":{"allow":["GET"]}}],"collection":[{"href":"https:\/\/www.aacmb.fr\/wordpress\/wp-json\/wp\/v2\/pages"}],"about":[{"href":"https:\/\/www.aacmb.fr\/wordpress\/wp-json\/wp\/v2\/types\/page"}],"author":[{"embeddable":true,"href":"https:\/\/www.aacmb.fr\/wordpress\/wp-json\/wp\/v2\/users\/1"}],"replies":[{"embeddable":true,"href":"https:\/\/www.aacmb.fr\/wordpress\/wp-json\/wp\/v2\/comments?post=2730"}],"version-history":[{"count":0,"href":"https:\/\/www.aacmb.fr\/wordpress\/wp-json\/wp\/v2\/pages\/2730\/revisions"}],"wp:attachment":[{"href":"https:\/\/www.aacmb.fr\/wordpress\/wp-json\/wp\/v2\/media?parent=2730"}],"wp:term":[{"taxonomy":"category","embeddable":true,"href":"https:\/\/www.aacmb.fr\/wordpress\/wp-json\/wp\/v2\/categories?post=2730"},{"taxonomy":"post_tag","embeddable":true,"href":"https:\/\/www.aacmb.fr\/wordpress\/wp-json\/wp\/v2\/tags?post=2730"}],"curies":[{"name":"wp","href":"https:\/\/api.w.org\/{rel}","templated":true}]}}