{"id":2727,"date":"2022-02-14T14:28:11","date_gmt":"2022-02-14T13:28:11","guid":{"rendered":"https:\/\/www.aacmb.fr\/wordpress\/?page_id=2727"},"modified":"2022-02-14T17:16:45","modified_gmt":"2022-02-14T16:16:45","slug":"lytho_lapis","status":"publish","type":"page","link":"https:\/\/www.aacmb.fr\/wordpress\/lytho_lapis\/","title":{"rendered":"Lapis-lazulli"},"content":{"rendered":"<p>Utilis\u00e9 depuis des mill\u00e9naires pour la confection d&rsquo;objets d&rsquo;art et d\u2019\u0153uvres sacr\u00e9es, le Lapis Lazuli est un cristal de luxe. Il orne aujourd&rsquo;hui de nombreux bijoux<\/p>\n<p><img loading=\"lazy\" decoding=\"async\" class=\"size-full wp-image-2723 aligncenter\" src=\"https:\/\/www.aacmb.fr\/wordpress\/wp-content\/uploads\/2022\/02\/pierre-lapis-lazuli-e1644845259465.jpg\" alt=\"\" width=\"250\" height=\"250\" srcset=\"https:\/\/www.aacmb.fr\/wordpress\/wp-content\/uploads\/2022\/02\/pierre-lapis-lazuli-e1644845259465.jpg 250w, https:\/\/www.aacmb.fr\/wordpress\/wp-content\/uploads\/2022\/02\/pierre-lapis-lazuli-e1644845259465-100x100.jpg 100w, https:\/\/www.aacmb.fr\/wordpress\/wp-content\/uploads\/2022\/02\/pierre-lapis-lazuli-e1644845259465-200x200.jpg 200w\" sizes=\"auto, (max-width: 250px) 100vw, 250px\" \/><\/p>\n<p>Pierre de \u00ab\u00a0r\u00e9confort\u00a0\u00bb apportant la vitalit\u00e9, la sagesse, la r\u00e9sistance mentale et favorisant l&rsquo; expression cr\u00e9ative.<br \/>\nFavorise les dons et les talents inn\u00e9s.<br \/>\nAide \u00e0 contr\u00f4ler la d\u00e9sorganisation.<\/p>\n<h4>Au niveau physique :<\/h4>\n<p>B\u00e9n\u00e9fique\u00a0 au syst\u00e8me immunitaire, \u00e0 la gorge, au thymus et \u00e0 la thyro\u00efde, \u00e0 la trompe d&rsquo; Eustache, \u00e0 la structure et moelle osseuse.<br \/>\nAide en cas d&rsquo;insomnie, de vertiges et d&rsquo; \u00e9tourdissements, de perte de l&rsquo; ou\u00efe et de douleurs squelettiques, telle que le mal de dos.<\/p>\n<h4>Au niveau \u00e9motionnel :<\/h4>\n<p>Favorise la relaxation, les relations avec autrui, les r\u00eaves.<br \/>\nAide \u00e0 surmonter la d\u00e9pression.<\/p>\n<a class=\"maxbutton-1 maxbutton maxbutton-boutonretour\" title=\"Retour \u00e0 la page pr\u00e9c\u00e9dente\" href=\"\"><span class='mb-text'>Retour<\/span><\/a>\n","protected":false},"excerpt":{"rendered":"<p>Utilis\u00e9 depuis des mill\u00e9naires pour la confection d&rsquo;objets d&rsquo;art et d\u2019\u0153uvres sacr\u00e9es, le Lapis Lazuli est un cristal de luxe. Il orne aujourd&rsquo;hui de nombreux bijoux Pierre de \u00ab\u00a0r\u00e9confort\u00a0\u00bb apportant la vitalit\u00e9, la sagesse, la r\u00e9sistance mentale et favorisant l&rsquo; expression cr\u00e9ative. Favorise les dons et les talents inn\u00e9s. Aide \u00e0 contr\u00f4ler la d\u00e9sorganisation. Au &hellip; <\/p>\n<p class=\"link-more\"><a href=\"https:\/\/www.aacmb.fr\/wordpress\/lytho_lapis\/\" class=\"more-link\">Continuer la lecture<span class=\"screen-reader-text\"> de &laquo;&nbsp;Lapis-lazulli&nbsp;&raquo;<\/span><\/a><\/p>\n","protected":false},"author":1,"featured_media":0,"parent":0,"menu_order":0,"comment_status":"closed","ping_status":"closed","template":"","meta":{"footnotes":""},"categories":[],"tags":[],"class_list":["post-2727","page","type-page","status-publish","hentry"],"_links":{"self":[{"href":"https:\/\/www.aacmb.fr\/wordpress\/wp-json\/wp\/v2\/pages\/2727","targetHints":{"allow":["GET"]}}],"collection":[{"href":"https:\/\/www.aacmb.fr\/wordpress\/wp-json\/wp\/v2\/pages"}],"about":[{"href":"https:\/\/www.aacmb.fr\/wordpress\/wp-json\/wp\/v2\/types\/page"}],"author":[{"embeddable":true,"href":"https:\/\/www.aacmb.fr\/wordpress\/wp-json\/wp\/v2\/users\/1"}],"replies":[{"embeddable":true,"href":"https:\/\/www.aacmb.fr\/wordpress\/wp-json\/wp\/v2\/comments?post=2727"}],"version-history":[{"count":0,"href":"https:\/\/www.aacmb.fr\/wordpress\/wp-json\/wp\/v2\/pages\/2727\/revisions"}],"wp:attachment":[{"href":"https:\/\/www.aacmb.fr\/wordpress\/wp-json\/wp\/v2\/media?parent=2727"}],"wp:term":[{"taxonomy":"category","embeddable":true,"href":"https:\/\/www.aacmb.fr\/wordpress\/wp-json\/wp\/v2\/categories?post=2727"},{"taxonomy":"post_tag","embeddable":true,"href":"https:\/\/www.aacmb.fr\/wordpress\/wp-json\/wp\/v2\/tags?post=2727"}],"curies":[{"name":"wp","href":"https:\/\/api.w.org\/{rel}","templated":true}]}}