{"id":2683,"date":"2022-02-14T10:13:41","date_gmt":"2022-02-14T09:13:41","guid":{"rendered":"https:\/\/www.aacmb.fr\/wordpress\/?page_id=2683"},"modified":"2022-02-14T16:16:27","modified_gmt":"2022-02-14T15:16:27","slug":"lytho_citrine","status":"publish","type":"page","link":"https:\/\/www.aacmb.fr\/wordpress\/lytho_citrine\/","title":{"rendered":"Citrine"},"content":{"rendered":"<p>Pierre de richesse, la Citrine favorise l\u2019\u00e9quilibre des \u00e9nergies et la concentration. Cette pierre \u00e9nergisante d\u00e9veloppe fortement la cr\u00e9ativit\u00e9 et la confiance en soi.<\/p>\n<p><img loading=\"lazy\" decoding=\"async\" class=\"size-full wp-image-2707 aligncenter\" src=\"https:\/\/www.aacmb.fr\/wordpress\/wp-content\/uploads\/2022\/02\/pierre-citrine-e1644835513873.jpg\" alt=\"\" width=\"250\" height=\"250\" srcset=\"https:\/\/www.aacmb.fr\/wordpress\/wp-content\/uploads\/2022\/02\/pierre-citrine-e1644835513873.jpg 250w, https:\/\/www.aacmb.fr\/wordpress\/wp-content\/uploads\/2022\/02\/pierre-citrine-e1644835513873-100x100.jpg 100w, https:\/\/www.aacmb.fr\/wordpress\/wp-content\/uploads\/2022\/02\/pierre-citrine-e1644835513873-200x200.jpg 200w\" sizes=\"auto, (max-width: 250px) 100vw, 250px\" \/><\/p>\n<p>B\u00e9n\u00e9fique pour prendre des d\u00e9cisions, apprendre, enseigner ou \u00e9tudier, pour la cr\u00e9ativit\u00e9, l&rsquo;\u00e9veil de la conscience, r\u00e9soudre des probl\u00e8mes et amorcer les nouveaux d\u00e9parts, c&rsquo;est aussi une pierre de \u00ab\u00a0r\u00e9confort\u00a0\u00bb.<\/p>\n<h4>Au niveau physique :<\/h4>\n<p>B\u00e9n\u00e9fique au syst\u00e8me digestif et pour tous les troubles relatifs.<br \/>\nEgalement b\u00e9n\u00e9fique pour la vue et le coeur, les reins, la thyro\u00efde, le thymus et le fois.<br \/>\nElle favorise la r\u00e9g\u00e9n\u00e9ration des tissus, aide au traitement de l&rsquo;an\u00e9mie et de la jaunisse, la naus\u00e9e, les vomissements, et favorise la d\u00e9sintoxication.<\/p>\n<h4>Au niveau \u00e9motionnel :<\/h4>\n<p>B\u00e9n\u00e9fique aux relations, \u00e0 l&rsquo;estime de soi.<br \/>\nAide \u00e0 surmonter la col\u00e8re et favorise l&rsquo;\u00e9quilibre du yin et du yang.<\/p>\n<p><strong><a class=\"maxbutton-1 maxbutton maxbutton-boutonretour\" title=\"Retour \u00e0 la page pr\u00e9c\u00e9dente\" href=\"\"><span class='mb-text'>Retour<\/span><\/a><\/strong><\/p>\n","protected":false},"excerpt":{"rendered":"<p>Pierre de richesse, la Citrine favorise l\u2019\u00e9quilibre des \u00e9nergies et la concentration. Cette pierre \u00e9nergisante d\u00e9veloppe fortement la cr\u00e9ativit\u00e9 et la confiance en soi. B\u00e9n\u00e9fique pour prendre des d\u00e9cisions, apprendre, enseigner ou \u00e9tudier, pour la cr\u00e9ativit\u00e9, l&rsquo;\u00e9veil de la conscience, r\u00e9soudre des probl\u00e8mes et amorcer les nouveaux d\u00e9parts, c&rsquo;est aussi une pierre de \u00ab\u00a0r\u00e9confort\u00a0\u00bb. Au &hellip; <\/p>\n<p class=\"link-more\"><a href=\"https:\/\/www.aacmb.fr\/wordpress\/lytho_citrine\/\" class=\"more-link\">Continuer la lecture<span class=\"screen-reader-text\"> de &laquo;&nbsp;Citrine&nbsp;&raquo;<\/span><\/a><\/p>\n","protected":false},"author":1,"featured_media":0,"parent":0,"menu_order":0,"comment_status":"closed","ping_status":"closed","template":"","meta":{"footnotes":""},"categories":[],"tags":[],"class_list":["post-2683","page","type-page","status-publish","hentry"],"_links":{"self":[{"href":"https:\/\/www.aacmb.fr\/wordpress\/wp-json\/wp\/v2\/pages\/2683","targetHints":{"allow":["GET"]}}],"collection":[{"href":"https:\/\/www.aacmb.fr\/wordpress\/wp-json\/wp\/v2\/pages"}],"about":[{"href":"https:\/\/www.aacmb.fr\/wordpress\/wp-json\/wp\/v2\/types\/page"}],"author":[{"embeddable":true,"href":"https:\/\/www.aacmb.fr\/wordpress\/wp-json\/wp\/v2\/users\/1"}],"replies":[{"embeddable":true,"href":"https:\/\/www.aacmb.fr\/wordpress\/wp-json\/wp\/v2\/comments?post=2683"}],"version-history":[{"count":0,"href":"https:\/\/www.aacmb.fr\/wordpress\/wp-json\/wp\/v2\/pages\/2683\/revisions"}],"wp:attachment":[{"href":"https:\/\/www.aacmb.fr\/wordpress\/wp-json\/wp\/v2\/media?parent=2683"}],"wp:term":[{"taxonomy":"category","embeddable":true,"href":"https:\/\/www.aacmb.fr\/wordpress\/wp-json\/wp\/v2\/categories?post=2683"},{"taxonomy":"post_tag","embeddable":true,"href":"https:\/\/www.aacmb.fr\/wordpress\/wp-json\/wp\/v2\/tags?post=2683"}],"curies":[{"name":"wp","href":"https:\/\/api.w.org\/{rel}","templated":true}]}}