{"id":266,"date":"2018-08-31T15:23:01","date_gmt":"2018-08-31T13:23:01","guid":{"rendered":"http:\/\/a.francoise.free.fr\/?page_id=266"},"modified":"2022-07-20T10:29:54","modified_gmt":"2022-07-20T08:29:54","slug":"post-traitement","status":"publish","type":"page","link":"https:\/\/www.aacmb.fr\/wordpress\/post-traitement\/","title":{"rendered":"Post-Traitement"},"content":{"rendered":"<p>Vous venez d&rsquo;imprimer votre pi\u00e8ce. Sauf \u00e0 disposer d&rsquo;une imprimante \u00e0 filament multi-t\u00eates, ou \u00e0 avoir r\u00e9alis\u00e9 un assemblage de plusieurs pi\u00e8ces, vous avez maintenant en votre possession une pi\u00e8ce de plastique \u00ab\u00a0monochrome\u00a0\u00bb.<br \/>\nVous allez peut-\u00eatre maintenant vouloir peindre cette r\u00e9alisation. De nombreux forums donnent des explications, des conseils, des t\u00e9moignages positifs ou n\u00e9gatifs.<br \/>\nJ&rsquo;ai regroup\u00e9 ci-dessous, \u00e9tape par \u00e9tape, les conseils qui me semble les plus pertinents que j&rsquo;utilise g\u00e9n\u00e9ralement.<\/p>\n<h3>Etape 1 (sp\u00e9cifique \u00e0 l&rsquo;impression avec de la r\u00e9sine) :<\/h3>\n<p>Apr\u00e8s une impression r\u00e9sine, il est imp\u00e9ratif de rincer la pi\u00e8ce. Ceci doit se faire \u00e0 l&rsquo;aide d&rsquo;alcool Isopropylique .\u00a0 <span class=\"a-list-item\">L&rsquo;alcool Isopropylique (ou isopropanol) est un compos\u00e9 chimique incolore tr\u00e8s volatil d\u00e9gageant une odeur d&rsquo;alcool. Il va permettre d&rsquo;enlever toute trace de r\u00e9sine qui n&rsquo;aurait pas \u00e9t\u00e9 brul\u00e9e lors de l&rsquo;impression.<\/span><\/p>\n<p>Cette op\u00e9ration peut se r\u00e9aliser manuellement en frottant d\u00e9licatement la pi\u00e8ce avec une brosse \u00e0 dent tremp\u00e9e dans l&rsquo;alcool. <span style=\"text-decoration: underline;\">Attention : port de gant et de protection pour les yeux imp\u00e9rative<\/span>.<br \/>\nOn peut aussi trouver des machines compos\u00e9es d&rsquo;une cuve et d&rsquo;un agitateur permettant de r\u00e9aliser cette op\u00e9ration de fa\u00e7on plus automatique et s\u00e9curis\u00e9e, en limitant tout contact avec le produit. C&rsquo;est certes un investissement suppl\u00e9mentaire mais qui s&rsquo;av\u00e9rer utile, en particulier si vous ne disposez pas d&rsquo;un plan de travail \u00ab\u00a0ne craignant rien\u00a0\u00bb. G\u00e9n\u00e9ralement, ce type de machine permet de positionner directement la plate-forme d&rsquo;impression sans manipulation.<\/p>\n<p>Un rin\u00e7age \u00e0 l&rsquo;eau clair est conseill\u00e9 afin de bien rincer la pi\u00e8ce. Dans tous les cas, il est n\u00e9cessaire de bien attendre l&rsquo;\u00e9vaporation compl\u00e8te de l&rsquo;alcool avant la poursuite des traitements.<\/p>\n<h3>Etape 2\u00a0 : Supprimer les supports d&rsquo;impression<\/h3>\n<p>Retirer tout radeau ou support de votre pi\u00e8ce. Cela peut para\u00eetre idiot de la pr\u00e9ciser, mais une fois la peinture appliqu\u00e9e &#8211; m\u00eame partiellement &#8211; cela sera trop tard.<\/p>\n<h3>Etape 3 (sp\u00e9cifique \u00e0 l&rsquo;impression r\u00e9sine) : Passage aux UV.<\/h3>\n<p>&lt;en cours de r\u00e9daction&gt;<\/p>\n<h3>Etape 4 : Pon\u00e7age &#8211; Collage<\/h3>\n<p>Pour obtenir une une surface de peinture de meilleure qualit\u00e9, il est possible de poncer le mod\u00e8le. Cette option est facultative, car la peinture va d&rsquo;elle-m\u00eame combler les irr\u00e9gularit\u00e9s pouvant exister.<br \/>\nOn utilisera de pr\u00e9f\u00e9rence du papier de avec progressivement des grains de 80, 120, 240, 400 et 1000.<br \/>\nAvec le PLA, il faut proscrire le pon\u00e7age \u00e9lectrique. Oubliez votre Dremel car vous n&rsquo;arriverez qu&rsquo;\u00e0 faire fondre votre mati\u00e8re.<br \/>\nPour ma part, j&rsquo;ai opt\u00e9 pour une solution trouv\u00e9e sur le Net :<br \/>\n<img loading=\"lazy\" decoding=\"async\" class=\"aligncenter wp-image-545\" src=\"https:\/\/www.aacmb.fr\/wordpress\/wp-content\/uploads\/2018\/10\/miniPonceuse.jpg\" alt=\"\" width=\"500\" height=\"281\" srcset=\"https:\/\/www.aacmb.fr\/wordpress\/wp-content\/uploads\/2018\/10\/miniPonceuse.jpg 691w, https:\/\/www.aacmb.fr\/wordpress\/wp-content\/uploads\/2018\/10\/miniPonceuse-350x197.jpg 350w, https:\/\/www.aacmb.fr\/wordpress\/wp-content\/uploads\/2018\/10\/miniPonceuse-300x168.jpg 300w\" sizes=\"auto, (max-width: 500px) 100vw, 500px\" \/><br \/>\nVous prenez une brosse \u00e0 dents \u00e9lectrique. Vous coupez les poils de la t\u00eate. Vous imprimez une petite pi\u00e8ce se clipsant sur le support de la t\u00eate, et sur laquelle vous positionnez un disque \u00e0 poncer Dremel.<br \/>\nPour moins de 20 euros, vous disposez d&rsquo;une syst\u00e8me de pon\u00e7age oscillant (donc qui ne va pas chauffer la pi\u00e8ce), et qui permet un pon\u00e7age pr\u00e9cis et moins p\u00e9nible qu&rsquo;\u00e0 la main. Il est m\u00eame possible de pr\u00e9voir plusieurs supports pour des grains diff\u00e9rents.<br \/>\nEn cas de gros d\u00e9faut, il est possible de consolider \/ remplir les creux avec un l\u00e9ger d\u00e9p\u00f4t de colle cyanoacrylate.<\/p>\n<h3>Etape 5 : Appr\u00eat \/ agent de remplissage<\/h3>\n<p>Que vous ayez choisi de poncer et d&rsquo;appliquer un enduit sur votre mod\u00e8le ou que vous peigniez directement, le PLA reste un mat\u00e9riau rugueux. Une solution consiste \u00e0 pulv\u00e9riser une couche d&rsquo;app\u00eat \/ enduit sur la pi\u00e8ce, ce qui comblera toutes les petites imperfections de surface (attention au risque de perte des d\u00e9tails).<br \/>\nVous pouvez utiliser un a\u00e9rosol type <strong><em>PRIMER FILLER\u00a0<\/em><\/strong>disponible dans la plupart des quincaillerie locales( ou Amazon).<br \/>\n<a href=\"https:\/\/www.amazon.fr\/gp\/product\/B00IAZCVCC\/ref=as_li_tl?ie=UTF8&amp;camp=1642&amp;creative=6746&amp;creativeASIN=B00IAZCVCC&amp;linkCode=as2&amp;tag=afrancoise-21&amp;linkId=2628467df711dd94d76ed0577e2a0ffc\" target=\"_blank\" rel=\"noopener\"><img decoding=\"async\" src=\"\/\/ws-eu.amazon-adsystem.com\/widgets\/q?_encoding=UTF8&amp;MarketPlace=FR&amp;ASIN=B00IAZCVCC&amp;ServiceVersion=20070822&amp;ID=AsinImage&amp;WS=1&amp;Format=_SL250_&amp;tag=afrancoise-21\" border=\"0\" \/><\/a><img loading=\"lazy\" decoding=\"async\" style=\"border: none !important; margin: 0px !important;\" src=\"\/\/ir-fr.amazon-adsystem.com\/e\/ir?t=afrancoise-21&amp;l=am2&amp;o=8&amp;a=B00IAZCVCC\" alt=\"\" width=\"1\" height=\"1\" border=\"0\" \/><a href=\"https:\/\/www.amazon.fr\/gp\/product\/B00FR84W90\/ref=as_li_tl?ie=UTF8&amp;camp=1642&amp;creative=6746&amp;creativeASIN=B00FR84W90&amp;linkCode=as2&amp;tag=afrancoise-21&amp;linkId=d0e4d13a2078ce26a129e14217e666f7\" target=\"_blank\" rel=\"noopener\"><img decoding=\"async\" src=\"\/\/ws-eu.amazon-adsystem.com\/widgets\/q?_encoding=UTF8&amp;MarketPlace=FR&amp;ASIN=B00FR84W90&amp;ServiceVersion=20070822&amp;ID=AsinImage&amp;WS=1&amp;Format=_SL250_&amp;tag=afrancoise-21\" border=\"0\" \/><\/a><img loading=\"lazy\" decoding=\"async\" style=\"border: none !important; margin: 0px !important;\" src=\"\/\/ir-fr.amazon-adsystem.com\/e\/ir?t=afrancoise-21&amp;l=am2&amp;o=8&amp;a=B00FR84W90\" alt=\"\" width=\"1\" height=\"1\" border=\"0\" \/><br \/>\nCe produit existe dans plusieurs couleurs.<br \/>\nApr\u00e8s cette op\u00e9ration, il faut imp\u00e9rativement poncer l\u00e9g\u00e8rement la pi\u00e8ce, car ce produit cr\u00e9\u00e9 une texture de surface rugueuse, un peu semblable au papier de verre.<br \/>\nVous pouvez r\u00e9p\u00e9ter cette \u00e9tape jusqu&rsquo;\u00e0 obtenir un \u00e9tat de surface correct.<\/p>\n<h3>Etape 6 : La peinture<\/h3>\n<p>Le PLA se peint parfaitement avec des peintures acryliques standard. Il faut \u00e9viter n\u00e9anmoins les peintures \u00ab\u00a0bas de gamme\u00a0\u00bb qui risquent de se r\u00e9v\u00e9ler trop liquides, et vous donneront un r\u00e9sultat d\u00e9cevant.<br \/>\nPerso, j&rsquo;ai trouv\u00e9 cet ensemble sur Amazon, \u00e0 un prix tr\u00e8s respectable :<\/p>\n<p style=\"text-align: center;\"><a href=\"https:\/\/www.amazon.fr\/gp\/product\/B06ZYSFWNN\/ref=as_li_tl?ie=UTF8&amp;camp=1642&amp;creative=6746&amp;creativeASIN=B06ZYSFWNN&amp;linkCode=as2&amp;tag=afrancoise-21&amp;linkId=464ba685bfcc0d05025b4713f3edd8b8\" target=\"_blank\" rel=\"noopener\"><img decoding=\"async\" src=\"\/\/ws-eu.amazon-adsystem.com\/widgets\/q?_encoding=UTF8&amp;MarketPlace=FR&amp;ASIN=B06ZYSFWNN&amp;ServiceVersion=20070822&amp;ID=AsinImage&amp;WS=1&amp;Format=_SL250_&amp;tag=afrancoise-21\" border=\"0\" \/><\/a><img loading=\"lazy\" decoding=\"async\" style=\"border: none !important; margin: 0px !important;\" src=\"\/\/ir-fr.amazon-adsystem.com\/e\/ir?t=afrancoise-21&amp;l=am2&amp;o=8&amp;a=B06ZYSFWNN\" alt=\"\" width=\"1\" height=\"1\" border=\"0\" \/><\/p>\n<p>Prenez votre temps, et utiliser des pinceaux adapt\u00e9s en taille et de bonne qualit\u00e9. Plusieurs couches peuvent \u00eatre appliqu\u00e9es. Respectez les d\u00e9lais de s\u00e9chage &#8230;..<br \/>\nPinceaux de pr\u00e9cision, trouv\u00e9s sur Amazon :<br \/>\n<a href=\"https:\/\/www.amazon.fr\/gp\/product\/B07BRDMJLW\/ref=as_li_tl?ie=UTF8&amp;camp=1642&amp;creative=6746&amp;creativeASIN=B07BRDMJLW&amp;linkCode=as2&amp;tag=afrancoise-21&amp;linkId=60fe37c72acb33bf998bcc435f8b7246\" target=\"_blank\" rel=\"noopener\"><img decoding=\"async\" class=\"aligncenter\" src=\"\/\/ws-eu.amazon-adsystem.com\/widgets\/q?_encoding=UTF8&amp;MarketPlace=FR&amp;ASIN=B07BRDMJLW&amp;ServiceVersion=20070822&amp;ID=AsinImage&amp;WS=1&amp;Format=_SL250_&amp;tag=afrancoise-21\" border=\"0\" \/><\/a><img loading=\"lazy\" decoding=\"async\" style=\"border: none !important; margin: 0px !important;\" src=\"\/\/ir-fr.amazon-adsystem.com\/e\/ir?t=afrancoise-21&amp;l=am2&amp;o=8&amp;a=B07BRDMJLW\" alt=\"\" width=\"1\" height=\"1\" border=\"0\" \/><\/p>\n<h3>Etape 7 : Le vernissage<\/h3>\n<p>Etape facultative, vernir votre pi\u00e8ce pourra lui donner un \u00e9clat plus important, et surtout prot\u00e9ger la couche de peinture. L\u00e0 encore, il existe de nombreux produits, en mat ou en brillant.<br \/>\n<a href=\"https:\/\/www.amazon.fr\/gp\/product\/B00WBFNT5A\/ref=as_li_tl?ie=UTF8&amp;camp=1642&amp;creative=6746&amp;creativeASIN=B00WBFNT5A&amp;linkCode=as2&amp;tag=afrancoise-21&amp;linkId=01008652f10c6cd5f59b1782882dce36\" target=\"_blank\" rel=\"noopener\"><img decoding=\"async\" src=\"\/\/ws-eu.amazon-adsystem.com\/widgets\/q?_encoding=UTF8&amp;MarketPlace=FR&amp;ASIN=B00WBFNT5A&amp;ServiceVersion=20070822&amp;ID=AsinImage&amp;WS=1&amp;Format=_SL250_&amp;tag=afrancoise-21\" border=\"0\" \/><\/a><img loading=\"lazy\" decoding=\"async\" style=\"border: none !important; margin: 0px !important;\" src=\"\/\/ir-fr.amazon-adsystem.com\/e\/ir?t=afrancoise-21&amp;l=am2&amp;o=8&amp;a=B00WBFNT5A\" alt=\"\" width=\"1\" height=\"1\" border=\"0\" \/><a href=\"https:\/\/www.amazon.fr\/gp\/product\/B00WBFUB0G\/ref=as_li_tl?ie=UTF8&amp;camp=1642&amp;creative=6746&amp;creativeASIN=B00WBFUB0G&amp;linkCode=as2&amp;tag=afrancoise-21&amp;linkId=35f9f11690d33200f37b1eed8110ac28\" target=\"_blank\" rel=\"noopener\"><img decoding=\"async\" src=\"\/\/ws-eu.amazon-adsystem.com\/widgets\/q?_encoding=UTF8&amp;MarketPlace=FR&amp;ASIN=B00WBFUB0G&amp;ServiceVersion=20070822&amp;ID=AsinImage&amp;WS=1&amp;Format=_SL250_&amp;tag=afrancoise-21\" border=\"0\" \/><\/a><img loading=\"lazy\" decoding=\"async\" style=\"border: none !important; margin: 0px !important;\" src=\"\/\/ir-fr.amazon-adsystem.com\/e\/ir?t=afrancoise-21&amp;l=am2&amp;o=8&amp;a=B00WBFUB0G\" alt=\"\" width=\"1\" height=\"1\" border=\"0\" \/><\/p>\n","protected":false},"excerpt":{"rendered":"<p>Vous venez d&rsquo;imprimer votre pi\u00e8ce. Sauf \u00e0 disposer d&rsquo;une imprimante \u00e0 filament multi-t\u00eates, ou \u00e0 avoir r\u00e9alis\u00e9 un assemblage de plusieurs pi\u00e8ces, vous avez maintenant en votre possession une pi\u00e8ce de plastique \u00ab\u00a0monochrome\u00a0\u00bb. Vous allez peut-\u00eatre maintenant vouloir peindre cette r\u00e9alisation. De nombreux forums donnent des explications, des conseils, des t\u00e9moignages positifs ou n\u00e9gatifs. J&rsquo;ai &hellip; <\/p>\n<p class=\"link-more\"><a href=\"https:\/\/www.aacmb.fr\/wordpress\/post-traitement\/\" class=\"more-link\">Continuer la lecture<span class=\"screen-reader-text\"> de &laquo;&nbsp;Post-Traitement&nbsp;&raquo;<\/span><\/a><\/p>\n","protected":false},"author":1,"featured_media":0,"parent":0,"menu_order":0,"comment_status":"closed","ping_status":"closed","template":"","meta":{"footnotes":""},"categories":[22],"tags":[],"class_list":["post-266","page","type-page","status-publish","hentry","category-impression3d"],"_links":{"self":[{"href":"https:\/\/www.aacmb.fr\/wordpress\/wp-json\/wp\/v2\/pages\/266","targetHints":{"allow":["GET"]}}],"collection":[{"href":"https:\/\/www.aacmb.fr\/wordpress\/wp-json\/wp\/v2\/pages"}],"about":[{"href":"https:\/\/www.aacmb.fr\/wordpress\/wp-json\/wp\/v2\/types\/page"}],"author":[{"embeddable":true,"href":"https:\/\/www.aacmb.fr\/wordpress\/wp-json\/wp\/v2\/users\/1"}],"replies":[{"embeddable":true,"href":"https:\/\/www.aacmb.fr\/wordpress\/wp-json\/wp\/v2\/comments?post=266"}],"version-history":[{"count":0,"href":"https:\/\/www.aacmb.fr\/wordpress\/wp-json\/wp\/v2\/pages\/266\/revisions"}],"wp:attachment":[{"href":"https:\/\/www.aacmb.fr\/wordpress\/wp-json\/wp\/v2\/media?parent=266"}],"wp:term":[{"taxonomy":"category","embeddable":true,"href":"https:\/\/www.aacmb.fr\/wordpress\/wp-json\/wp\/v2\/categories?post=266"},{"taxonomy":"post_tag","embeddable":true,"href":"https:\/\/www.aacmb.fr\/wordpress\/wp-json\/wp\/v2\/tags?post=266"}],"curies":[{"name":"wp","href":"https:\/\/api.w.org\/{rel}","templated":true}]}}