{"id":2614,"date":"2022-02-12T16:59:33","date_gmt":"2022-02-12T15:59:33","guid":{"rendered":"https:\/\/www.aacmb.fr\/wordpress\/?page_id=2614"},"modified":"2022-02-23T10:57:37","modified_gmt":"2022-02-23T09:57:37","slug":"lytho_balance","status":"publish","type":"page","link":"https:\/\/www.aacmb.fr\/wordpress\/lytho_balance\/","title":{"rendered":"Les pierres de la Balance"},"content":{"rendered":"<p>[print_link]<\/p>\n<h4>En bref :<\/h4>\n<table>\n<tbody>\n<tr>\n<td>Date<\/td>\n<td>23 septembre au 22 octobre<\/td>\n<\/tr>\n<tr>\n<td>El\u00e9ment<\/td>\n<td>Air<\/td>\n<\/tr>\n<tr>\n<td>Couleur<\/td>\n<td>Bleu ciel<\/td>\n<\/tr>\n<tr>\n<td>Pierres<\/td>\n<td><a href=\"http:\/\/aacmb.fr\/wordpress\/lytho_heliotrope\">H\u00e9liotrope<\/a>, <a href=\"http:\/\/aacmb.fr\/wordpress\/lytho_ametrine\">Am\u00e9trine<\/a>, <a href=\"http:\/\/aacmb.fr\/wordpress\/lytho_citrine\">Citrine<\/a>, <a href=\"http:\/\/aacmb.fr\/wordpress\/lytho_apatite\">Apatite<\/a>, <a href=\"http:\/\/aacmb.fr\/wordpress\/lytho_lapis\">Lapis-lazuli<\/a>, <a href=\"http:\/\/aacmb.fr\/wordpress\/lytho_agate\">Agate<\/a><\/td>\n<\/tr>\n<\/tbody>\n<\/table>\n<h4>Pierres associ\u00e9es aux traits de caract\u00e8re de la Balance :<\/h4>\n<p>&nbsp;<\/p>\n<p>Les qualit\u00e9s premi\u00e8res des Balances sont la stabilit\u00e9 et la tol\u00e9rance. Les natifs de ce signe astrologique sont faciles \u00e0 vivre ! Empathiques, ils ont beaucoup de consid\u00e9ration pour la personne en face d\u2019eux. Ce n\u2019est pas par hasard que le signe zodiacal est symbolis\u00e9 par la balance de la justice.<\/p>\n<p>Le c\u00f4t\u00e9 \u00e9quilibr\u00e9 des Balances sera renforc\u00e9 par <a href=\"http:\/\/aacmb.fr\/wordpress\/lytho_ametrine\">l\u2019am\u00e9trine<\/a>. Cette vari\u00e9t\u00e9 de quartz est en fait un m\u00e9lange de <a href=\"http:\/\/aacmb.fr\/wordpress\/lytho_citrine\">citrine<\/a> et d\u2019<a href=\"http:\/\/aacmb.fr\/wordpress\/lytho_amethyste\">am\u00e9thyste<\/a>. Bicolore, elle associe deux gemmes apaisantes et \u00e9quilibrantes \u00e0 l\u2019\u00e9nergie forte.<\/p>\n<p>Les Balances sont aussi \u00e9l\u00e9gant(e)s et sociables. On les dit parfois dispers\u00e9s, un trait commun \u00e0 tous les signes d\u2019air. Facilitant l\u2019ancrage, <a href=\"http:\/\/aacmb.fr\/wordpress\/lytho_heliotrope\">l\u2019h\u00e9liotrope<\/a> (ou pierre de sang) est donc une excellente pierre porte-bonheur des Balances. Elle favorise l\u2019ind\u00e9pendance et la prise de d\u00e9cision.<\/p>\n<p>A trop peser le pour et le contre, les Balances r\u00e9v\u00e8lent leur nature ind\u00e9cise et timide. Pour \u00e9viter que l\u2019inaction devienne un handicap, l\u2019<a href=\"http:\/\/aacmb.fr\/wordpress\/lytho_ametrine\">am\u00e9trine<\/a> est recommand\u00e9e. Elle permet de trancher et de prendre des d\u00e9cisions, tout en renfor\u00e7ant la confiance en soi. C\u2019est aussi le cas de la <a href=\"http:\/\/aacmb.fr\/wordpress\/lytho_citrine\">citrine<\/a>, qui apporte de la clairvoyance face aux d\u00e9cisions et de la confiance.<\/p>\n<h4>Amour\u00a0 :<\/h4>\n<p>En amour, ce signe d\u2019air exerce une grande s\u00e9duction. Les Balance ont tendance \u00e0 beaucoup plaire. Il est vrai que ce romantique est gouvern\u00e9 par V\u00e9nus.<\/p>\n<p>Cela dit, les natifs de ce signe font preuve de maturit\u00e9 dans la relation. Les Balances ont un tr\u00e8s bon sens du relationnel et de l\u2019empathie. Ce signe est associ\u00e9 aux paires, au mariage et \u00e0 l\u2019harmonie.<\/p>\n<p>Les Balances peuvent faire beaucoup de concessions pour faire fonctionner un couple. Mais attention \u00e0 ne pas s\u2019effacer pour autant : \u00e0 trop \u00e9viter le conflit, ils ou elles peuvent se faire marcher dessus. L\u2019<a href=\"http:\/\/aacmb.fr\/wordpress\/lytho_amethyste\">am\u00e9thyste<\/a> et la <a href=\"http:\/\/aacmb.fr\/wordpress\/lytho_citrine\">citrine<\/a> aideront les Balances en amour. Elles leur apportent de la d\u00e9cision et de la confiance pour s\u2019affirmer. On peut aussi opter pour la gemme qui les r\u00e9unit, <a href=\"http:\/\/aacmb.fr\/wordpress\/lytho_ametrine\">l\u2019am\u00e9trine<\/a>. Enfin, le <a href=\"http:\/\/aacmb.fr\/wordpress\/lytho_lapis\">lapis-lazuli<\/a> est d\u2019une grande aide. Cette pierre semi-pr\u00e9cieuse permet aux Balances d\u2019exprimer leurs pens\u00e9es plus clairement au sein du couple.<\/p>\n<h4>Sant\u00e9 :<\/h4>\n<p>Cherchant l\u2019\u00e9quilibre en toutes choses, les Balances privil\u00e9gient leur bien-\u00eatre. Ce signe est associ\u00e9 \u00e0 certaines parties du corps dont la sant\u00e9 est \u00e0 surveiller tout particuli\u00e8rement. Il s\u2019agit du bas du dos (probl\u00e8mes lombaires), des reins, de la vessie et de la circulation sanguine.<\/p>\n<p>Pour tout ce qui a trait aux reins et \u00e0 la vessie, on peut conseiller les gemmes suivantes : <a href=\"http:\/\/aacmb.fr\/wordpress\/lytho_cornaline\">cornaline<\/a>, <a href=\"http:\/\/aacmb.fr\/wordpress\/lytho_jade_nephrite\">jade n\u00e9phrite<\/a> et <a href=\"http:\/\/aacmb.fr\/wordpress\/lytho_heliotrope\">h\u00e9liotrope<\/a> (ou pierre de sang). Elles sont utilis\u00e9es en lithoth\u00e9rapie pour purifier la circulation r\u00e9nale. Pour la circulation sanguine, les gemmes rouges sont recommand\u00e9es : rubis, grenats et saphirs rouges.<\/p>\n<h4>Travail :<\/h4>\n<p>Le sens de la mesure, la cr\u00e9ativit\u00e9 et le relationnel des Balances fait des merveilles dans de nombreuses professions. Il y a un grand \u00e9quilibre dans leur semblant de d\u00e9sordre ! En r\u00e9alit\u00e9, les Balances sont de vrais travailleurs. Une fois que leur d\u00e9cision est prise, rien ne peut les arr\u00eater !<\/p>\n<p>En revanche, il faut savoir qu\u2019ils valorisent l\u2019\u00e9quilibre entre vie priv\u00e9e et vie professionnelle. Les natifs de ce signe appr\u00e9cient les m\u00e9tiers avec une composante artistique ou esth\u00e9tique, ainsi que les m\u00e9tiers d\u2019arbitrage.<\/p>\n<p>Plusieurs pierres de protection des Balances leur permettent d\u2019am\u00e9liorer leur concentration, au travail ou dans les \u00e9tudes. C\u2019est le cas de <a href=\"http:\/\/aacmb.fr\/wordpress\/lytho_apatite\">l\u2019apatite<\/a>, ou en alternative, l\u2019<a href=\"http:\/\/aacmb.fr\/wordpress\/lytho_hematite\">h\u00e9matite<\/a> et <a href=\"http:\/\/aacmb.fr\/wordpress\/lytho_agate\">l\u2019agate<\/a>. Ces pierres d\u2019ancrage les aideront \u00e0 concentrer leurs \u00e9nergies sur un objectif.<\/p>\n<p>Vous souhaitez am\u00e9liorer la cr\u00e9ativit\u00e9 naturelle des Balances ? Le <a href=\"http:\/\/aacmb.fr\/wordpress\/lytho_lapis\">lapis-lazuli<\/a> est recommand\u00e9, tout comme la <a href=\"http:\/\/aacmb.fr\/wordpress\/lytho_citrine\">citrine<\/a>, qui favorise l\u2019inspiration.<\/p>\n<p>&nbsp;<\/p>\n<a class=\"maxbutton-1 maxbutton maxbutton-boutonretour\" title=\"Retour \u00e0 la page pr\u00e9c\u00e9dente\" href=\"\"><span class='mb-text'>Retour<\/span><\/a>\n","protected":false},"excerpt":{"rendered":"<p>[print_link] En bref : Date 23 septembre au 22 octobre El\u00e9ment Air Couleur Bleu ciel Pierres H\u00e9liotrope, Am\u00e9trine, Citrine, Apatite, Lapis-lazuli, Agate Pierres associ\u00e9es aux traits de caract\u00e8re de la Balance : &nbsp; Les qualit\u00e9s premi\u00e8res des Balances sont la stabilit\u00e9 et la tol\u00e9rance. Les natifs de ce signe astrologique sont faciles \u00e0 vivre ! &hellip; <\/p>\n<p class=\"link-more\"><a href=\"https:\/\/www.aacmb.fr\/wordpress\/lytho_balance\/\" class=\"more-link\">Continuer la lecture<span class=\"screen-reader-text\"> de &laquo;&nbsp;Les pierres de la Balance&nbsp;&raquo;<\/span><\/a><\/p>\n","protected":false},"author":1,"featured_media":0,"parent":0,"menu_order":0,"comment_status":"closed","ping_status":"closed","template":"","meta":{"footnotes":""},"categories":[],"tags":[],"class_list":["post-2614","page","type-page","status-publish","hentry"],"_links":{"self":[{"href":"https:\/\/www.aacmb.fr\/wordpress\/wp-json\/wp\/v2\/pages\/2614","targetHints":{"allow":["GET"]}}],"collection":[{"href":"https:\/\/www.aacmb.fr\/wordpress\/wp-json\/wp\/v2\/pages"}],"about":[{"href":"https:\/\/www.aacmb.fr\/wordpress\/wp-json\/wp\/v2\/types\/page"}],"author":[{"embeddable":true,"href":"https:\/\/www.aacmb.fr\/wordpress\/wp-json\/wp\/v2\/users\/1"}],"replies":[{"embeddable":true,"href":"https:\/\/www.aacmb.fr\/wordpress\/wp-json\/wp\/v2\/comments?post=2614"}],"version-history":[{"count":0,"href":"https:\/\/www.aacmb.fr\/wordpress\/wp-json\/wp\/v2\/pages\/2614\/revisions"}],"wp:attachment":[{"href":"https:\/\/www.aacmb.fr\/wordpress\/wp-json\/wp\/v2\/media?parent=2614"}],"wp:term":[{"taxonomy":"category","embeddable":true,"href":"https:\/\/www.aacmb.fr\/wordpress\/wp-json\/wp\/v2\/categories?post=2614"},{"taxonomy":"post_tag","embeddable":true,"href":"https:\/\/www.aacmb.fr\/wordpress\/wp-json\/wp\/v2\/tags?post=2614"}],"curies":[{"name":"wp","href":"https:\/\/api.w.org\/{rel}","templated":true}]}}