{"id":241,"date":"2018-06-29T16:11:35","date_gmt":"2018-06-29T14:11:35","guid":{"rendered":"http:\/\/a.francoise.free.fr\/?page_id=241"},"modified":"2023-10-24T15:59:44","modified_gmt":"2023-10-24T13:59:44","slug":"les-slicers","status":"publish","type":"page","link":"https:\/\/www.aacmb.fr\/wordpress\/les-slicers\/","title":{"rendered":"Les Slicers &#8211; Introduction"},"content":{"rendered":"<p>Une imprimante 3D -sur le principe &#8211; n&rsquo;est en rien diff\u00e9rente d&rsquo;une machine \u00e0 commande num\u00e9rique.\u00a0 Pour fonctionner, elle a besoin de recevoir des commandes, qui vont lui indiquer ce qu&rsquo;elle doit faire. Ces \u00ab\u00a0commandes\u00a0\u00bb vont respecter (plus ou moins) un standard de programmation, issu du monde des machines \u00e0 commande num\u00e9rique : le G-CODE.<br \/>\n<u>Quelques exemples<\/u> :<\/p>\n<ul>\n<li>M106 S127 va allumer les ventillateurs \u00e0 50% de leur puissance<\/li>\n<li>G0 X12 va d\u00e9placer la t\u00eate sur l&rsquo;axe X de 12 mm<\/li>\n<\/ul>\n<p>Pour r\u00e9aliser le passage de votre mod\u00e8le (charg\u00e9 ou cr\u00e9\u00e9 par vous) \u00e0 un fichier exploitable par l&rsquo;imprimante (un fichier au format GCode), nous allons utiliser un programme appel\u00e9 <strong>Slicer<\/strong>.<\/p>\n<p><strong>De la qualit\u00e9 du codage d\u00e9pendra la qualit\u00e9 de l&rsquo;impression !<\/strong><\/p>\n<p>Il existe de nombreux logiciels Slicer (gratuits et payants). La principale difficult\u00e9 que vous allez rencontrer va \u00eatre de param\u00e9trer correctement le slicer en fonction des param\u00e8tres de votre imprimante.<br \/>\nChaque Slicer offrira g\u00e9n\u00e9ralement les m\u00eame fonctionnalit\u00e9s de base, puis plus ou moins d&rsquo;autres possibilit\u00e9s.<br \/>\nLes slicers vont aussi \u00eatre diff\u00e9rents en fonction de la technologie d&rsquo;impression (filament, r\u00e9sine, &#8230;).<\/p>\n<p>Vous trouverez ci-dessous quelques guides des slicers que j&rsquo;ai test\u00e9s, selon la technologie de l&rsquo;imprimante.<\/p>\n<p>&nbsp;<\/p>\n<table>\n<tbody>\n<tr>\n<td style=\"text-align: center;\">Imprimante filament<\/td>\n<td style=\"text-align: center;\">Imprimante r\u00e9sine<\/td>\n<\/tr>\n<tr>\n<td style=\"text-align: center;\"><a class=\"maxbutton-8 maxbutton maxbutton-curabydagoma\" href=\"https:\/\/www.aacmb.fr\/wordpress\/cura-by-dagoma\/\"><span class='mb-text'>Cura by Dagoma<\/span><\/a><\/td>\n<td style=\"text-align: center;\"><a class=\"maxbutton-11 maxbutton\" href=\"https:\/\/www.aacmb.fr\/wordpress\/photon-workshop\/\"><span class='mb-text'>Photon Workshop<\/span><\/a><\/td>\n<\/tr>\n<tr>\n<td style=\"text-align: center;\"><a class=\"maxbutton-7 maxbutton maxbutton-cura\" href=\"https:\/\/www.aacmb.fr\/wordpress\/cura\/\"><span class='mb-text'>Cura<\/span><\/a><\/td>\n<td style=\"text-align: center;\"><a class=\"maxbutton-10 maxbutton\" href=\"https:\/\/www.aacmb.fr\/wordpress\/chitubox\/\"><span class='mb-text'>Chitubox<\/span><\/a><\/td>\n<\/tr>\n<tr>\n<td style=\"text-align: center;\"><a class=\"maxbutton-23 maxbutton maxbutton-prusaslicer\" href=\"https:\/\/www.aacmb.fr\/wordpress\/prusaslicer\/\"><span class='mb-text'>PrusaSlicer<\/span><\/a><\/td>\n<td><\/td>\n<\/tr>\n<\/tbody>\n<\/table>\n<p>&nbsp;<\/p>\n","protected":false},"excerpt":{"rendered":"<p>Une imprimante 3D -sur le principe &#8211; n&rsquo;est en rien diff\u00e9rente d&rsquo;une machine \u00e0 commande num\u00e9rique.\u00a0 Pour fonctionner, elle a besoin de recevoir des commandes, qui vont lui indiquer ce qu&rsquo;elle doit faire. Ces \u00ab\u00a0commandes\u00a0\u00bb vont respecter (plus ou moins) un standard de programmation, issu du monde des machines \u00e0 commande num\u00e9rique : le G-CODE. &hellip; <\/p>\n<p class=\"link-more\"><a href=\"https:\/\/www.aacmb.fr\/wordpress\/les-slicers\/\" class=\"more-link\">Continuer la lecture<span class=\"screen-reader-text\"> de &laquo;&nbsp;Les Slicers &#8211; Introduction&nbsp;&raquo;<\/span><\/a><\/p>\n","protected":false},"author":1,"featured_media":0,"parent":0,"menu_order":0,"comment_status":"closed","ping_status":"closed","template":"","meta":{"footnotes":""},"categories":[22],"tags":[],"class_list":["post-241","page","type-page","status-publish","hentry","category-impression3d"],"_links":{"self":[{"href":"https:\/\/www.aacmb.fr\/wordpress\/wp-json\/wp\/v2\/pages\/241","targetHints":{"allow":["GET"]}}],"collection":[{"href":"https:\/\/www.aacmb.fr\/wordpress\/wp-json\/wp\/v2\/pages"}],"about":[{"href":"https:\/\/www.aacmb.fr\/wordpress\/wp-json\/wp\/v2\/types\/page"}],"author":[{"embeddable":true,"href":"https:\/\/www.aacmb.fr\/wordpress\/wp-json\/wp\/v2\/users\/1"}],"replies":[{"embeddable":true,"href":"https:\/\/www.aacmb.fr\/wordpress\/wp-json\/wp\/v2\/comments?post=241"}],"version-history":[{"count":0,"href":"https:\/\/www.aacmb.fr\/wordpress\/wp-json\/wp\/v2\/pages\/241\/revisions"}],"wp:attachment":[{"href":"https:\/\/www.aacmb.fr\/wordpress\/wp-json\/wp\/v2\/media?parent=241"}],"wp:term":[{"taxonomy":"category","embeddable":true,"href":"https:\/\/www.aacmb.fr\/wordpress\/wp-json\/wp\/v2\/categories?post=241"},{"taxonomy":"post_tag","embeddable":true,"href":"https:\/\/www.aacmb.fr\/wordpress\/wp-json\/wp\/v2\/tags?post=241"}],"curies":[{"name":"wp","href":"https:\/\/api.w.org\/{rel}","templated":true}]}}