{"id":2147,"date":"2021-05-12T11:19:40","date_gmt":"2021-05-12T09:19:40","guid":{"rendered":"https:\/\/www.aacmb.fr\/wordpress\/?page_id=2147"},"modified":"2022-10-10T11:13:51","modified_gmt":"2022-10-10T09:13:51","slug":"tuto-cura","status":"publish","type":"page","link":"https:\/\/www.aacmb.fr\/wordpress\/tuto-cura\/","title":{"rendered":"Tuto Cura"},"content":{"rendered":"<p style=\"text-align: right;\"><a class=\"maxbutton-1 maxbutton maxbutton-boutonretour\" title=\"Retour \u00e0 la page pr\u00e9c\u00e9dente\" href=\"\"><span class='mb-text'>Retour<\/span><\/a><\/p>\n<p>Ci-dessous, la liste des tuto Cura :<\/p>\n<ul class=\"lcp_catlist\" id=\"lcp_instance_0\"><li><a href=\"https:\/\/www.aacmb.fr\/wordpress\/2023\/10\/24\/configuration-des-slicers-trancheurs\/\">Configuration des slicers \/ trancheurs<\/a>  (10\/2023)<\/li><li><a href=\"https:\/\/www.aacmb.fr\/wordpress\/2019\/01\/03\/les-slicers-cura-by-dagoma-bi-couleur\/\">Les slicers &#8211; Cura by Dagoma &#8211; Bi-couleur<\/a>  (01\/2019)<\/li><\/ul>\n","protected":false},"excerpt":{"rendered":"<p>Ci-dessous, la liste des tuto Cura :<\/p>\n","protected":false},"author":1,"featured_media":0,"parent":0,"menu_order":0,"comment_status":"closed","ping_status":"closed","template":"","meta":{"footnotes":""},"categories":[70],"tags":[],"class_list":["post-2147","page","type-page","status-publish","hentry","category-tuto"],"_links":{"self":[{"href":"https:\/\/www.aacmb.fr\/wordpress\/wp-json\/wp\/v2\/pages\/2147","targetHints":{"allow":["GET"]}}],"collection":[{"href":"https:\/\/www.aacmb.fr\/wordpress\/wp-json\/wp\/v2\/pages"}],"about":[{"href":"https:\/\/www.aacmb.fr\/wordpress\/wp-json\/wp\/v2\/types\/page"}],"author":[{"embeddable":true,"href":"https:\/\/www.aacmb.fr\/wordpress\/wp-json\/wp\/v2\/users\/1"}],"replies":[{"embeddable":true,"href":"https:\/\/www.aacmb.fr\/wordpress\/wp-json\/wp\/v2\/comments?post=2147"}],"version-history":[{"count":0,"href":"https:\/\/www.aacmb.fr\/wordpress\/wp-json\/wp\/v2\/pages\/2147\/revisions"}],"wp:attachment":[{"href":"https:\/\/www.aacmb.fr\/wordpress\/wp-json\/wp\/v2\/media?parent=2147"}],"wp:term":[{"taxonomy":"category","embeddable":true,"href":"https:\/\/www.aacmb.fr\/wordpress\/wp-json\/wp\/v2\/categories?post=2147"},{"taxonomy":"post_tag","embeddable":true,"href":"https:\/\/www.aacmb.fr\/wordpress\/wp-json\/wp\/v2\/tags?post=2147"}],"curies":[{"name":"wp","href":"https:\/\/api.w.org\/{rel}","templated":true}]}}