{"id":1987,"date":"2021-01-02T10:47:07","date_gmt":"2021-01-02T09:47:07","guid":{"rendered":"https:\/\/www.aacmb.fr\/wordpress\/?page_id=1987"},"modified":"2022-07-07T18:52:26","modified_gmt":"2022-07-07T16:52:26","slug":"inkscape","status":"publish","type":"page","link":"https:\/\/www.aacmb.fr\/wordpress\/inkscape\/","title":{"rendered":"Inkscape"},"content":{"rendered":"<p>Inkscape est un logiciel de dessin vectoriel libre et open source.<\/p>\n<p>S&rsquo;il fallait faire un r\u00e9sum\u00e9 (tr\u00e8s grossier) du dessin vectoriel, on pourrait dire que le principal int\u00e9r\u00eat est qu&rsquo;il n&rsquo;y a pas de perte de qualit\u00e9 lorsque vous changer les dimensions d&rsquo;un dessin.<\/p>\n<p><em><u>Pour bien comprendre<\/u> :<\/em><\/p>\n<p><em>Dans un outil de dessin \u00ab\u00a0classique\u00a0\u00bb, un rectangle rouge sera repr\u00e9sent\u00e9 par un ensemble de points rouges. Si vous agrandissez la taille du rectangle, les points seront plus gros.<\/em><\/p>\n<p><em>Dans un outil de dessin \u00ab\u00a0vectoriel\u00a0\u00bb, le m\u00eame rectangle sera d\u00e9fini par un point d&rsquo;origine, par les coordonn\u00e9es des 3 autres points, par les instructions d\u00e9finissant les relations entre les diff\u00e9rents points (ici on trace un trait), et pas les propri\u00e9t\u00e9s de l&rsquo;objet d\u00e9fini (ici il sera rouge). Le changement de taille du rectangle se traduira simplement soit par un coefficient multiplicateur, soit par une modification des coordonn\u00e9es des diff\u00e9rents points. Il n&rsquo;y a pas d&rsquo;impact sur la qualit\u00e9 du r\u00e9sultat.<\/em><\/p>\n<p>Il existe beaucoup de tutoriels sur cet outil. Je ne vais donc pas en faire un de plus. Je vais me contenter de reprendre ici l&rsquo;exemple de mon rectangle pour vous montrer le minimum utile pour pr\u00e9parer un fichier qui sera exploitable par K40 Whisperer.<\/p>\n<h2>Prise en main<\/h2>\n<p>Vous pouvez t\u00e9l\u00e9charger Inkscape directement sur le site de l&rsquo;\u00e9diteur (<a href=\"https:\/\/inkscape.org\">https:\/\/inkscape.org<\/a>). Il existe aussi une version portable.<\/p>\n<p>Une fois install\u00e9e, le logiciel se pr\u00e9sente comme n&rsquo;importe quel logiciel de dessin.<\/p>\n<p><img loading=\"lazy\" decoding=\"async\" class=\"size-full wp-image-1995 aligncenter\" src=\"https:\/\/www.aacmb.fr\/wordpress\/wp-content\/uploads\/2021\/01\/inkscape_accueil.png\" alt=\"\" width=\"1439\" height=\"968\" srcset=\"https:\/\/www.aacmb.fr\/wordpress\/wp-content\/uploads\/2021\/01\/inkscape_accueil.png 1439w, https:\/\/www.aacmb.fr\/wordpress\/wp-content\/uploads\/2021\/01\/inkscape_accueil-350x235.png 350w, https:\/\/www.aacmb.fr\/wordpress\/wp-content\/uploads\/2021\/01\/inkscape_accueil-300x202.png 300w, https:\/\/www.aacmb.fr\/wordpress\/wp-content\/uploads\/2021\/01\/inkscape_accueil-1024x689.png 1024w, https:\/\/www.aacmb.fr\/wordpress\/wp-content\/uploads\/2021\/01\/inkscape_accueil-768x517.png 768w\" sizes=\"auto, (max-width: 706px) 89vw, (max-width: 767px) 82vw, 740px\" \/><\/p>\n<p>On retrouve toutes les commandes classiques : tracer des figures, du texte, la gestion des couleurs. Bref, rien qui indique particuli\u00e8rement que l&rsquo;on se trouve en pr\u00e9sence d&rsquo;un logiciel vectoriel.<\/p>\n<h2>Pr\u00e9paration du dessin pour l&rsquo;application Laser<\/h2>\n<p>Pour l&rsquo;exemple, commen\u00e7ons \u00e0 tracer un rectangle avec l&rsquo;outil d\u00e9di\u00e9.<\/p>\n<p><img loading=\"lazy\" decoding=\"async\" class=\"alignnone size-full wp-image-1998\" src=\"https:\/\/www.aacmb.fr\/wordpress\/wp-content\/uploads\/2021\/01\/inkscape_01.png\" alt=\"\" width=\"1320\" height=\"583\" srcset=\"https:\/\/www.aacmb.fr\/wordpress\/wp-content\/uploads\/2021\/01\/inkscape_01.png 1320w, https:\/\/www.aacmb.fr\/wordpress\/wp-content\/uploads\/2021\/01\/inkscape_01-350x155.png 350w, https:\/\/www.aacmb.fr\/wordpress\/wp-content\/uploads\/2021\/01\/inkscape_01-300x133.png 300w, https:\/\/www.aacmb.fr\/wordpress\/wp-content\/uploads\/2021\/01\/inkscape_01-1024x452.png 1024w, https:\/\/www.aacmb.fr\/wordpress\/wp-content\/uploads\/2021\/01\/inkscape_01-768x339.png 768w\" sizes=\"auto, (max-width: 706px) 89vw, (max-width: 767px) 82vw, 740px\" \/><\/p>\n<p>Un clic droit sur le rectangle permet d&rsquo;afficher la fen\u00eatre <em>Fond et Contour\u00a0<\/em>qui va nous permettre de pr\u00e9parer le fichier.<\/p>\n<p>Une seule r\u00e8gle a retenir :<\/p>\n<ul>\n<li style=\"list-style-type: none;\">\n<ul>\n<li>ce qui est rouge sera coup\u00e9,<\/li>\n<li>ce qui est bleu sera \u00ab\u00a0trac\u00e9\u00a0\u00bb<\/li>\n<li>ce qui est noir sera \u00ab\u00a0rempli\u00a0\u00bb.<\/li>\n<\/ul>\n<\/li>\n<\/ul>\n<p>Pour couper notre rectangle, il va donc suffire de supprimer le fond, de tracer en rouge le tour. Les modifications se font directement dans la fen\u00eatre <em>Fond et Contour.<\/em><\/p>\n<p><img loading=\"lazy\" decoding=\"async\" class=\"size-full wp-image-2001 aligncenter\" src=\"https:\/\/www.aacmb.fr\/wordpress\/wp-content\/uploads\/2021\/01\/inkscape_02.png\" alt=\"\" width=\"1101\" height=\"430\" srcset=\"https:\/\/www.aacmb.fr\/wordpress\/wp-content\/uploads\/2021\/01\/inkscape_02.png 1101w, https:\/\/www.aacmb.fr\/wordpress\/wp-content\/uploads\/2021\/01\/inkscape_02-350x137.png 350w, https:\/\/www.aacmb.fr\/wordpress\/wp-content\/uploads\/2021\/01\/inkscape_02-300x117.png 300w, https:\/\/www.aacmb.fr\/wordpress\/wp-content\/uploads\/2021\/01\/inkscape_02-1024x400.png 1024w, https:\/\/www.aacmb.fr\/wordpress\/wp-content\/uploads\/2021\/01\/inkscape_02-768x300.png 768w\" sizes=\"auto, (max-width: 706px) 89vw, (max-width: 767px) 82vw, 740px\" \/><\/p>\n<p><strong><u>2 remarques tr\u00e8s importantes<\/u><\/strong> :<\/p>\n<p>a) les couleurs doivent \u00eatre pures. Le rouge sera (255,0,0). Si ce param\u00e8tre est mal configur\u00e9 (254,1,0), m\u00eame si visuellement le r\u00e9sultat n&rsquo;est pas remarquable, l&rsquo;objet ne sera pas trait\u00e9 .<\/p>\n<p>b) le style du contour doit \u00eatre aussi fin que possible. Dans le cas d&rsquo;une d\u00e9coupe, une valeur de 0,1 mm est largement suffisante (le rayon laser \u00e9tant tr\u00e8s fin). Une valeur plus importante risque de g\u00e9n\u00e9rer plusieurs passages ce qui sera inutile.<\/p>\n<h2>Et le vectoriel dans tout cela ?<\/h2>\n<p>Vous l&rsquo;avez sans doute remarqu\u00e9 lors de la cr\u00e9ation du rectangle. Il est possible post-dessin, de modifier la position et la taille du rectangle, ceci sans impact sur le dessin lui-m\u00eame.<\/p>\n<p><img loading=\"lazy\" decoding=\"async\" class=\"size-full wp-image-2003 aligncenter\" src=\"https:\/\/www.aacmb.fr\/wordpress\/wp-content\/uploads\/2021\/01\/inkscape_03.png\" alt=\"\" width=\"833\" height=\"433\" srcset=\"https:\/\/www.aacmb.fr\/wordpress\/wp-content\/uploads\/2021\/01\/inkscape_03.png 833w, https:\/\/www.aacmb.fr\/wordpress\/wp-content\/uploads\/2021\/01\/inkscape_03-350x182.png 350w, https:\/\/www.aacmb.fr\/wordpress\/wp-content\/uploads\/2021\/01\/inkscape_03-300x156.png 300w, https:\/\/www.aacmb.fr\/wordpress\/wp-content\/uploads\/2021\/01\/inkscape_03-768x399.png 768w\" sizes=\"auto, (max-width: 706px) 89vw, (max-width: 767px) 82vw, 740px\" \/><\/p>\n<p>Si on regarde le contenu du fichier sauvegarder, on va trouver le groupe de lignes suivant, qui d\u00e9fini le dessin en lui-m\u00eame :<\/p>\n<p><em>&lt;g<\/em><br \/>\n<em>inkscape:label=\u00a0\u00bbCalque 1&Prime;<\/em><br \/>\n<em>inkscape:groupmode=\u00a0\u00bblayer\u00a0\u00bb<\/em><br \/>\n<em>id=\u00a0\u00bblayer1&Prime;&gt;<\/em><br \/>\n<em>&lt;rect<\/em><br \/>\n<em>style=\u00a0\u00bbfill:none;fill-rule:evenodd;stroke-width:0.265;stroke:#ff0000;stroke-opacity:1;stroke-miterlimit:4;stroke-dasharray:none\u00a0\u00bb<\/em><br \/>\n<em>id=\u00a0\u00bbrect10&Prime;<\/em><br \/>\n<em>width=\u00a0\u00bb83.910713&Prime;<\/em><br \/>\n<em>height=\u00a0\u00bb46.869045&Prime;<\/em><br \/>\n<em>x=\u00a0\u00bb31.75&Prime;<\/em><br \/>\n<em>y=\u00a0\u00bb29.482143&Prime; \/&gt;<\/em><br \/>\n<em>&lt;\/g&gt;<\/em><\/p>\n<p>Le standard \u00ab\u00a0vectoriel\u00a0\u00bb dispose de mots cl\u00e9, permettant la simplication. Exemple ici avec le groupe <em>rect\u00a0<\/em>qui va d\u00e9finir une sorte de fonction rectangle, pour laquelle sont d\u00e9finis les param\u00e8tres de position, de dimension, de remplissage et de couleur.<\/p>\n<p>Autre exemple avec une figure plus complexe, pour laquelle il n&rsquo;existe pas de groupe d\u00e9fini :<\/p>\n<p><img loading=\"lazy\" decoding=\"async\" class=\"alignnone size-full wp-image-2006\" src=\"https:\/\/www.aacmb.fr\/wordpress\/wp-content\/uploads\/2021\/01\/inkscape_04.png\" alt=\"\" width=\"505\" height=\"266\" srcset=\"https:\/\/www.aacmb.fr\/wordpress\/wp-content\/uploads\/2021\/01\/inkscape_04.png 505w, https:\/\/www.aacmb.fr\/wordpress\/wp-content\/uploads\/2021\/01\/inkscape_04-350x184.png 350w, https:\/\/www.aacmb.fr\/wordpress\/wp-content\/uploads\/2021\/01\/inkscape_04-300x158.png 300w\" sizes=\"auto, (max-width: 505px) 100vw, 505px\" \/><\/p>\n<p>&lt;g<br \/>\ninkscape:label=\u00a0\u00bbCalque 1&Prime;<br \/>\ninkscape:groupmode=\u00a0\u00bblayer\u00a0\u00bb<br \/>\nid=\u00a0\u00bblayer1&Prime;&gt;<br \/>\n&lt;path<br \/>\nid=\u00a0\u00bbrect10&Prime;<br \/>\nstyle=\u00a0\u00bbfill:none;fill-rule:evenodd;stroke:#ff0000;stroke-width:1.00157;stroke-miterlimit:4;stroke-dasharray:none;stroke-opacity:1&Prime;<br \/>\nd=\u00a0\u00bbM 120 111.42773 L 120 288.57227 L 322.23828 288.57227 L 322.23828 326.2793 L 572.75586 326.2793 L 572.75586 171.72656 L 437.14258 171.72656 L 437.14258 111.42773 L 120 111.42773 z \u00a0\u00bb<br \/>\ntransform=\u00a0\u00bbscale(0.26458333)\u00a0\u00bb \/&gt;<br \/>\n&lt;\/g&gt;<\/p>\n<p>On retrouve directement les notions de vecteur avec des informations comme Move \u00e0 tel emplacement Line jusqu&rsquo;\u00e0 telles coordonn\u00e9es, etc.<\/p>\n<h2>Et pour optimiser et \u00e9viter tout probl\u00e8me<\/h2>\n<p>Une fois le dessin termin\u00e9, et avant de l&rsquo;enregistrer au format svg et reste 2 petites op\u00e9rations \u00e0 effectuer pour pouvoir rendre le dession exploitable sous Whisperer.<\/p>\n<p>a) il est important de ramener la taille de la page (par d\u00e9faut en A4) \u00e0 la taille du dessin. Il est en effet inutile de demander \u00e0 la graveuse de \u00ab\u00a0traiter\u00a0\u00bb la surface d&rsquo;un A4, alors que la pi\u00e8ce ne ferait que 3 cm x 4cm. Ceci est en particulier vrai lorsque l&rsquo;on va effectuer de la gravure.<\/p>\n<p>Il suffit pour cette op\u00e9ration de s\u00e9lectionner la pi\u00e8ce et de d&rsquo;aller dans le menu Edition, option Ajuster la taille de la page \u00e0 la s\u00e9lection.<\/p>\n<p>b) il faut aussi s&rsquo;assurer de l&rsquo;\u00e9chelle du document g\u00e9n\u00e9r\u00e9. Le risque sera surtout lors de l&rsquo;import d&rsquo;un fichier dans Inkscape, afin de modifier un fichier provenant d&rsquo;un autre outil. Il sera possible dans ce cas que les dimensions ne soient pas en mm, ce qui faussera la restitution lors du gravage.<\/p>\n<p>Pour cette op\u00e9ration, aller dans le menu Fichier et ouvrer les propri\u00e9t\u00e9s du document.<\/p>\n<p><img loading=\"lazy\" decoding=\"async\" class=\"size-full wp-image-2054 aligncenter\" src=\"https:\/\/www.aacmb.fr\/wordpress\/wp-content\/uploads\/2021\/01\/inkscape_05-e1610979736641.png\" alt=\"\" width=\"500\" height=\"461\" srcset=\"https:\/\/www.aacmb.fr\/wordpress\/wp-content\/uploads\/2021\/01\/inkscape_05-e1610979736641.png 500w, https:\/\/www.aacmb.fr\/wordpress\/wp-content\/uploads\/2021\/01\/inkscape_05-e1610979736641-350x323.png 350w\" sizes=\"auto, (max-width: 500px) 100vw, 500px\" \/><\/p>\n<p>Il faut s&rsquo;assurer que les Unit\u00e9s sont bien sp\u00e9cifi\u00e9es en mm (et pas en pixel).<\/p>\n<p>Lorsque tout est ok, il suffit d&rsquo;enregistrer le fichier. Il sera directement exploitable.<\/p>\n","protected":false},"excerpt":{"rendered":"<p>Inkscape est un logiciel de dessin vectoriel libre et open source. S&rsquo;il fallait faire un r\u00e9sum\u00e9 (tr\u00e8s grossier) du dessin vectoriel, on pourrait dire que le principal int\u00e9r\u00eat est qu&rsquo;il n&rsquo;y a pas de perte de qualit\u00e9 lorsque vous changer les dimensions d&rsquo;un dessin. Pour bien comprendre : Dans un outil de dessin \u00ab\u00a0classique\u00a0\u00bb, un &hellip; <\/p>\n<p class=\"link-more\"><a href=\"https:\/\/www.aacmb.fr\/wordpress\/inkscape\/\" class=\"more-link\">Continuer la lecture<span class=\"screen-reader-text\"> de &laquo;&nbsp;Inkscape&nbsp;&raquo;<\/span><\/a><\/p>\n","protected":false},"author":1,"featured_media":0,"parent":0,"menu_order":0,"comment_status":"closed","ping_status":"closed","template":"","meta":{"footnotes":""},"categories":[66],"tags":[],"class_list":["post-1987","page","type-page","status-publish","hentry","category-outils"],"_links":{"self":[{"href":"https:\/\/www.aacmb.fr\/wordpress\/wp-json\/wp\/v2\/pages\/1987","targetHints":{"allow":["GET"]}}],"collection":[{"href":"https:\/\/www.aacmb.fr\/wordpress\/wp-json\/wp\/v2\/pages"}],"about":[{"href":"https:\/\/www.aacmb.fr\/wordpress\/wp-json\/wp\/v2\/types\/page"}],"author":[{"embeddable":true,"href":"https:\/\/www.aacmb.fr\/wordpress\/wp-json\/wp\/v2\/users\/1"}],"replies":[{"embeddable":true,"href":"https:\/\/www.aacmb.fr\/wordpress\/wp-json\/wp\/v2\/comments?post=1987"}],"version-history":[{"count":0,"href":"https:\/\/www.aacmb.fr\/wordpress\/wp-json\/wp\/v2\/pages\/1987\/revisions"}],"wp:attachment":[{"href":"https:\/\/www.aacmb.fr\/wordpress\/wp-json\/wp\/v2\/media?parent=1987"}],"wp:term":[{"taxonomy":"category","embeddable":true,"href":"https:\/\/www.aacmb.fr\/wordpress\/wp-json\/wp\/v2\/categories?post=1987"},{"taxonomy":"post_tag","embeddable":true,"href":"https:\/\/www.aacmb.fr\/wordpress\/wp-json\/wp\/v2\/tags?post=1987"}],"curies":[{"name":"wp","href":"https:\/\/api.w.org\/{rel}","templated":true}]}}