{"id":1583,"date":"2020-03-29T12:16:41","date_gmt":"2020-03-29T10:16:41","guid":{"rendered":"https:\/\/www.aacmb.fr\/wordpress\/?page_id=1583"},"modified":"2022-07-07T19:54:04","modified_gmt":"2022-07-07T17:54:04","slug":"mode-batterie","status":"publish","type":"page","link":"https:\/\/www.aacmb.fr\/wordpress\/mode-batterie\/","title":{"rendered":"Mode Batterie"},"content":{"rendered":"\n<p>Apr\u00e8s avoir perdu plusieurs impressions en raison de coupures (ou microcoupures) \u00e9lectriques, il est arriv\u00e9 le moment o\u00f9 je me suis demand\u00e9 comment contourner le probl\u00e8me.<\/p>\n\n\n\n<p>Certes, on trouve sur le Net des explications permettant &#8211; en th\u00e9orie &#8211; de reprendre une impression apr\u00e8s un arr\u00eat impr\u00e9vu de la machine. Il suffit de mesurer la hauteur de la pi\u00e8ce, de modifier le gcode pour \u00ab\u00a0supprimer\u00a0\u00bb toutes les commandes g\u00e9n\u00e9rant les couches pr\u00e9c\u00e9dentes, etc, etc. J&rsquo;ai essay\u00e9, mais pour un r\u00e9sultat pas vraiment \u00e0 la hauteur de mes esp\u00e9rances.<\/p>\n\n\n\n<p>Donc, j&rsquo;ai d\u00e9cid\u00e9 de plut\u00f4t m&rsquo;attaquer \u00e0 la source du probl\u00e8me : \u00ab\u00a0Comment \u00e9viter les coupures \u00e9lectriques ?\u00a0\u00bb<\/p>\n\n\n\n<h5 class=\"wp-block-heading\">Solution avec un onduleur<\/h5>\n\n\n\n<p>Cela parait la solution la plus simple.  Mais il faut bien garder \u00e0 l&rsquo;esprit que la fonction premi\u00e8re d&rsquo;un onduleur est de permettre d&rsquo;avoir le temps &#8211; en cas de coupure d&rsquo;\u00e9nergie &#8211; de proc\u00e9der aux op\u00e9rations de mise en s\u00e9curit\u00e9 des \u00e9quipements.<br>Plus simplement, vous allez mettre un onduleur sur votre PC pour avoir le temps de sauvegarder votre travail en cas de coupure. Il ne s&rsquo;agit pas pour vous de pouvoir continuer \u00e0 travailler pendant des heures. <\/p>\n\n\n\n<p>La probl\u00e9matique de l&rsquo;onduleur est en effet qu&rsquo;il est tr\u00e8s difficile de pouvoir estimer le temps avant coupure, celui-ci d\u00e9pendant de la capacit\u00e9 de la batterie (exprim\u00e9e en mAh), donn\u00e9e rarement disponible.  Cette valeur n&rsquo;a aucun rapport avec la puissance exprim\u00e9e de l&rsquo;onduleur (genre 800 VA), qui repr\u00e9sente la capacit\u00e9 qu&rsquo;aura l&rsquo;onduleur \u00e0 alimenter votre \u00e9quipement.  Pour imager, on peut imaginer 2 ch\u00e2teaux d&rsquo;eau, de contenance identique, mais \u00e0 des hauteurs diff\u00e9rentes. Le plus haut pourra fournir une pression plus importante, \u00e0 comparer \u00e0 la puissance  de notre onduleur. Mais la m\u00eame quantit\u00e9 d&rsquo;eau sera disponible, \u00e0 comparer \u00e0 l&rsquo;autonomie de notre onduleur.<\/p>\n\n\n\n<p>Le rendement d&rsquo;un onduleur, en raison des multiples traitements, est g\u00e9n\u00e9ralement assez faible. Il faut bien comprendre le principe : <\/p>\n\n\n\n<ul class=\"wp-block-list\"><li>On part du 220V alternatif,<\/li><li>On abaisse la tension,<\/li><li>On la transforme continu<\/li><li>On charge une batterie,<\/li><li>On prend la tension continue de la batterie que l&rsquo;on transforme en alternatif, <\/li><li>Et enfin, on \u00e9l\u00e8ve la tension \u00e0  220V.<\/li><\/ul>\n\n\n\n<p>Et tout cela pour brancher l&rsquo;alimentation de l&rsquo;imprimante, qui re-transforme le tout en 12V continu\u00a0\u00bb.  Et \u00e0 chaque \u00e9tape, il faut savoir que le rendement n&rsquo;est pas de 100% (en moyenne, on estime le rendement d&rsquo;un onduleur \u00e0 60% &#8230;<\/p>\n\n\n\n<h5 class=\"wp-block-heading\">Solution avec une simple batterie<\/h5>\n\n\n\n<p>L&rsquo;id\u00e9e est ici de se \u00ab\u00a0passer\u00a0\u00bb des \u00e9tapes d\u00e9crites pour la solution avec un onduleur :<\/p>\n\n\n\n<ul class=\"wp-block-list\"><li>On charge une batterie avec un simple chargeur,<\/li><li>On utilise directement la batterie pour alimenter l&rsquo;imprimante. <\/li><\/ul>\n\n\n\n<p>La seule perte est maintenant li\u00e9e au rendement du chargeur. <\/p>\n\n\n\n<h5 class=\"wp-block-heading\">La solution retenue <\/h5>\n\n\n\n<p>L&rsquo;autonomie pendant la coupure est directement li\u00e9e \u00e0 la capacit\u00e9 de la batterie. Prenons l&rsquo;exemple suivant : L&rsquo;alimentation de l&rsquo;imprimante est capable de d\u00e9livrer 5A max. Imaginons que le mod\u00e8le que je souhaite imprimer n\u00e9cessite 5 h de travail. J&rsquo;aurais donc besoin d&rsquo;une capacit\u00e9 de batterie de 5 x 5 soit 25 Ah.<br>Pour m\u00e9moire, une batterie de voiture a en moyenne une capacit\u00e9 de 80 Ah, de quoi disposer de 15 h d&rsquo;impression en autonomie.<\/p>\n\n\n\n<p>M\u00eame si je ne vais pas investir pour le moment dans une batterie de voiture (j&rsquo;ai d\u00e9j\u00e0 dans un tiroir une batterie plus petite), disposer d&rsquo;un chargeur permettant de charger ce type de batterie sera mon premier objectif.<\/p>\n\n\n\n<p>Mon choix va se porter sur ce chargeur.<\/p>\n\n\n\n<figure class=\"wp-block-image\"><img decoding=\"async\" src=\"https:\/\/www.aacmb.fr\/wordpress\/wp-content\/uploads\/2020\/03\/chargeur.png\" alt=\"\" class=\"wp-image-1595\"\/><\/figure>\n\n\n\n<p>Tout d&rsquo;abord, il est polyvalent ! Il va pouvoir charger la batterie AGM que je poss\u00e8de pour mes premiers essais, et la batterie type voiture que j&rsquo;ach\u00e8terais potentiellement plus tard (et je n&rsquo;avais pas de chargeur pour mes voitures).<br>Ensuite, il est \u00ab\u00a0intelligent\u00a0\u00bb. C&rsquo;est \u00e0 dire qu&rsquo;il est pr\u00e9vu pour rester connect\u00e9 \u00e0 une batterie afin d&rsquo;en surveiller sa charge. C&rsquo;est tout \u00e0 fait ce que je souhaite faire.<\/p>\n\n\n\n<p>Dans mon id\u00e9e, l&rsquo;imprimante est connect\u00e9e \u00e0 la batterie, elle m\u00eame branch\u00e9e au chargeur. Tant qu&rsquo;il y a du secteur, la batterie se charge, tout en alimentant l&rsquo;imprimante. En cas de coupure secteur, la batterie seule prend le relais. Lorsque le secteur revient, le cycle recommence.<\/p>\n\n\n\n<p>Pour la batterie, je dispose d&rsquo;une batterie AGM d&rsquo;une capacit\u00e9 de 12 Ah.<\/p>\n\n\n\n<figure class=\"wp-block-image is-resized\"><img loading=\"lazy\" decoding=\"async\" src=\"https:\/\/www.aacmb.fr\/wordpress\/wp-content\/uploads\/2020\/03\/batterie.png\" alt=\"\" class=\"wp-image-1596\" width=\"204\" height=\"158\"\/><\/figure>\n\n\n\n<p>Si je reprends l&rsquo;exemple pr\u00e9c\u00e9dent, j&rsquo;aurais une autonomie de 12 \/ 5 soit 2,4 h.  Ceci sera pour le moment largement suffisant.<\/p>\n\n\n\n<h5 class=\"wp-block-heading\">La mise en place<\/h5>\n\n\n\n<p>Pour faire propre, je mets la batterie dans un coffret :<\/p>\n\n\n\n<figure class=\"wp-block-image\"><img loading=\"lazy\" decoding=\"async\" width=\"375\" height=\"500\" src=\"https:\/\/www.aacmb.fr\/wordpress\/wp-content\/uploads\/2020\/03\/20200326_184804.jpg\" alt=\"\" class=\"wp-image-1604\" srcset=\"https:\/\/www.aacmb.fr\/wordpress\/wp-content\/uploads\/2020\/03\/20200326_184804.jpg 375w, https:\/\/www.aacmb.fr\/wordpress\/wp-content\/uploads\/2020\/03\/20200326_184804-350x467.jpg 350w, https:\/\/www.aacmb.fr\/wordpress\/wp-content\/uploads\/2020\/03\/20200326_184804-225x300.jpg 225w\" sizes=\"auto, (max-width: 375px) 100vw, 375px\" \/><\/figure>\n\n\n\n<p>Petite utilisation de ma CNC pour faire un couvercle sympa &#8230;<\/p>\n\n\n\n<figure class=\"wp-block-image\"><img loading=\"lazy\" decoding=\"async\" width=\"375\" height=\"500\" src=\"https:\/\/www.aacmb.fr\/wordpress\/wp-content\/uploads\/2020\/03\/20200326_184753.jpg\" alt=\"\" class=\"wp-image-1603\" srcset=\"https:\/\/www.aacmb.fr\/wordpress\/wp-content\/uploads\/2020\/03\/20200326_184753.jpg 375w, https:\/\/www.aacmb.fr\/wordpress\/wp-content\/uploads\/2020\/03\/20200326_184753-350x467.jpg 350w, https:\/\/www.aacmb.fr\/wordpress\/wp-content\/uploads\/2020\/03\/20200326_184753-225x300.jpg 225w\" sizes=\"auto, (max-width: 375px) 100vw, 375px\" \/><\/figure>\n\n\n\n<p>A noter que j&rsquo;ai donn\u00e9 un look batterie, avec 2 cosses de charge afin de brancher la chargeur, que je ne souhaite pas modifier.<\/p>\n\n\n\n<p>Une fois install\u00e9, test avec et sans secteur ..<\/p>\n\n\n\n<figure class=\"wp-block-gallery columns-2 is-cropped wp-block-gallery-1 is-layout-flex wp-block-gallery-is-layout-flex\"><ul class=\"blocks-gallery-grid\"><li class=\"blocks-gallery-item\"><figure><img loading=\"lazy\" decoding=\"async\" width=\"250\" height=\"333\" src=\"https:\/\/www.aacmb.fr\/wordpress\/wp-content\/uploads\/2020\/03\/20200326_182748.jpg\" alt=\"\" data-id=\"1605\" class=\"wp-image-1605\" srcset=\"https:\/\/www.aacmb.fr\/wordpress\/wp-content\/uploads\/2020\/03\/20200326_182748.jpg 250w, https:\/\/www.aacmb.fr\/wordpress\/wp-content\/uploads\/2020\/03\/20200326_182748-225x300.jpg 225w\" sizes=\"auto, (max-width: 250px) 100vw, 250px\" \/><\/figure><\/li><li class=\"blocks-gallery-item\"><figure><img loading=\"lazy\" decoding=\"async\" width=\"250\" height=\"333\" src=\"https:\/\/www.aacmb.fr\/wordpress\/wp-content\/uploads\/2020\/03\/20200326_182803-1.jpg\" alt=\"\" data-id=\"1607\" data-link=\"https:\/\/www.aacmb.fr\/wordpress\/mode-batterie\/20200326_182803-1\/\" class=\"wp-image-1607\" srcset=\"https:\/\/www.aacmb.fr\/wordpress\/wp-content\/uploads\/2020\/03\/20200326_182803-1.jpg 250w, https:\/\/www.aacmb.fr\/wordpress\/wp-content\/uploads\/2020\/03\/20200326_182803-1-225x300.jpg 225w\" sizes=\"auto, (max-width: 250px) 100vw, 250px\" \/><\/figure><\/li><\/ul><\/figure>\n\n\n\n<p>Seule inqui\u00e9tude au d\u00e9part : le fait que le chargeur d\u00e9livre une tension d&rsquo;environ 14V. Visiblement, la carte de l&rsquo;imprimante est capable de fonctionner bien au del\u00e0.<\/p>\n\n\n\n<p>Premiers essais concluants : aucun probl\u00e8me \u00e0 noter. Une premi\u00e8re impression de 2h40 s&rsquo;est parfaitement d\u00e9roul\u00e9e, en simulant des coupures plus ou moins longues. Le chargeur fait son boulot. En fin d&rsquo;impression, le chargeur ne d\u00e9tectant plus de d\u00e9charge de la batterie, il passe en mode Pause.<\/p>\n\n\n\n<p>Une solution \u00e0 moindre co\u00fbt, qui &#8211; m\u00eame avec ce type de petite batterie &#8211; me donnera plus d&rsquo;autonomie que le solution Onduleur&#8230;<\/p>\n\n\n\n<p>A voir dans le temps.<\/p>\n\n\n\n<p><a href=\"..\/imprimante\/#batterie\">Retour page principale<\/a><\/p>\n","protected":false},"excerpt":{"rendered":"<p>Apr\u00e8s avoir perdu plusieurs impressions en raison de coupures (ou microcoupures) \u00e9lectriques, il est arriv\u00e9 le moment o\u00f9 je me suis demand\u00e9 comment contourner le probl\u00e8me. Certes, on trouve sur le Net des explications permettant &#8211; en th\u00e9orie &#8211; de reprendre une impression apr\u00e8s un arr\u00eat impr\u00e9vu de la machine. Il suffit de mesurer la &hellip; <\/p>\n<p class=\"link-more\"><a href=\"https:\/\/www.aacmb.fr\/wordpress\/mode-batterie\/\" class=\"more-link\">Continuer la lecture<span class=\"screen-reader-text\"> de &laquo;&nbsp;Mode Batterie&nbsp;&raquo;<\/span><\/a><\/p>\n","protected":false},"author":1,"featured_media":0,"parent":0,"menu_order":0,"comment_status":"closed","ping_status":"closed","template":"","meta":{"footnotes":""},"categories":[22],"tags":[],"class_list":["post-1583","page","type-page","status-publish","hentry","category-impression3d"],"_links":{"self":[{"href":"https:\/\/www.aacmb.fr\/wordpress\/wp-json\/wp\/v2\/pages\/1583","targetHints":{"allow":["GET"]}}],"collection":[{"href":"https:\/\/www.aacmb.fr\/wordpress\/wp-json\/wp\/v2\/pages"}],"about":[{"href":"https:\/\/www.aacmb.fr\/wordpress\/wp-json\/wp\/v2\/types\/page"}],"author":[{"embeddable":true,"href":"https:\/\/www.aacmb.fr\/wordpress\/wp-json\/wp\/v2\/users\/1"}],"replies":[{"embeddable":true,"href":"https:\/\/www.aacmb.fr\/wordpress\/wp-json\/wp\/v2\/comments?post=1583"}],"version-history":[{"count":0,"href":"https:\/\/www.aacmb.fr\/wordpress\/wp-json\/wp\/v2\/pages\/1583\/revisions"}],"wp:attachment":[{"href":"https:\/\/www.aacmb.fr\/wordpress\/wp-json\/wp\/v2\/media?parent=1583"}],"wp:term":[{"taxonomy":"category","embeddable":true,"href":"https:\/\/www.aacmb.fr\/wordpress\/wp-json\/wp\/v2\/categories?post=1583"},{"taxonomy":"post_tag","embeddable":true,"href":"https:\/\/www.aacmb.fr\/wordpress\/wp-json\/wp\/v2\/tags?post=1583"}],"curies":[{"name":"wp","href":"https:\/\/api.w.org\/{rel}","templated":true}]}}