{"id":1502,"date":"2020-03-09T13:59:06","date_gmt":"2020-03-09T12:59:06","guid":{"rendered":"https:\/\/www.aacmb.fr\/wordpress\/?page_id=1502"},"modified":"2022-07-15T09:08:15","modified_gmt":"2022-07-15T07:08:15","slug":"introduction","status":"publish","type":"page","link":"https:\/\/www.aacmb.fr\/wordpress\/introduction\/","title":{"rendered":"Introduction"},"content":{"rendered":"\r\n<p>Voil\u00e0, c&rsquo;est le grand jour : vous avez enfin d\u00e9cid\u00e9 d&rsquo;acheter une imprimante 3D !<\/p>\r\n\r\n\r\n\r\n<p>Je vais tenter de lister ci-dessous les questions qu&rsquo;il faudrait se poser \u00e0 minima avant de faire un tel achat . Cette liste se base sur les questions que je me suis pos\u00e9, ainsi que sur celles que j&rsquo;aurais du certainement me poser et qui auront \u00e9t\u00e9 \u00e0 l&rsquo;origine de d\u00e9ceptions ou de sur-co\u00fbt d&rsquo;\u00e9volution par la suite.<\/p>\r\n\r\n\r\n\r\n\r\n\r\n<h4 class=\"wp-block-heading\">1 &#8211; Facilit\u00e9 d&rsquo;utilisation et \u00e9volutivit\u00e9<\/h4>\r\n\r\n\r\n\r\n<p>a) je veux une imprimante simple \u00e0 utiliser avec juste un bouton \u00e0 presser,<br \/>b) je veux pouvoir d\u00e9couvrir, faire \u00e9voluer, tester diff\u00e9rentes solutions.<\/p>\r\n\r\n\r\n\r\n<h4 class=\"wp-block-heading\">2 &#8211; Volume d&rsquo;impression<\/h4>\r\n<p>a) je veux pouvoir imprimer de grandes pi\u00e8ces,<br \/>b) je veux imprimer de petites pi\u00e8ces.\u00a0<\/p>\r\n<h4>3 &#8211; Choix de l&rsquo;usage<\/h4>\r\n\r\n\r\n\r\n<p>a) je veux imprimer des pi\u00e8ces techniques et r\u00e9sistantes,<br \/>b) je veux imprimer des pi\u00e8ces d\u00e9coratives et des pi\u00e8ces simples,<br \/>c) je veux imprimer des figurines, des bijoux et des pi\u00e8ces avec des d\u00e9tails.<\/p>\r\n\r\n\r\n\r\n<h4 class=\"wp-block-heading\">4 &#8211; Choix de couleurs &amp; Post-traitements<\/h4>\r\n\r\n\r\n\r\n<p>a) une couleur unique me convient ou la couleur est sans importance,<br \/>b) je veux pouvoir imprimer directement en 2 couleurs (ou plus),<br \/>c) je souhaite pouvoir peindre mon impression (post-traitement).<\/p>\r\n\r\n\r\n\r\n<h4>En conclusion<\/h4>\r\n<p>Apporter des r\u00e9ponses \u00e0 ces 4 questions toutes simples devrait d\u00e9j\u00e0 vous permettre de mieux orienter votre choix, tout en gardant \u00e0 l&rsquo;esprit qu&rsquo;i n&rsquo;existera pas n\u00e9cessairement une solution miracle unique \u00e0 votre besoin.<\/p>\r\n<p>Je d\u00e9taillerais plus loin les possibilit\u00e9s qui s&rsquo;ouvrent au grand public, mais pour vous donner un exemple, choisir une imprimante \u00e0 filament utilisant un mat\u00e9riaux comme le PLA vous permettra d&rsquo;\u00eatre respectueux de l&rsquo;environnement, mais n\u00e9cessitera un post traitement long (pon\u00e7age, peinture)\u00a0 pour obtenir une belle qualit\u00e9. A l&rsquo;inverse, utiliser une imprimante \u00e0 r\u00e9sine donnera de bien meilleurs r\u00e9sultats en finesse, mais n\u00e9cessitera la manipulation de produits chimiques pas vraiment \u00e9cologiques.<\/p>\r\n<p>A vous de choisir &#8230;<\/p>\r\n<p style=\"text-align: center;\"><a class=\"maxbutton-5 maxbutton maxbutton-imprimante-filaire\" href=\"https:\/\/www.aacmb.fr\/wordpress\/imprimante\/\"><span class='mb-text'>Imprimante \u00e0 filament<\/span><\/a> <img loading=\"lazy\" decoding=\"async\" class=\"size-full wp-image-3214 aligncenter\" src=\"https:\/\/www.aacmb.fr\/wordpress\/wp-content\/uploads\/2022\/07\/printer_dagoma-e1657627373169.jpg\" alt=\"\" width=\"300\" height=\"300\" srcset=\"https:\/\/www.aacmb.fr\/wordpress\/wp-content\/uploads\/2022\/07\/printer_dagoma-e1657627373169.jpg 300w, https:\/\/www.aacmb.fr\/wordpress\/wp-content\/uploads\/2022\/07\/printer_dagoma-e1657627373169-250x250.jpg 250w, https:\/\/www.aacmb.fr\/wordpress\/wp-content\/uploads\/2022\/07\/printer_dagoma-e1657627373169-100x100.jpg 100w\" sizes=\"auto, (max-width: 300px) 100vw, 300px\" \/><\/p>\r\n<p style=\"text-align: center;\"><a class=\"maxbutton-6 maxbutton maxbutton-imprimante-resine\" href=\"https:\/\/www.aacmb.fr\/wordpress\/imprimante-resine-type-dlp\/\"><span class='mb-text'>Imprimante \u00e0 r\u00e9sine<\/span><\/a> <img loading=\"lazy\" decoding=\"async\" class=\"wp-image-3216 size-full aligncenter\" src=\"https:\/\/www.aacmb.fr\/wordpress\/wp-content\/uploads\/2022\/07\/printer_anycubic-e1657627538296.jpg\" alt=\"\" width=\"256\" height=\"300\" \/><\/p>\r\n<p>&nbsp;<\/p>\r\n\r\n\r\n\r\n<p>&nbsp;<\/p>\r\n","protected":false},"excerpt":{"rendered":"<p>Voil\u00e0, c&rsquo;est le grand jour : vous avez enfin d\u00e9cid\u00e9 d&rsquo;acheter une imprimante 3D ! Je vais tenter de lister ci-dessous les questions qu&rsquo;il faudrait se poser \u00e0 minima avant de faire un tel achat . Cette liste se base sur les questions que je me suis pos\u00e9, ainsi que sur celles que j&rsquo;aurais du &hellip; <\/p>\n<p class=\"link-more\"><a href=\"https:\/\/www.aacmb.fr\/wordpress\/introduction\/\" class=\"more-link\">Continuer la lecture<span class=\"screen-reader-text\"> de &laquo;&nbsp;Introduction&nbsp;&raquo;<\/span><\/a><\/p>\n","protected":false},"author":1,"featured_media":0,"parent":0,"menu_order":0,"comment_status":"closed","ping_status":"closed","template":"","meta":{"footnotes":""},"categories":[22],"tags":[],"class_list":["post-1502","page","type-page","status-publish","hentry","category-impression3d"],"_links":{"self":[{"href":"https:\/\/www.aacmb.fr\/wordpress\/wp-json\/wp\/v2\/pages\/1502","targetHints":{"allow":["GET"]}}],"collection":[{"href":"https:\/\/www.aacmb.fr\/wordpress\/wp-json\/wp\/v2\/pages"}],"about":[{"href":"https:\/\/www.aacmb.fr\/wordpress\/wp-json\/wp\/v2\/types\/page"}],"author":[{"embeddable":true,"href":"https:\/\/www.aacmb.fr\/wordpress\/wp-json\/wp\/v2\/users\/1"}],"replies":[{"embeddable":true,"href":"https:\/\/www.aacmb.fr\/wordpress\/wp-json\/wp\/v2\/comments?post=1502"}],"version-history":[{"count":0,"href":"https:\/\/www.aacmb.fr\/wordpress\/wp-json\/wp\/v2\/pages\/1502\/revisions"}],"wp:attachment":[{"href":"https:\/\/www.aacmb.fr\/wordpress\/wp-json\/wp\/v2\/media?parent=1502"}],"wp:term":[{"taxonomy":"category","embeddable":true,"href":"https:\/\/www.aacmb.fr\/wordpress\/wp-json\/wp\/v2\/categories?post=1502"},{"taxonomy":"post_tag","embeddable":true,"href":"https:\/\/www.aacmb.fr\/wordpress\/wp-json\/wp\/v2\/tags?post=1502"}],"curies":[{"name":"wp","href":"https:\/\/api.w.org\/{rel}","templated":true}]}}