{"id":1439,"date":"2020-01-16T14:52:42","date_gmt":"2020-01-16T13:52:42","guid":{"rendered":"https:\/\/www.aacmb.fr\/wordpress\/?page_id=1439"},"modified":"2022-07-07T19:33:38","modified_gmt":"2022-07-07T17:33:38","slug":"lasergrbl","status":"publish","type":"page","link":"https:\/\/www.aacmb.fr\/wordpress\/lasergrbl\/","title":{"rendered":"LaserGRBL"},"content":{"rendered":"\n<p>LaserGRBL est un outil qui permet d&rsquo;envoyer des commandes GCode a une machine de gravure Laser \u00e9quip\u00e9e d&rsquo;une carte Arduino. Mais il est aussi capable  de charger des images, des photos ou des logo, et de les convertir en interne en commandes GCode directement exploitables par la machine.<\/p>\n\n\n\n<p> C&rsquo;est une bonne alternative gratuite \u00e0 des logiciels comme picengrave, benbox, T2laser, dans la mesure o\u00f9 je n&rsquo;ai pas besoin de choses trop compliqu\u00e9es.  <br><\/p>\n\n\n\n<h4 class=\"wp-block-heading\"> <br>Interface Utilisateur  <\/h4>\n\n\n\n<figure class=\"wp-block-image\"><img decoding=\"async\" src=\"https:\/\/www.aacmb.fr\/wordpress\/wp-content\/uploads\/2020\/01\/Laser_02.png\" alt=\"\" class=\"wp-image-1446\"\/><\/figure>\n\n\n\n<ol class=\"wp-block-list\"><li><span style=\"text-decoration: underline;\">Contr\u00f4le de la connexion<\/span> : ici on s\u00e9lectionne le port s\u00e9rie sur lequel est connect\u00e9 la machine et la vitesse de communication selon la configuration du firmware Grbl. Le bouton \u00e0 droite permet la connexion et la d\u00e9connexion.<br><\/li><li><span style=\"text-decoration: underline;\">Section Fichier<\/span> : on retrouve ici le nom du fichier charg\u00e9 et l&rsquo;avancement du processus de gravure. Le bouton vert \u201cPlay\u201d permet le lancement de l&rsquo;ex\u00e9cution. Il est alors remplac\u00e9 par un carr\u00e9 rouge, qui permet l\u2019arr\u00eat. <br><\/li><li><span style=\"text-decoration: underline;\">Commande manuelle<\/span> : il est possible ici de taper des commandes G-Code, qui seront ajout\u00e9es dans la queue d&rsquo;ex\u00e9cution.<br><\/li><li><span style=\"text-decoration: underline;\">Traces<\/span> :  on retrouve ici les traces d&rsquo;ex\u00e9cution : les commandes, les valeurs de retour, les erreurs, etc.<br><\/li><li><span style=\"text-decoration: underline;\">Interface de contr\u00f4le<\/span>: On retrouve ici les commandes de d\u00e9placement du laser (gauche, droite, avant, arri\u00e8re), ainsi que le r\u00e9glage de vitesse et de pas.<br><\/li><li><span style=\"text-decoration: underline;\">Pr\u00e9visualisation<\/span> : Cette zone permet la visualisation du r\u00e9sultat final. Pendant la gravure, une petite croix bleue montre la position actuelle de la gravure (enfin, si la machine est assez puissance pour actualiser en temps r\u00e9el !).<br><\/li><li><span style=\"text-decoration: underline;\">Reset\/Home\/Unlock<\/span> : Ces boutons permettent un soft reset, le retour \u00e0 la position d&rsquo;origine, et un d\u00e9verrouillage des commandes. Il est possible de rajouter des boutons d\u00e9finis par l&rsquo;utilisateur.<br><\/li><li><span style=\"text-decoration: underline;\">Feed hold et resume<\/span>: Ces 2 boutons permettent de suspendre et de reprendre l&rsquo;ex\u00e9cution du programme.<br><\/li><li><span style=\"text-decoration: underline;\">Comptages et Estimation du temps<\/span> : LaserGRBL peut estimer le temps de gravure en se basant sur la vitesse actuelle et avancement du programme. Cela reste une estimation et ne prends pas n\u00e9cessairement en compte tous les param\u00e8tres (temps de refroidissement par exemple).<br><\/li><li><span style=\"text-decoration: underline;\">Modification \u00e0 chaud<\/span> : Il est possible &#8211; depuis Grbl 1.1 &#8211; de modifier en cours de travail certains param\u00e8tres comme la vitesse de gravure et la puissance du laser.<\/li><\/ol>\n\n\n\n<h4 class=\"wp-block-heading\">Configuration Grbl<\/h4>\n\n\n\n<p>Accessible depuis le menu de LaserGrbl, on va retrouver ici un tableau listant l&rsquo;ensemble des param\u00e8tres Grbl disponibles ainsi que leur valeur.<\/p>\n\n\n\n<div class=\"wp-block-image\"><figure class=\"aligncenter\"><img loading=\"lazy\" decoding=\"async\" width=\"500\" height=\"306\" src=\"https:\/\/www.aacmb.fr\/wordpress\/wp-content\/uploads\/2020\/01\/Laser_03.png\" alt=\"\" class=\"wp-image-1455\" srcset=\"https:\/\/www.aacmb.fr\/wordpress\/wp-content\/uploads\/2020\/01\/Laser_03.png 500w, https:\/\/www.aacmb.fr\/wordpress\/wp-content\/uploads\/2020\/01\/Laser_03-350x214.png 350w, https:\/\/www.aacmb.fr\/wordpress\/wp-content\/uploads\/2020\/01\/Laser_03-300x184.png 300w\" sizes=\"auto, (max-width: 500px) 100vw, 500px\" \/><\/figure><\/div>\n\n\n\n<p>On retrouve en particulier les param\u00e8tres $30, $31 et $32 d\u00e9j\u00e0 \u00e9voqu\u00e9s, qui permettent une prise en compte du Laser et la gestion de sa puissance.<\/p>\n\n\n\n<h4 class=\"wp-block-heading\">Param\u00e9trage de LaserGrbl<\/h4>\n\n\n\n<p>Il existe d&rsquo;autres param\u00e8tres sur lesquels je vais m&rsquo;attarder, car ils sont imporant pour utiliser correctement mon Laser. Ils sont directement accessibles via le menu principal. 3 onglets sont particuli\u00e8rement \u00e0 adapter .<\/p>\n\n\n\n<p>\n\nDans l&rsquo;onglet Protocol, bien s\u00e9lectionner l&rsquo;option Soft Reset. Cette option va permettre d&rsquo;\u00e9teindre le laser lors des d\u00e9placements rapides.\n\n<\/p>\n\n\n\n<div class=\"wp-block-image\"><figure class=\"aligncenter\"><img loading=\"lazy\" decoding=\"async\" width=\"500\" height=\"224\" src=\"https:\/\/www.aacmb.fr\/wordpress\/wp-content\/uploads\/2020\/01\/Laser_04.png\" alt=\"\" class=\"wp-image-1457\" srcset=\"https:\/\/www.aacmb.fr\/wordpress\/wp-content\/uploads\/2020\/01\/Laser_04.png 500w, https:\/\/www.aacmb.fr\/wordpress\/wp-content\/uploads\/2020\/01\/Laser_04-350x157.png 350w, https:\/\/www.aacmb.fr\/wordpress\/wp-content\/uploads\/2020\/01\/Laser_04-300x134.png 300w\" sizes=\"auto, (max-width: 500px) 100vw, 500px\" \/><\/figure><\/div>\n\n\n\n<p> Dans l&rsquo;onglet Raster Import, s\u00e9lectionner le mode PWM. C&rsquo;est lui qui va permettre d&rsquo;exploiter le r\u00e9glage de puissance du Laser, afin de pouvoir g\u00e9n\u00e9rer diff\u00e9rents niveaux de gris. Sans cette option , le laser sera toujours utilis\u00e9 \u00e0 pleine puissance.<\/p>\n\n\n\n<div class=\"wp-block-image\"><figure class=\"aligncenter\"><img loading=\"lazy\" decoding=\"async\" width=\"500\" height=\"227\" src=\"https:\/\/www.aacmb.fr\/wordpress\/wp-content\/uploads\/2020\/01\/Laser_05.png\" alt=\"\" class=\"wp-image-1458\" srcset=\"https:\/\/www.aacmb.fr\/wordpress\/wp-content\/uploads\/2020\/01\/Laser_05.png 500w, https:\/\/www.aacmb.fr\/wordpress\/wp-content\/uploads\/2020\/01\/Laser_05-350x159.png 350w, https:\/\/www.aacmb.fr\/wordpress\/wp-content\/uploads\/2020\/01\/Laser_05-300x136.png 300w\" sizes=\"auto, (max-width: 500px) 100vw, 500px\" \/><\/figure><\/div>\n\n\n\n<p>Dernier onglet utile ; l&rsquo;onglet Automatic Cooling.<\/p>\n\n\n\n<p>Les lasers \u00ab\u00a0grand public\u00a0\u00bb ne sont pas pr\u00e9vus pour \u00eatre utiliser en continu (en tout cas, la doc pr\u00e9conise de ne pas d\u00e9passer 30 mn d&rsquo;utilisation).<\/p>\n\n\n\n<p>LaserGrbl prend en charge la gestion de l&rsquo;utilisation gr\u00e2ce \u00e0 la s\u00e9lection du param\u00e8tre Enable Auto Cooling qu&rsquo;il convient donc d&rsquo;activer. Dans ce cas, vous pouvez indiquer la dur\u00e9e max pendant laquelle le laser sera utilisable, ainsi que la dur\u00e9e de refroidissement. L&rsquo;ex\u00e9cution de la gravure tiendra compte de ces consignes. Pour mes premiers essais, je vais rester prudent (et je ne suis pas press\u00e9). Je vais configurer 10 mn max de gravure pour 5 mn de refroidissement.<\/p>\n\n\n\n<div class=\"wp-block-image\"><figure class=\"aligncenter\"><img loading=\"lazy\" decoding=\"async\" width=\"500\" height=\"225\" src=\"https:\/\/www.aacmb.fr\/wordpress\/wp-content\/uploads\/2020\/01\/Laser_06.png\" alt=\"\" class=\"wp-image-1460\" srcset=\"https:\/\/www.aacmb.fr\/wordpress\/wp-content\/uploads\/2020\/01\/Laser_06.png 500w, https:\/\/www.aacmb.fr\/wordpress\/wp-content\/uploads\/2020\/01\/Laser_06-350x158.png 350w, https:\/\/www.aacmb.fr\/wordpress\/wp-content\/uploads\/2020\/01\/Laser_06-300x135.png 300w\" sizes=\"auto, (max-width: 500px) 100vw, 500px\" \/><\/figure><\/div>\n","protected":false},"excerpt":{"rendered":"<p>LaserGRBL est un outil qui permet d&rsquo;envoyer des commandes GCode a une machine de gravure Laser \u00e9quip\u00e9e d&rsquo;une carte Arduino. Mais il est aussi capable de charger des images, des photos ou des logo, et de les convertir en interne en commandes GCode directement exploitables par la machine. C&rsquo;est une bonne alternative gratuite \u00e0 des &hellip; <\/p>\n<p class=\"link-more\"><a href=\"https:\/\/www.aacmb.fr\/wordpress\/lasergrbl\/\" class=\"more-link\">Continuer la lecture<span class=\"screen-reader-text\"> de &laquo;&nbsp;LaserGRBL&nbsp;&raquo;<\/span><\/a><\/p>\n","protected":false},"author":1,"featured_media":0,"parent":0,"menu_order":0,"comment_status":"closed","ping_status":"closed","template":"","meta":{"footnotes":""},"categories":[66],"tags":[],"class_list":["post-1439","page","type-page","status-publish","hentry","category-outils"],"_links":{"self":[{"href":"https:\/\/www.aacmb.fr\/wordpress\/wp-json\/wp\/v2\/pages\/1439","targetHints":{"allow":["GET"]}}],"collection":[{"href":"https:\/\/www.aacmb.fr\/wordpress\/wp-json\/wp\/v2\/pages"}],"about":[{"href":"https:\/\/www.aacmb.fr\/wordpress\/wp-json\/wp\/v2\/types\/page"}],"author":[{"embeddable":true,"href":"https:\/\/www.aacmb.fr\/wordpress\/wp-json\/wp\/v2\/users\/1"}],"replies":[{"embeddable":true,"href":"https:\/\/www.aacmb.fr\/wordpress\/wp-json\/wp\/v2\/comments?post=1439"}],"version-history":[{"count":0,"href":"https:\/\/www.aacmb.fr\/wordpress\/wp-json\/wp\/v2\/pages\/1439\/revisions"}],"wp:attachment":[{"href":"https:\/\/www.aacmb.fr\/wordpress\/wp-json\/wp\/v2\/media?parent=1439"}],"wp:term":[{"taxonomy":"category","embeddable":true,"href":"https:\/\/www.aacmb.fr\/wordpress\/wp-json\/wp\/v2\/categories?post=1439"},{"taxonomy":"post_tag","embeddable":true,"href":"https:\/\/www.aacmb.fr\/wordpress\/wp-json\/wp\/v2\/tags?post=1439"}],"curies":[{"name":"wp","href":"https:\/\/api.w.org\/{rel}","templated":true}]}}