{"id":1275,"date":"2019-09-04T11:59:22","date_gmt":"2019-09-04T09:59:22","guid":{"rendered":"https:\/\/www.aacmb.fr\/wordpress\/?page_id=1275"},"modified":"2022-07-07T20:35:49","modified_gmt":"2022-07-07T18:35:49","slug":"projet-cnc-v1","status":"publish","type":"page","link":"https:\/\/www.aacmb.fr\/wordpress\/projet-cnc-v1\/","title":{"rendered":"Projet CNC V1"},"content":{"rendered":"\n<div class=\"wp-block-image\"><figure class=\"aligncenter size-large\"><img loading=\"lazy\" decoding=\"async\" width=\"500\" height=\"413\" src=\"https:\/\/www.aacmb.fr\/wordpress\/wp-content\/uploads\/2019\/06\/cnc_V1_02-e1560937410600.jpg\" alt=\"\" class=\"wp-image-1243\" srcset=\"https:\/\/www.aacmb.fr\/wordpress\/wp-content\/uploads\/2019\/06\/cnc_V1_02-e1560937410600.jpg 500w, https:\/\/www.aacmb.fr\/wordpress\/wp-content\/uploads\/2019\/06\/cnc_V1_02-e1560937410600-350x289.jpg 350w\" sizes=\"auto, (max-width: 500px) 100vw, 500px\" \/><\/figure><\/div>\n\n\n\n<p>La machine est mont\u00e9e. La carte de pilotage est diff\u00e9rente du module que j&rsquo;avais achet\u00e9 pour la maquette de la version V0, mais elle est aussi bas\u00e9e sur une carte Arduino dans laquelle est impl\u00e9ment\u00e9e Grbl .<\/p>\n\n\n\n<p>Donc, pour un premier test, je reprends directement le fichier GCode g\u00e9n\u00e9r\u00e9 pour le test de la VO et je lance&#8230;.. Tout fonctionne du premier coup, et le r\u00e9sultat est bluffant (en tout cas, comparativement \u00e0 mon bricolage grossier de la VO).<\/p>\n\n\n\n<p>Je vais pouvoir maintenant explorer davantage les possibilit\u00e9s d&rsquo;usinage.<\/p>\n\n\n\n<p>Je reprends le process d\u00e9crit pr\u00e9c\u00e9demment sous FreeCAD pour r\u00e9aliser la pi\u00e8ce suivante.<\/p>\n\n\n\n<h3 class=\"wp-block-heading\">Pi\u00e8ce \u00e0 usiner<\/h3>\n\n\n\n<figure class=\"wp-block-image\"><img loading=\"lazy\" decoding=\"async\" width=\"500\" height=\"297\" src=\"https:\/\/www.aacmb.fr\/wordpress\/wp-content\/uploads\/2019\/09\/piece_01.jpg\" alt=\"\" class=\"wp-image-1286\" srcset=\"https:\/\/www.aacmb.fr\/wordpress\/wp-content\/uploads\/2019\/09\/piece_01.jpg 500w, https:\/\/www.aacmb.fr\/wordpress\/wp-content\/uploads\/2019\/09\/piece_01-350x208.jpg 350w, https:\/\/www.aacmb.fr\/wordpress\/wp-content\/uploads\/2019\/09\/piece_01-300x178.jpg 300w\" sizes=\"auto, (max-width: 500px) 100vw, 500px\" \/><\/figure>\n\n\n\n<p>M\u00eame d\u00e9marche sous FreeCAD,  avec l&rsquo;atelier Path, pour g\u00e9n\u00e9rer les chemin d&rsquo;usinage, et l\u00e0, grosse interrogation : comment je r\u00e9alise l&rsquo;usinage du palier ?<\/p>\n\n\n\n<p>Visiblement, FreeCAD ne sais pas faire !!! En tout cas, je n&rsquo;ai pas r\u00e9ussi, et je n&rsquo;ai trouv\u00e9 aucune solution sur les forums.  <\/p>\n\n\n\n<p>Il faut aussi oublier les pans inclin\u00e9s, les c\u00f4nes, les sph\u00e8res, en fait, toutes les formes complexes qui ne pourront pas \u00eatre assimil\u00e9es soit \u00e0 un trou, soit \u00e0 un plan unique.<\/p>\n\n\n\n<p>Je vais donc \u00eatre oblig\u00e9 de me rabattre vers un logiciel d\u00e9di\u00e9 \u00e0 la g\u00e9n\u00e9ration de GCode. On en trouve finalement plusieurs, mais pas h\u00e9las dans le monde du libre, \u00e0 partir du moment o\u00f9 l&rsquo;on avoir quelque chose d&rsquo;assez puissant. Celui qui semble se d\u00e9tacher est Camban, qu&rsquo;il est possible de tester 40 fois avant de d\u00e9cider ou pas si l&rsquo;investissement de l&rsquo;ordre de 120 \u20ac est justifi\u00e9 ou pas.<\/p>\n\n\n\n<p>Je vais essayer de g\u00e9n\u00e9rer ma pi\u00e8ce avec <a href=\"..\/camban\/\">Camban<\/a>.<\/p>\n\n\n\n<p><span style=\"text-decoration: underline;\">En conclusion<\/span> :<\/p>\n\n\n\n<p>Une petite machine pas tr\u00e8s co\u00fbteuse et id\u00e9ale pour d\u00e9couvrir le monde de la machine num\u00e9rique.  <\/p>\n\n\n\n<p>Pour ma part, je vois d\u00e9j\u00e0 2 \u00e9volutions majeures \u00e0 apporter :<\/p>\n\n\n\n<ul class=\"wp-block-list\"><li>Ce type de machine, contrairement \u00e0 l&rsquo;impression 3D g\u00e9n\u00e8re des copeaux et de la poussi\u00e8re. Il va \u00eatre rapidement n\u00e9cessaire pour moi de mettre en place un syst\u00e8me d&rsquo;aspiration.<\/li><li>Pouvoir, comme sur mon imprimante 3D, se passer d&rsquo;un ordinateur pour piloter la machine serait un grand plus. A \u00e9tudier donc les possibilit\u00e9s d&rsquo;avoir un petit clavier et le fichier \u00e0 traiter sur une carte m\u00e9moire.<\/li><\/ul>\n\n\n\n<p><\/p>\n\n\n\n<p><\/p>\n","protected":false},"excerpt":{"rendered":"<p>La machine est mont\u00e9e. La carte de pilotage est diff\u00e9rente du module que j&rsquo;avais achet\u00e9 pour la maquette de la version V0, mais elle est aussi bas\u00e9e sur une carte Arduino dans laquelle est impl\u00e9ment\u00e9e Grbl . Donc, pour un premier test, je reprends directement le fichier GCode g\u00e9n\u00e9r\u00e9 pour le test de la VO &hellip; <\/p>\n<p class=\"link-more\"><a href=\"https:\/\/www.aacmb.fr\/wordpress\/projet-cnc-v1\/\" class=\"more-link\">Continuer la lecture<span class=\"screen-reader-text\"> de &laquo;&nbsp;Projet CNC V1&nbsp;&raquo;<\/span><\/a><\/p>\n","protected":false},"author":1,"featured_media":0,"parent":0,"menu_order":0,"comment_status":"closed","ping_status":"closed","template":"","meta":{"footnotes":""},"categories":[69],"tags":[],"class_list":["post-1275","page","type-page","status-publish","hentry","category-gravure-cnc"],"_links":{"self":[{"href":"https:\/\/www.aacmb.fr\/wordpress\/wp-json\/wp\/v2\/pages\/1275","targetHints":{"allow":["GET"]}}],"collection":[{"href":"https:\/\/www.aacmb.fr\/wordpress\/wp-json\/wp\/v2\/pages"}],"about":[{"href":"https:\/\/www.aacmb.fr\/wordpress\/wp-json\/wp\/v2\/types\/page"}],"author":[{"embeddable":true,"href":"https:\/\/www.aacmb.fr\/wordpress\/wp-json\/wp\/v2\/users\/1"}],"replies":[{"embeddable":true,"href":"https:\/\/www.aacmb.fr\/wordpress\/wp-json\/wp\/v2\/comments?post=1275"}],"version-history":[{"count":0,"href":"https:\/\/www.aacmb.fr\/wordpress\/wp-json\/wp\/v2\/pages\/1275\/revisions"}],"wp:attachment":[{"href":"https:\/\/www.aacmb.fr\/wordpress\/wp-json\/wp\/v2\/media?parent=1275"}],"wp:term":[{"taxonomy":"category","embeddable":true,"href":"https:\/\/www.aacmb.fr\/wordpress\/wp-json\/wp\/v2\/categories?post=1275"},{"taxonomy":"post_tag","embeddable":true,"href":"https:\/\/www.aacmb.fr\/wordpress\/wp-json\/wp\/v2\/tags?post=1275"}],"curies":[{"name":"wp","href":"https:\/\/api.w.org\/{rel}","templated":true}]}}