{"id":123,"date":"2018-06-12T10:58:05","date_gmt":"2018-06-12T08:58:05","guid":{"rendered":"https:\/\/www.aacmb.fr\/wordpress\/?page_id=123"},"modified":"2022-07-07T19:47:56","modified_gmt":"2022-07-07T17:47:56","slug":"le-caisson","status":"publish","type":"page","link":"https:\/\/www.aacmb.fr\/wordpress\/le-caisson\/","title":{"rendered":"Le caisson"},"content":{"rendered":"<p>La premi\u00e8re chose que j&rsquo;ai souhait\u00e9 mettre en place a \u00e9t\u00e9 de prot\u00e9ger au mieux mon imprimante. C&rsquo;est un point qui est souvent abord\u00e9 sur les sites et sur les forums, en particulier pour les personnes qui d\u00e9cident d&rsquo;imprimer de l&rsquo;ABS, mati\u00e8re de prime abord nocive \u00e0 l&rsquo;impression, mais aussi tr\u00e8s sensible aux variations de temp\u00e9ratures.&nbsp; Mon objectif &#8211; moi qui n&rsquo;imprime pour le moment que du PLA &#8211; \u00e9tait plut\u00f4t de prot\u00e9ger la machine de la poussi\u00e8re et des chocs.<br>\nEncore une fois, on va pouvoir trouver des caissons tout fait. Dagoma en propose un maintenant. Mais apr\u00e8s avoir mont\u00e9 soi-m\u00eame l&rsquo;imprimante, autant continuer et se faire son propre caisson custom, si possible \u00e0 moindre co\u00fbt.<br>\nApr\u00e8s recherche sur les forums &#8211; autant repartir des bonnes id\u00e9es d\u00e9j\u00e0 trouv\u00e9es &#8211; j&rsquo;ai bas\u00e9 mon caisson sur l&rsquo;utilisation de 2 tables basses IKEA (pour ne pas faire de pub). C&rsquo;est l\u00e9ger, r\u00e9sistant, esth\u00e9tiquement parfait, facile \u00e0 travailler, et surtout pas cher (moins de 10 \u20ac la table).<br>\nLe r\u00e9sultat est parfaitement celui que je souhaitais, moyennant quelques adaptations :<\/p>\n<ul>\n<li>impression d&rsquo;entretoises entre les 2 tables et les 2 plateaux afin de pouvoir gagner un peu en hauteur et fixer les plaques de plexiglass,<\/li>\n<li>per\u00e7age des plateaux pour installer des ventilateurs.<\/li>\n<li>adaptation des pieds de la table inf\u00e9rieur selon mes besoins,<\/li>\n<li>ajout d&rsquo;une sonde de temp\u00e9rature pour d\u00e9clencher les ventilateurs,<\/li>\n<li>ajout de l&rsquo;\u00e9clairage,<\/li>\n<li>ajout de supports de bobines.<\/li>\n<\/ul>\n<p><img loading=\"lazy\" decoding=\"async\" class=\"aligncenter size-full wp-image-131\" src=\"https:\/\/www.aacmb.fr\/wordpress\/wp-content\/uploads\/2018\/06\/20180611_201231.jpg\" alt=\"\" width=\"500\" height=\"667\" srcset=\"https:\/\/www.aacmb.fr\/wordpress\/wp-content\/uploads\/2018\/06\/20180611_201231.jpg 500w, https:\/\/www.aacmb.fr\/wordpress\/wp-content\/uploads\/2018\/06\/20180611_201231-350x467.jpg 350w, https:\/\/www.aacmb.fr\/wordpress\/wp-content\/uploads\/2018\/06\/20180611_201231-225x300.jpg 225w\" sizes=\"auto, (max-width: 500px) 100vw, 500px\" \/><br>\nJ&rsquo;ai achet\u00e9 ventilateurs, sonde de temp\u00e9rature et 4 barrettes lumineuses sur un site chinois. Le prix total du caisson (sans compter bien entendu le temps pass\u00e9) reste inf\u00e9rieur \u00e0 50 \u20ac &#8230;&nbsp; No comment.<\/p>\n<p><img loading=\"lazy\" decoding=\"async\" class=\"aligncenter wp-image-138 size-full\" src=\"https:\/\/www.aacmb.fr\/wordpress\/wp-content\/uploads\/2018\/06\/20180611_201142.jpg\" alt=\"\" width=\"500\" height=\"667\" srcset=\"https:\/\/www.aacmb.fr\/wordpress\/wp-content\/uploads\/2018\/06\/20180611_201142.jpg 500w, https:\/\/www.aacmb.fr\/wordpress\/wp-content\/uploads\/2018\/06\/20180611_201142-350x467.jpg 350w, https:\/\/www.aacmb.fr\/wordpress\/wp-content\/uploads\/2018\/06\/20180611_201142-225x300.jpg 225w\" sizes=\"auto, (max-width: 500px) 100vw, 500px\" \/> <img loading=\"lazy\" decoding=\"async\" class=\"aligncenter size-full wp-image-146\" src=\"https:\/\/www.aacmb.fr\/wordpress\/wp-content\/uploads\/2018\/06\/20180611_201118-1.jpg\" alt=\"\" width=\"500\" height=\"667\" srcset=\"https:\/\/www.aacmb.fr\/wordpress\/wp-content\/uploads\/2018\/06\/20180611_201118-1.jpg 500w, https:\/\/www.aacmb.fr\/wordpress\/wp-content\/uploads\/2018\/06\/20180611_201118-1-350x467.jpg 350w, https:\/\/www.aacmb.fr\/wordpress\/wp-content\/uploads\/2018\/06\/20180611_201118-1-225x300.jpg 225w\" sizes=\"auto, (max-width: 500px) 100vw, 500px\" \/><\/p>\n\n\n<p><a href=\"..\/imprimante#caisson\">Retour page principale<\/a><\/p>\n","protected":false},"excerpt":{"rendered":"<p>La premi\u00e8re chose que j&rsquo;ai souhait\u00e9 mettre en place a \u00e9t\u00e9 de prot\u00e9ger au mieux mon imprimante. C&rsquo;est un point qui est souvent abord\u00e9 sur les sites et sur les forums, en particulier pour les personnes qui d\u00e9cident d&rsquo;imprimer de l&rsquo;ABS, mati\u00e8re de prime abord nocive \u00e0 l&rsquo;impression, mais aussi tr\u00e8s sensible aux variations de &hellip; <\/p>\n<p class=\"link-more\"><a href=\"https:\/\/www.aacmb.fr\/wordpress\/le-caisson\/\" class=\"more-link\">Continuer la lecture<span class=\"screen-reader-text\"> de &laquo;&nbsp;Le caisson&nbsp;&raquo;<\/span><\/a><\/p>\n","protected":false},"author":1,"featured_media":0,"parent":0,"menu_order":0,"comment_status":"closed","ping_status":"closed","template":"","meta":{"footnotes":""},"categories":[22],"tags":[],"class_list":["post-123","page","type-page","status-publish","hentry","category-impression3d"],"_links":{"self":[{"href":"https:\/\/www.aacmb.fr\/wordpress\/wp-json\/wp\/v2\/pages\/123","targetHints":{"allow":["GET"]}}],"collection":[{"href":"https:\/\/www.aacmb.fr\/wordpress\/wp-json\/wp\/v2\/pages"}],"about":[{"href":"https:\/\/www.aacmb.fr\/wordpress\/wp-json\/wp\/v2\/types\/page"}],"author":[{"embeddable":true,"href":"https:\/\/www.aacmb.fr\/wordpress\/wp-json\/wp\/v2\/users\/1"}],"replies":[{"embeddable":true,"href":"https:\/\/www.aacmb.fr\/wordpress\/wp-json\/wp\/v2\/comments?post=123"}],"version-history":[{"count":0,"href":"https:\/\/www.aacmb.fr\/wordpress\/wp-json\/wp\/v2\/pages\/123\/revisions"}],"wp:attachment":[{"href":"https:\/\/www.aacmb.fr\/wordpress\/wp-json\/wp\/v2\/media?parent=123"}],"wp:term":[{"taxonomy":"category","embeddable":true,"href":"https:\/\/www.aacmb.fr\/wordpress\/wp-json\/wp\/v2\/categories?post=123"},{"taxonomy":"post_tag","embeddable":true,"href":"https:\/\/www.aacmb.fr\/wordpress\/wp-json\/wp\/v2\/tags?post=123"}],"curies":[{"name":"wp","href":"https:\/\/api.w.org\/{rel}","templated":true}]}}